{"id":120636,"date":"2025-11-17T07:28:53","date_gmt":"2025-11-17T06:28:53","guid":{"rendered":"https:\/\/smania.store\/sk\/produkt\/buggyspin-3-v-1-rotujuca-hracka-v-tvare-lienky\/"},"modified":"2026-03-25T13:51:12","modified_gmt":"2026-03-25T12:51:12","slug":"buggyspin-3-v-1-rotujuca-hracka-v-tvare-lienky","status":"publish","type":"product","link":"https:\/\/smania.store\/sk\/produkt\/buggyspin-3-v-1-rotujuca-hracka-v-tvare-lienky\/","title":{"rendered":"BuggySpin\u2122 3 v 1 rotuj\u00faca hra\u010dka v tvare lienky"},"content":{"rendered":"<div class=\"smania_landing_description_title\">NOVINKA: Z\u00e1bavn\u00e1 s\u00faprava &#8222;v\u0161etko v jednom<\/div>\n<div class=\"smania_landing_description_txt\">Rozto\u010d sa, spustite sa, smejte sa &#8211; nekone\u010dn\u00e1 z\u00e1bava v jednej hra\u010dke <\/div>\n<div class=\"smania_landing_description_subtitle\">BuggySpin\u2122 &#8211; hra\u010dka 3 v 1, ktor\u00e1 nanovo definuje z\u00e1bavu! T\u00e1to v\u0161estrann\u00e1 s\u00faprava s\u013eubuje rados\u0165 a smiech pre deti aj dospel\u00fdch &#8211; od vystre\u013eovania rakiet a h\u00e1dzania kr\u00fa\u017ekov a\u017e po sk\u00e1kacie v\u00fdzvy. \u013dahko sa zostavuje bez potreby n\u00e1radia a je ur\u010den\u00e1 na spont\u00e1nnu hru v interi\u00e9ri aj exteri\u00e9ri.<\/div>\n<div class=\"smania_landing_description_list\">\n<ul>\n<li>Okam\u017eite sa premen\u00ed na 3 hry<\/li>\n<li>Interakt\u00edvna a p\u00fatav\u00e1 hra<\/li>\n<li>Zlep\u0161uje motorick\u00e9 zru\u010dnosti prostredn\u00edctvom z\u00e1bavy<\/li>\n<li>Perfektn\u00fd dar\u010dek na ak\u00fako\u013evek pr\u00edle\u017eitos\u0165<\/li>\n<li>M\u00e4kk\u00e9 penov\u00e9 rakety, bezpe\u010dn\u00e9 pre deti<\/li>\n<\/ul><\/div>\n","protected":false},"excerpt":{"rendered":"<p>Hra 1: Raketomet &#8211; rakety vystrelia a\u017e do v\u00fd\u0161ky 60 metrov, nie s\u00fa potrebn\u00e9 bat\u00e9rie|Hra 2: H\u00e1dzanie kr\u00fa\u017ekov &#8211; dod\u00e1va sa s 12 farebn\u00fdmi kr\u00fa\u017ekami|Hra 3: Sk\u00e1kacia hra &#8211; to\u010diaca sa ty\u010d s hudbou a nastavite\u013enou r\u00fdchlos\u0165ou|Uplatnite\u013en\u00e1 vekov\u00e1 skupina: 3 roky a viac|Hmotnos\u0165: 1,10 kg|Vy\u017eaduje 3 \u00d7 bat\u00e9rie AA (nie s\u00fa s\u00fa\u010das\u0165ou balenia)<\/p>\n","protected":false},"featured_media":120632,"template":"","meta":[],"product_cat":[17],"product_tag":[1635,1513],"acf":[],"_links":{"self":[{"href":"https:\/\/smania.store\/sk\/wp-json\/wp\/v2\/product\/120636"}],"collection":[{"href":"https:\/\/smania.store\/sk\/wp-json\/wp\/v2\/product"}],"about":[{"href":"https:\/\/smania.store\/sk\/wp-json\/wp\/v2\/types\/product"}],"wp:featuredmedia":[{"embeddable":true,"href":"https:\/\/smania.store\/sk\/wp-json\/wp\/v2\/media\/120632"}],"wp:attachment":[{"href":"https:\/\/smania.store\/sk\/wp-json\/wp\/v2\/media?parent=120636"}],"wp:term":[{"taxonomy":"product_cat","embeddable":true,"href":"https:\/\/smania.store\/sk\/wp-json\/wp\/v2\/product_cat?post=120636"},{"taxonomy":"product_tag","embeddable":true,"href":"https:\/\/smania.store\/sk\/wp-json\/wp\/v2\/product_tag?post=120636"}],"curies":[{"name":"wp","href":"https:\/\/api.w.org\/{rel}","templated":true}]}}