{"id":120631,"date":"2025-11-17T07:27:20","date_gmt":"2025-11-17T06:27:20","guid":{"rendered":"https:\/\/smania.store\/sk\/produkt\/minetorch-7-farebna-led-nabijatelna-nastenna-lampa\/"},"modified":"2025-12-18T19:56:17","modified_gmt":"2025-12-18T18:56:17","slug":"minetorch-7-farebna-led-nabijatelna-nastenna-lampa","status":"publish","type":"product","link":"https:\/\/smania.store\/sk\/produkt\/minetorch-7-farebna-led-nabijatelna-nastenna-lampa\/","title":{"rendered":"MineTorch\u2122 7-farebn\u00e1 LED nab\u00edjate\u013en\u00e1 n\u00e1stenn\u00e1 lampa"},"content":{"rendered":"<div class=\"smania_landing_description_title\">NOV\u00c9 \u2013 7 farieb, svetlo a nab\u00edjate\u013en\u00e9<\/div>\n<div class=\"smania_landing_description_txt\">Preme\u0148te svoj priestor na hern\u00fd sen<\/div>\n<div class=\"smania_landing_description_subtitle\">Predstavujeme MineTorch, v\u0161estrann\u00e9, dob\u00edjacie svetlo s elegantn\u00fdm a prenosn\u00fdm dizajnom. Ide\u00e1lne na vytvorenie atmosf\u00e9ry v ka\u017edej miestnosti, dok\u00e1\u017ee meni\u0165 farby pod\u013ea pr\u00edle\u017eitosti a je skvel\u00e9 na dom\u00e1ce pou\u017eitie, cestovanie alebo ako dar\u010dek.<\/div>\n<div class=\"smania_landing_description_list\">\n<ul>\n<li>7 \u017eiariv\u00fdch farieb, ktor\u00e9 sa hodia k va\u0161ej n\u00e1lade <\/li>\n<li>M\u00f4\u017eete pou\u017e\u00edva\u0165 ako prenosn\u00e9, na stenu alebo stojace <\/li>\n<li>U\u017eite si a\u017e 8 hod\u00edn svetla na jedno nabitie <\/li>\n<li>Pln\u00e9 nabitie trv\u00e1 3,5 hodiny <\/li>\n<li>Ide\u00e1lny dar\u010dek pre fan\u00fa\u0161ikov hier<\/li>\n<\/ul><\/div>\n","protected":false},"excerpt":{"rendered":"<p>\u017div\u00e9 re\u017eimy zmeny farieb |Upokojuj\u00face, nen\u00e1padn\u00e9 ambientn\u00e9 svetlo |Odoln\u00fd plast vysokej kvality |Dizajn priate\u013esk\u00fd k de\u0165om|Rozmery produktu: 28 cm x 5,5 cm |Nab\u00edjanie: USB-C k\u00e1bel (s\u00fa\u010das\u0165ou balenia) |Farby na prep\u00ednanie: \u010derven\u00e1, zelen\u00e1, modr\u00e1, \u017elt\u00e1, fialov\u00e1, svetlomodr\u00e1, ru\u017eov\u00e1 |Vybaven\u00e9 otvorom pre jednoduch\u00e9 montovanie na stenu<\/p>\n","protected":false},"featured_media":120619,"template":"","meta":[],"product_cat":[16,17],"product_tag":[1481,1513,1488],"acf":[],"_links":{"self":[{"href":"https:\/\/smania.store\/sk\/wp-json\/wp\/v2\/product\/120631"}],"collection":[{"href":"https:\/\/smania.store\/sk\/wp-json\/wp\/v2\/product"}],"about":[{"href":"https:\/\/smania.store\/sk\/wp-json\/wp\/v2\/types\/product"}],"wp:featuredmedia":[{"embeddable":true,"href":"https:\/\/smania.store\/sk\/wp-json\/wp\/v2\/media\/120619"}],"wp:attachment":[{"href":"https:\/\/smania.store\/sk\/wp-json\/wp\/v2\/media?parent=120631"}],"wp:term":[{"taxonomy":"product_cat","embeddable":true,"href":"https:\/\/smania.store\/sk\/wp-json\/wp\/v2\/product_cat?post=120631"},{"taxonomy":"product_tag","embeddable":true,"href":"https:\/\/smania.store\/sk\/wp-json\/wp\/v2\/product_tag?post=120631"}],"curies":[{"name":"wp","href":"https:\/\/api.w.org\/{rel}","templated":true}]}}