{"id":120477,"date":"2025-11-06T14:04:48","date_gmt":"2025-11-06T13:04:48","guid":{"rendered":"https:\/\/smania.store\/sk\/produkt\/montekiddo-dreveny-stolik-so-stolickou-pre-batolata\/"},"modified":"2026-04-14T16:00:29","modified_gmt":"2026-04-14T14:00:29","slug":"montekiddo-dreveny-stolik-so-stolickou-pre-batolata","status":"publish","type":"product","link":"https:\/\/smania.store\/sk\/produkt\/montekiddo-dreveny-stolik-so-stolickou-pre-batolata\/","title":{"rendered":"MonteKiddo\u2122 dreven\u00fd stol\u00edk so stoli\u010dkou pre bato\u013eat\u00e1"},"content":{"rendered":"<div class=\"smania_landing_description_title\">NOVINKA! Detsk\u00fd n\u00e1bytok 3 v 1<\/div>\n<div class=\"smania_landing_description_txt\">Vytvoren\u00e9 pre mal\u00e9 ruky, ve\u013ek\u00e9 sny!<\/div>\n<div class=\"smania_landing_description_subtitle\"> Poskytnite svojmu die\u0165a\u0165u dokonal\u00e9 miesto na sedenie, hranie, kreslenie a rast. Dreven\u00e1 stolov\u00e1 s\u00faprava MonteKiddo\u2122 je vytvoren\u00e1 pre zvedav\u00e9 bato\u013eat\u00e1 a navrhnut\u00e1 tak, aby sa vyv\u00edjala s ka\u017edou etapou &#8211; od prv\u00fdch kr\u00f4\u010dikov a\u017e po sebavedom\u00fa tvorivos\u0165. Obsahuje mal\u00e9 odkladacie priehradky &#8211; ide\u00e1lne na ceruzky, pastelky a in\u00e9 mal\u00e9 poklady.<\/div>\n<div class=\"smania_landing_description_list\">\n<ul>\n<li>Transformuje sa na stoli\u010dku, st\u00f4l, stupienok a \u010fal\u0161ie<\/li>\n<li>Podporuje nez\u00e1vislos\u0165 a u\u010denie<\/li>\n<li>Dod\u00e1va sa s mini z\u00e1sobn\u00edkmi na pastelky, ceruzky a drobn\u00e9 predmety<\/li>\n<li>Rastie spolu s va\u0161\u00edm die\u0165a\u0165om (9 mesiacov \u2013 6 rokov)<\/li>\n<li>Bezpe\u010dn\u00e9, odoln\u00e9 a in\u0161pirovan\u00e9 Montessori<\/li>\n<li>Jednoduch\u00e1 mont\u00e1\u017e, nie je potrebn\u00e9 \u017eiadne n\u00e1radie<\/li>\n<\/ul><\/div>\n","protected":false},"excerpt":{"rendered":"<p>Jednoduch\u00e9 ot\u00e1\u010danie a prekl\u00e1panie|Ide\u00e1lne pre mal\u00e9 priestory|Dod\u00e1va \u0161t\u00fdl detskej izbe|Podporuje samostatn\u00fa hru|Tabu\u013eka: 36 \u00d7 33 \u00d7 38 cm|Stoli\u010dka: 30 \u00d7 28 \u00d7 31 cm|Materi\u00e1l: 100 % pr\u00edrodn\u00fd kau\u010duk|Odpor\u00fa\u010dan\u00fd vek: 9 mesiacov &#8211; 6 rokov<\/p>\n","protected":false},"featured_media":120467,"template":"","meta":[],"product_cat":[17],"product_tag":[1635],"acf":[],"_links":{"self":[{"href":"https:\/\/smania.store\/sk\/wp-json\/wp\/v2\/product\/120477"}],"collection":[{"href":"https:\/\/smania.store\/sk\/wp-json\/wp\/v2\/product"}],"about":[{"href":"https:\/\/smania.store\/sk\/wp-json\/wp\/v2\/types\/product"}],"wp:featuredmedia":[{"embeddable":true,"href":"https:\/\/smania.store\/sk\/wp-json\/wp\/v2\/media\/120467"}],"wp:attachment":[{"href":"https:\/\/smania.store\/sk\/wp-json\/wp\/v2\/media?parent=120477"}],"wp:term":[{"taxonomy":"product_cat","embeddable":true,"href":"https:\/\/smania.store\/sk\/wp-json\/wp\/v2\/product_cat?post=120477"},{"taxonomy":"product_tag","embeddable":true,"href":"https:\/\/smania.store\/sk\/wp-json\/wp\/v2\/product_tag?post=120477"}],"curies":[{"name":"wp","href":"https:\/\/api.w.org\/{rel}","templated":true}]}}