{"id":120380,"date":"2025-11-04T08:51:19","date_gmt":"2025-11-04T07:51:19","guid":{"rendered":"https:\/\/smania.store\/sk\/produkt\/taprack-nastenny-drziak-na-kohutik-s-prisavkou\/"},"modified":"2026-04-16T17:47:38","modified_gmt":"2026-04-16T15:47:38","slug":"taprack-nastenny-drziak-na-kohutik-s-prisavkou","status":"publish","type":"product","link":"https:\/\/smania.store\/sk\/produkt\/taprack-nastenny-drziak-na-kohutik-s-prisavkou\/","title":{"rendered":"TapRack\u2122 n\u00e1stenn\u00fd dr\u017eiak na koh\u00fatik s pr\u00edsavkou"},"content":{"rendered":"<div class=\"smania_landing_description_title\">NOVINKA: Prid\u00e1va priestor, nie je potrebn\u00e9 v\u0155ta\u0165<\/div>\n<div class=\"smania_landing_description_txt\">Z\u00edskajte priestor za bat\u00e9riou a dodajte jej n\u00e1dych luxusu &#8211; bez v\u0155tania!<\/div>\n<div class=\"smania_landing_description_subtitle\">Nain\u0161talujte ho na stenu pomocou v\u00fdkonn\u00fdch pr\u00edsaviek a u\u017e\u00edvajte si bez n\u00e1mahy priestor navy\u0161e v kombin\u00e1cii s luxusom!<\/div>\n<div class=\"smania_landing_description_list\">\n<ul>\n<li>Maximalizujte priestor pri um\u00fdvadle<\/li>\n<li>Kompatibiln\u00fd so v\u0161etk\u00fdmi bat\u00e9riami<\/li>\n<li>Bezpe\u010dn\u00e1 in\u0161tal\u00e1cia pomocou pr\u00edsavky<\/li>\n<li>Mo\u017enos\u0165 plynul\u00e9ho odpojenia a pripevnenia<\/li>\n<li>Vodotesn\u00e1 kon\u0161trukcia s odtokov\u00fdm syst\u00e9mom<\/li>\n<\/ul><\/div>\n","protected":false},"excerpt":{"rendered":"<p>Siln\u00e9 pr\u00edsavky pevne dr\u017eia|Nastavenie bez v\u0155tania a neporiadku|Dod\u00e1va n\u00e1dych luxusu|Odn\u00edmate\u013en\u00fd a um\u00fdvate\u013en\u00fd podnos|Ide\u00e1lny pre mal\u00e9 k\u00fape\u013ene|Farba: orechov\u00e1 a \u010dierna|Materi\u00e1ly: hlin\u00edkov\u00e1 zliatina, silik\u00f3n|Rozmery poli\u010dky: 40 x 12 x 4 cm|Hmotnostn\u00e9 za\u0165a\u017eenie: 3 kg|Pou\u017eitie: v\u0161etky hladk\u00e9, rovn\u00e9 povrchy<\/p>\n","protected":false},"featured_media":120367,"template":"","meta":[],"product_cat":[16],"product_tag":[1481,2515],"acf":[],"_links":{"self":[{"href":"https:\/\/smania.store\/sk\/wp-json\/wp\/v2\/product\/120380"}],"collection":[{"href":"https:\/\/smania.store\/sk\/wp-json\/wp\/v2\/product"}],"about":[{"href":"https:\/\/smania.store\/sk\/wp-json\/wp\/v2\/types\/product"}],"wp:featuredmedia":[{"embeddable":true,"href":"https:\/\/smania.store\/sk\/wp-json\/wp\/v2\/media\/120367"}],"wp:attachment":[{"href":"https:\/\/smania.store\/sk\/wp-json\/wp\/v2\/media?parent=120380"}],"wp:term":[{"taxonomy":"product_cat","embeddable":true,"href":"https:\/\/smania.store\/sk\/wp-json\/wp\/v2\/product_cat?post=120380"},{"taxonomy":"product_tag","embeddable":true,"href":"https:\/\/smania.store\/sk\/wp-json\/wp\/v2\/product_tag?post=120380"}],"curies":[{"name":"wp","href":"https:\/\/api.w.org\/{rel}","templated":true}]}}