{"id":120311,"date":"2025-10-28T12:12:49","date_gmt":"2025-10-28T11:12:49","guid":{"rendered":"https:\/\/smania.store\/sk\/produkt\/dreammill-stolova-led-fontana-s-vodnym-mlynom\/"},"modified":"2026-04-12T17:17:23","modified_gmt":"2026-04-12T15:17:23","slug":"dreammill-stolova-led-fontana-s-vodnym-mlynom","status":"publish","type":"product","link":"https:\/\/smania.store\/sk\/produkt\/dreammill-stolova-led-fontana-s-vodnym-mlynom\/","title":{"rendered":"DreamMill\u2122 stolov\u00e1 LED font\u00e1na s vodn\u00fdm mlynom"},"content":{"rendered":"<div class=\"smania_landing_description_title\">NOVINKA: Prinesie pr\u00edrodu do v\u00e1\u0161ho priestoru<\/div>\n<div class=\"smania_landing_description_txt\">Preme\u0148te svoj priestor pomocou funkcie Tranquility<\/div>\n<div class=\"smania_landing_description_subtitle\"> Vylep\u0161ite svoj domov alebo kancel\u00e1riu upokojuj\u00facimi zvukmi kask\u00e1dovej vody a jemn\u00fdm svetlom no\u010dn\u00e9ho svetla, ktor\u00e9 s\u00fa navrhnut\u00e9 tak, aby rozplynuli stres a vytvorili pokojn\u00e9 \u00fato\u010disko. Kompaktn\u00fd dizajn je ide\u00e1lny pre ak\u00fdko\u013evek priestor a zaru\u010duje, \u017ee pokoj je v\u017edy na dosah. <\/div>\n<div class=\"smania_landing_description_list\">\n<ul>\n<li>Pr\u00edrodn\u00e1 relax\u00e1cia doma<\/li>\n<li>\u00da\u013eava od stresu prostredn\u00edctvom jemn\u00fdch pr\u00fadov<\/li>\n<li>Elegantne zv\u00fdraz\u0148uje dekor<\/li>\n<li>Odstra\u0148uje ka\u017edodenn\u00e9 nap\u00e4tie<\/li>\n<li>Vytv\u00e1ra upokojuj\u00facu atmosf\u00e9ru bez stresu<\/li>\n<li>Ide\u00e1lny dar\u010dek pre bl\u00edzkych<\/li>\n<\/ul><\/div>\n","protected":false},"excerpt":{"rendered":"<p>Vyroben\u00e9 z vysokokvalitnej a odolnej \u017eivice|Kompaktn\u00e1 ve\u013ekos\u0165 sa hod\u00ed na ak\u00fdko\u013evek st\u00f4l|M\u00e4kk\u00e9 osvetlenie pre upokojuj\u00facu atmosf\u00e9ru|Rozmery: 28 x 26 x 19 cm|Hmotnos\u0165: 1,30 kg|Materi\u00e1l: vysokokvalitn\u00e1, odoln\u00e1 \u017eivica<\/p>\n","protected":false},"featured_media":120300,"template":"","meta":[],"product_cat":[16],"product_tag":[1481],"acf":[],"_links":{"self":[{"href":"https:\/\/smania.store\/sk\/wp-json\/wp\/v2\/product\/120311"}],"collection":[{"href":"https:\/\/smania.store\/sk\/wp-json\/wp\/v2\/product"}],"about":[{"href":"https:\/\/smania.store\/sk\/wp-json\/wp\/v2\/types\/product"}],"wp:featuredmedia":[{"embeddable":true,"href":"https:\/\/smania.store\/sk\/wp-json\/wp\/v2\/media\/120300"}],"wp:attachment":[{"href":"https:\/\/smania.store\/sk\/wp-json\/wp\/v2\/media?parent=120311"}],"wp:term":[{"taxonomy":"product_cat","embeddable":true,"href":"https:\/\/smania.store\/sk\/wp-json\/wp\/v2\/product_cat?post=120311"},{"taxonomy":"product_tag","embeddable":true,"href":"https:\/\/smania.store\/sk\/wp-json\/wp\/v2\/product_tag?post=120311"}],"curies":[{"name":"wp","href":"https:\/\/api.w.org\/{rel}","templated":true}]}}