{"id":120299,"date":"2025-10-28T12:02:14","date_gmt":"2025-10-28T11:02:14","guid":{"rendered":"https:\/\/smania.store\/sk\/produkt\/foldtub-skladacia-prenosna-izolacna-vana\/"},"modified":"2026-03-30T12:04:00","modified_gmt":"2026-03-30T10:04:00","slug":"foldtub-skladacia-prenosna-izolacna-vana","status":"publish","type":"product","link":"https:\/\/smania.store\/sk\/produkt\/foldtub-skladacia-prenosna-izolacna-vana\/","title":{"rendered":"FoldTub\u2122 skladacia prenosn\u00e1 izola\u010dn\u00e1 va\u0148a"},"content":{"rendered":"<div class=\"smania_landing_description_title\">NOVINKA: Preme\u0148te \u010das k\u00fapania bez n\u00e1mahy<\/div>\n<div class=\"smania_landing_description_txt\">Zlep\u0161ite svoj z\u00e1\u017eitok z k\u00fapania v priebehu nieko\u013ek\u00fdch sek\u00fand!<\/div>\n<div class=\"smania_landing_description_subtitle\">Vylep\u0161ite svoju hru na relax\u00e1ciu s va\u0148ou FoldTub\u2122! \u017diadna mont\u00e1\u017e utopen\u00e1 v zlo\u017eit\u00fdch n\u00e1vodoch &#8211; rozlo\u017ete ju za p\u00e1r sek\u00fand a ponorte sa do sveta pohodlia.<\/div>\n<div class=\"smania_landing_description_list\">\n<ul>\n<li>Bezprobl\u00e9mov\u00e1 in\u0161tal\u00e1cia za menej ako 5 sek\u00fand<\/li>\n<li>Priestorovo \u00fasporn\u00fd skladac\u00ed dizajn<\/li>\n<li>Udr\u017e\u00ed teplotu a\u017e 2 hodiny<\/li>\n<li>Pr\u00e9miov\u00e9 materi\u00e1ly zaru\u010duj\u00fa dlhodob\u00fa \u017eivotnos\u0165<\/li>\n<li>\u0160etrn\u00fd k \u017eivotn\u00e9mu prostrediu v\u010faka perle\u0165ovej bavlne, ktor\u00e1 udr\u017eiava teplo<\/li>\n<li>V\u0161estrann\u00e9 vyu\u017eitie: nam\u00e1\u010danie, \u013eadov\u00fd k\u00fape\u013e, detsk\u00fd baz\u00e9n<\/li>\n<\/ul><\/div>\n","protected":false},"excerpt":{"rendered":"<p>R\u00fdchle a jednoduch\u00e9 nastavenie|\u00da\u010dinn\u00fd dvojit\u00fd odvod\u0148ovac\u00ed syst\u00e9m|Udr\u017e\u00ed teplotu a\u017e 2 hodiny|Ide\u00e1lne na relax\u00e1ciu a terapiu chladom|Ide\u00e1lne na vn\u00fatorn\u00e9 aj vonkaj\u0161ie pou\u017eitie|Farba: Hviezdne modr\u00e1|Materi\u00e1l: Perle\u0165ov\u00e1 bavlna + PVC|Rozmery: 70 x 65 cm|Hmotnos\u0165: 3,1 kg|Sp\u00f4sob in\u0161tal\u00e1cie: vo\u013ene stojaca<\/p>\n","protected":false},"featured_media":120286,"template":"","meta":[],"product_cat":[16,21],"product_tag":[1484,1482],"acf":[],"_links":{"self":[{"href":"https:\/\/smania.store\/sk\/wp-json\/wp\/v2\/product\/120299"}],"collection":[{"href":"https:\/\/smania.store\/sk\/wp-json\/wp\/v2\/product"}],"about":[{"href":"https:\/\/smania.store\/sk\/wp-json\/wp\/v2\/types\/product"}],"wp:featuredmedia":[{"embeddable":true,"href":"https:\/\/smania.store\/sk\/wp-json\/wp\/v2\/media\/120286"}],"wp:attachment":[{"href":"https:\/\/smania.store\/sk\/wp-json\/wp\/v2\/media?parent=120299"}],"wp:term":[{"taxonomy":"product_cat","embeddable":true,"href":"https:\/\/smania.store\/sk\/wp-json\/wp\/v2\/product_cat?post=120299"},{"taxonomy":"product_tag","embeddable":true,"href":"https:\/\/smania.store\/sk\/wp-json\/wp\/v2\/product_tag?post=120299"}],"curies":[{"name":"wp","href":"https:\/\/api.w.org\/{rel}","templated":true}]}}