{"id":120243,"date":"2025-10-27T10:21:23","date_gmt":"2025-10-27T09:21:23","guid":{"rendered":"https:\/\/smania.store\/sk\/produkt\/bloomnest-4-poschodovy-pojazdny-stojan-na-rastliny\/"},"modified":"2026-04-09T08:04:28","modified_gmt":"2026-04-09T06:04:28","slug":"bloomnest-4-poschodovy-pojazdny-stojan-na-rastliny","status":"publish","type":"product","link":"https:\/\/smania.store\/sk\/produkt\/bloomnest-4-poschodovy-pojazdny-stojan-na-rastliny\/","title":{"rendered":"BloomNest\u2122 4-poschodov\u00fd pojazdn\u00fd stojan na rastliny"},"content":{"rendered":"<div class=\"smania_landing_description_title\">NOVINKA: Dokonal\u00e1 dom\u00e1ca atmosf\u00e9ra<\/div>\n<div class=\"smania_landing_description_txt\">Zakorenen\u00e9 v \u0161t\u00fdle. Postaven\u00e9 na pohyb<\/div>\n<div class=\"smania_landing_description_subtitle\">Poskytnite svojim rastlin\u00e1m priestor, ktor\u00fd si zasl\u00fa\u017eia, s t\u00fdmto modern\u00fdm \u0161tvorposchodov\u00fdm kovov\u00fdm stojanom na rastliny. Je ur\u010den\u00fd na pou\u017eitie v interi\u00e9ri aj exteri\u00e9ri, m\u00e1 zosilnen\u00e9 podporn\u00e9 st\u013apiky, kolieska s hladk\u00fdm chodom a dreven\u00e9 police pre dotyk prirodzenej elegancie. \u0160etr\u00ed miesto a je \u0161t\u00fdlov\u00fd, bez n\u00e1mahy premen\u00ed ka\u017ed\u00fd k\u00fat na zelen\u00e9 \u00fato\u010disko.<\/div>\n<div class=\"smania_landing_description_list\">\n<ul>\n<li>Priestorovo \u00fasporn\u00fd dizajn &#8211; Kompaktn\u00fd p\u00f4dorys so 4 vertik\u00e1lnymi \u00farov\u0148ami na maxim\u00e1lne vystavenie rastl\u00edn<\/li>\n<li>Odoln\u00e1 kon\u0161trukcia &#8211; Vystu\u017een\u00fd kovov\u00fd r\u00e1m a dreven\u00e9 panely zabezpe\u010duj\u00fa dlhodob\u00fa stabilitu<\/li>\n<li>Jednoduch\u00e1 mobilita &#8211; V\u010faka zabudovan\u00fdm kolieskam ho mo\u017eno bez n\u00e1mahy premiest\u0148ova\u0165 medzi miestnos\u0165ami alebo vonkaj\u0161\u00edmi priestormi<\/li>\n<li>Pou\u017eitie v interi\u00e9ri aj exteri\u00e9ri &#8211; Povrchov\u00e1 \u00faprava odoln\u00e1 vo\u010di poveternostn\u00fdm vplyvom na v\u0161estrann\u00e9 umiestnenie kdeko\u013evek<\/li>\n<li>\u0160t\u00fdlov\u00fd dom\u00e1ci dekor &#8211; Modern\u00e1 estetika, ktor\u00e1 dopln\u00ed ka\u017ed\u00fa miestnos\u0165 alebo balk\u00f3n<\/li>\n<\/ul><\/div>\n","protected":false},"excerpt":{"rendered":"<p>Kompaktn\u00fd a priestorovo \u00fasporn\u00fd|Robustn\u00e1 kon\u0161trukcia z kovu a dreva|\u013dahko sa kot\u00fa\u013ea pomocou koliesok|Ide\u00e1lny na pou\u017eitie v interi\u00e9ri aj exteri\u00e9ri|Farba: Biele police s matn\u00fdm \u010diernym kovov\u00fdm r\u00e1mom|Materi\u00e1l: Oce\u013e s pr\u00e1\u0161kovou povrchovou \u00fapravou a umel\u00e9 drevo|Rozmery: 86 \u00d7 33 \u00d7 22 cm|Mobilita: 4 oto\u010dn\u00e9 kolieska (2 s aret\u00e1ciou) na \u013eahk\u00fd pohyb<\/p>\n","protected":false},"featured_media":120232,"template":"","meta":[],"product_cat":[16],"product_tag":[1481],"acf":[],"_links":{"self":[{"href":"https:\/\/smania.store\/sk\/wp-json\/wp\/v2\/product\/120243"}],"collection":[{"href":"https:\/\/smania.store\/sk\/wp-json\/wp\/v2\/product"}],"about":[{"href":"https:\/\/smania.store\/sk\/wp-json\/wp\/v2\/types\/product"}],"wp:featuredmedia":[{"embeddable":true,"href":"https:\/\/smania.store\/sk\/wp-json\/wp\/v2\/media\/120232"}],"wp:attachment":[{"href":"https:\/\/smania.store\/sk\/wp-json\/wp\/v2\/media?parent=120243"}],"wp:term":[{"taxonomy":"product_cat","embeddable":true,"href":"https:\/\/smania.store\/sk\/wp-json\/wp\/v2\/product_cat?post=120243"},{"taxonomy":"product_tag","embeddable":true,"href":"https:\/\/smania.store\/sk\/wp-json\/wp\/v2\/product_tag?post=120243"}],"curies":[{"name":"wp","href":"https:\/\/api.w.org\/{rel}","templated":true}]}}