{"id":119883,"date":"2025-10-13T04:33:24","date_gmt":"2025-10-13T02:33:24","guid":{"rendered":"https:\/\/smania.store\/sk\/produkt\/steplad-nastavitelna-schodikova-plosina\/"},"modified":"2026-04-13T21:19:13","modified_gmt":"2026-04-13T19:19:13","slug":"steplad-nastavitelna-schodikova-plosina","status":"publish","type":"product","link":"https:\/\/smania.store\/sk\/produkt\/steplad-nastavitelna-schodikova-plosina\/","title":{"rendered":"StepLad\u2122 Nastavite\u013en\u00e1 schod\u00edkov\u00e1 plo\u0161ina"},"content":{"rendered":"<div class=\"smania_landing_description_title\">NOVINKA, Zv\u00fd\u0161te svoju bezpe\u010dnos\u0165<\/div>\n<div class=\"smania_landing_description_txt\">V\u00e1\u0161 bezpe\u010dn\u00fd a spo\u013eahliv\u00fd krok pre ka\u017ed\u00fa pr\u00e1cu!<\/div>\n<div class=\"smania_landing_description_subtitle\">Zozn\u00e1mte sa so zariaden\u00edm StepLad\u2122, va\u0161\u00edm dokonal\u00fdm spolo\u010dn\u00edkom na rebr\u00edku, ktor\u00fd je navrhnut\u00fd tak, aby zmenil va\u0161e pracovn\u00e9 sk\u00fasenosti. C\u00ed\u0165te sa bezpe\u010dne v\u010faka jeho robustnej nosnosti 170 kg a priestrann\u00e9mu povrchu. Bezpe\u010dne stojte, udr\u017eujte rovnov\u00e1hu a zdol\u00e1vajte svoje \u00falohy r\u00fdchlej\u0161ie a efekt\u00edvnej\u0161ie ako kedyko\u013evek predt\u00fdm!<\/div>\n<div class=\"smania_landing_description_list\">\n<ul>\n<li>Robustn\u00e1 stabilita udr\u017e\u00ed a\u017e 170 kg<\/li>\n<li>Bezprobl\u00e9mov\u00fd pr\u00edstup k n\u00e1strojom a materi\u00e1lom<\/li>\n<li>Prenosn\u00e1 a \u013eahk\u00e1 kon\u0161trukcia<\/li>\n<li>Dokon\u010dite \u00falohy dvakr\u00e1t r\u00fdchlej\u0161ie<\/li>\n<li>Ide\u00e1lne na ma\u013eovanie, \u00fadr\u017ebu a \u010fal\u0161ie pr\u00e1ce<\/li>\n<\/ul><\/div>\n","protected":false},"excerpt":{"rendered":"<p>Zv\u00fd\u0161en\u00e1 bezpe\u010dnos\u0165 vo v\u0161etk\u00fdch v\u00fd\u0161kach|Ide\u00e1lne pre dom\u00e1cich majstrov|Podporuje n\u00e1ro\u010dn\u00e9 \u00falohy|\u013dahko sa pripev\u0148uje a odober\u00e1|Hod\u00ed sa na ak\u00fdko\u013evek rebr\u00edk|Materi\u00e1l: \u017delezo|Maxim\u00e1lna nosnos\u0165: 170 kg|Hmotnos\u0165 polo\u017eky: 2 kg|Rozmery: 48 x 31 x 13 cm|\u0160peci\u00e1lna vlastnos\u0165: Pr\u00eddavn\u00fd schod\u00edk, skladac\u00ed<\/p>\n","protected":false},"featured_media":119872,"template":"","meta":[],"product_cat":[16,222],"product_tag":[1492],"acf":[],"_links":{"self":[{"href":"https:\/\/smania.store\/sk\/wp-json\/wp\/v2\/product\/119883"}],"collection":[{"href":"https:\/\/smania.store\/sk\/wp-json\/wp\/v2\/product"}],"about":[{"href":"https:\/\/smania.store\/sk\/wp-json\/wp\/v2\/types\/product"}],"wp:featuredmedia":[{"embeddable":true,"href":"https:\/\/smania.store\/sk\/wp-json\/wp\/v2\/media\/119872"}],"wp:attachment":[{"href":"https:\/\/smania.store\/sk\/wp-json\/wp\/v2\/media?parent=119883"}],"wp:term":[{"taxonomy":"product_cat","embeddable":true,"href":"https:\/\/smania.store\/sk\/wp-json\/wp\/v2\/product_cat?post=119883"},{"taxonomy":"product_tag","embeddable":true,"href":"https:\/\/smania.store\/sk\/wp-json\/wp\/v2\/product_tag?post=119883"}],"curies":[{"name":"wp","href":"https:\/\/api.w.org\/{rel}","templated":true}]}}