{"id":119814,"date":"2025-10-10T06:42:19","date_gmt":"2025-10-10T04:42:19","guid":{"rendered":"https:\/\/smania.store\/sk\/produkt\/leak-stopper-vodotesny-tmel-1-kg\/"},"modified":"2026-04-11T00:44:37","modified_gmt":"2026-04-10T22:44:37","slug":"leak-stopper-vodotesny-tmel-1-kg","status":"publish","type":"product","link":"https:\/\/smania.store\/sk\/produkt\/leak-stopper-vodotesny-tmel-1-kg\/","title":{"rendered":"LEAK STOPPER vodotesn\u00fd tmel (1 kg)"},"content":{"rendered":"<div class=\"smania_landing_description_title\">NOVINKA! Dokonal\u00e1 vodotesn\u00e1 ochrana pre v\u0161etky povrchy<\/div>\n<div class=\"smania_landing_description_txt\">Bez n\u00e1mahy utesnite a opravte ak\u00fdko\u013evek povrch<\/div>\n<div class=\"smania_landing_description_subtitle\">Tento inovat\u00edvny prieh\u013eadn\u00fd tmel poskytuje dlhotrvaj\u00facu vodotesn\u00fa ochranu proti netesnostiam, vlhkosti a hrdzi. V\u010faka pokrokov\u00e9mu vysoko visk\u00f3znemu zlo\u017eeniu so silnou pri\u013enavos\u0165ou zabezpe\u010duje nevidite\u013en\u00fa, pru\u017en\u00fa a odoln\u00fa povrchov\u00fa \u00fapravu &#8211; ide\u00e1lnu na pou\u017eitie v interi\u00e9ri aj exteri\u00e9ri.<\/div>\n<div class=\"smania_landing_description_list\">\n<ul>\n<li>Poskytuje dlhotrvaj\u00facu ochranu proti vlhkosti<\/li>\n<li>R\u00fdchloschn\u00face a pru\u017en\u00e9 zlo\u017eenie<\/li>\n<li>Ide\u00e1lny na kov, bet\u00f3n, dla\u017edice, plast, drevo a \u010fal\u0161ie materi\u00e1ly<\/li>\n<li>Odoln\u00fd vo\u010di UV \u017eiareniu, teplu a chladu &#8211; ide\u00e1lny na pou\u017eitie v interi\u00e9ri aj exteri\u00e9ri<\/li>\n<li>1 kg pokr\u00fdva 10-13 m\u00b2, 2 kg 20-26 m\u00b2, 3 kg 30-39 m\u00b2 (v z\u00e1vislosti od povrchu a hr\u00fabky)<\/li>\n<\/ul><\/div>\n","protected":false},"excerpt":{"rendered":"<p>Pokro\u010dil\u00e9 vodotesn\u00e9 zlo\u017eenie pre \u00fapln\u00e9 utesnenie|Nevidite\u013en\u00e1 povrchov\u00e1 \u00faprava pre \u010dist\u00fd, estetick\u00fd vzh\u013ead|R\u00fdchloschn\u00faci a pru\u017en\u00fd pre jednoduch\u00fa aplik\u00e1ciu|Ide\u00e1lny na strechy, k\u00fape\u013ene, balk\u00f3ny a terasy|Vhodn\u00fd na pou\u017eitie v interi\u00e9ri aj exteri\u00e9ri|Vhodn\u00e9 pre: Bet\u00f3n, kov, keramick\u00e9 dla\u017edice, mramor, drevo, plast|Zlo\u017eenie: Modifikovan\u00e1 kyselina akrylov\u00e1|Podmienky skladovania: Skladujte na chladnom a suchom mieste|Pokrytie: 1 kg pokr\u00fdva 10-13 m\u00b2, 2 kg 20-26 m\u00b2, 3 kg 30-39 m\u00b2 (v z\u00e1vislosti od povrchu a hr\u00fabky)|POZN\u00c1MKA: v\u00fdrobok sa aj po nanesen\u00ed jav\u00ed ako biely, ale po zaschnut\u00ed sa st\u00e1va prieh\u013eadn\u00fdm<\/p>\n","protected":false},"featured_media":119811,"template":"","meta":[],"product_cat":[16,2791],"product_tag":[2805],"acf":[],"_links":{"self":[{"href":"https:\/\/smania.store\/sk\/wp-json\/wp\/v2\/product\/119814"}],"collection":[{"href":"https:\/\/smania.store\/sk\/wp-json\/wp\/v2\/product"}],"about":[{"href":"https:\/\/smania.store\/sk\/wp-json\/wp\/v2\/types\/product"}],"wp:featuredmedia":[{"embeddable":true,"href":"https:\/\/smania.store\/sk\/wp-json\/wp\/v2\/media\/119811"}],"wp:attachment":[{"href":"https:\/\/smania.store\/sk\/wp-json\/wp\/v2\/media?parent=119814"}],"wp:term":[{"taxonomy":"product_cat","embeddable":true,"href":"https:\/\/smania.store\/sk\/wp-json\/wp\/v2\/product_cat?post=119814"},{"taxonomy":"product_tag","embeddable":true,"href":"https:\/\/smania.store\/sk\/wp-json\/wp\/v2\/product_tag?post=119814"}],"curies":[{"name":"wp","href":"https:\/\/api.w.org\/{rel}","templated":true}]}}