{"id":119797,"date":"2025-10-09T13:28:57","date_gmt":"2025-10-09T11:28:57","guid":{"rendered":"https:\/\/smania.store\/sk\/produkt\/lovescent-feromonovy-parfum\/"},"modified":"2025-10-20T19:14:58","modified_gmt":"2025-10-20T17:14:58","slug":"lovescent-feromonovy-parfum","status":"publish","type":"product","link":"https:\/\/smania.store\/sk\/produkt\/lovescent-feromonovy-parfum\/","title":{"rendered":"LoveScent \u2013 Ferom\u00f3nov\u00fd parfum"},"content":{"rendered":"<div class=\"smania_landing_description_title\">NOVINKA: Okam\u017eite zvy\u0161uje v\u00e1\u0161 magnetizmus<\/div>\n<div class=\"smania_landing_description_txt\">Zaujmite bez n\u00e1mahy len jedn\u00fdm \u0161printom<\/div>\n<div class=\"smania_landing_description_subtitle\">Odha\u013ete tajomstvo neodolate\u013en\u00e9ho p\u00f4vabu s na\u0161\u00edm revolu\u010dn\u00fdm parf\u00e9mom LoveScent. T\u00e1to v\u00f4\u0148a poh\u00e1\u0148an\u00e1 ferom\u00f3nmi, \u0161peci\u00e1lne navrhnut\u00e1 na posilnenie va\u0161ej prirodzenej charizmy, z v\u00e1s urob\u00ed stredobod obdivu a t\u00fa\u017eby v\u0161ade, kam pr\u00eddete. Ste pripraven\u00ed prekro\u010di\u0165 hranice v\u0161ednosti a zanecha\u0165 trval\u00fd dojem? Prijmite magnetick\u00fa pr\u00ed\u0165a\u017elivos\u0165 v\u00f4ne LoveScent e\u0161te dnes!<\/div>\n<div class=\"smania_landing_description_list\">\n<ul>\n<li>Bez n\u00e1mahy zvy\u0161uje va\u0161u pr\u00ed\u0165a\u017elivos\u0165<\/li>\n<li>Okam\u017eite zvy\u0161uje sebavedomie<\/li>\n<li>Obohaten\u00fd ferom\u00f3nmi pre trval\u00fd \u00fa\u010dinok<\/li>\n<li>Perfektn\u00fd na ak\u00fako\u013evek spolo\u010densk\u00fa pr\u00edle\u017eitos\u0165<\/li>\n<li>Dlhotrvaj\u00face zvodn\u00e9 objatie<\/li>\n<li>Prirodzene vyhladzuje spolo\u010densk\u00e9 interakcie<\/li>\n<\/ul><\/div>\n","protected":false},"excerpt":{"rendered":"<p>Zlep\u0161ite svoju zoznamovaciu hru|C\u00ed\u0165te sa neodolate\u013ene po cel\u00fd de\u0148|Vzbu\u010fte zvedavos\u0165 a z\u00e1ujem|Sebavedomie, ktor\u00e9 v\u00e1m zostane|Podstata surovej mu\u017enosti|Vyniknite v ka\u017edom dave|Uvo\u013enite tajomn\u00fa zmyselnos\u0165|Objem: 150 ml<\/p>\n","protected":false},"featured_media":119785,"template":"","meta":[],"product_cat":[19],"product_tag":[1531,1849],"acf":[],"_links":{"self":[{"href":"https:\/\/smania.store\/sk\/wp-json\/wp\/v2\/product\/119797"}],"collection":[{"href":"https:\/\/smania.store\/sk\/wp-json\/wp\/v2\/product"}],"about":[{"href":"https:\/\/smania.store\/sk\/wp-json\/wp\/v2\/types\/product"}],"wp:featuredmedia":[{"embeddable":true,"href":"https:\/\/smania.store\/sk\/wp-json\/wp\/v2\/media\/119785"}],"wp:attachment":[{"href":"https:\/\/smania.store\/sk\/wp-json\/wp\/v2\/media?parent=119797"}],"wp:term":[{"taxonomy":"product_cat","embeddable":true,"href":"https:\/\/smania.store\/sk\/wp-json\/wp\/v2\/product_cat?post=119797"},{"taxonomy":"product_tag","embeddable":true,"href":"https:\/\/smania.store\/sk\/wp-json\/wp\/v2\/product_tag?post=119797"}],"curies":[{"name":"wp","href":"https:\/\/api.w.org\/{rel}","templated":true}]}}