{"id":119604,"date":"2025-10-01T15:01:29","date_gmt":"2025-10-01T13:01:29","guid":{"rendered":"https:\/\/smania.store\/sk\/produkt\/pattyslumber-upokojujuca-plysova-hracka-pre-babatka\/"},"modified":"2026-05-13T13:11:36","modified_gmt":"2026-05-13T11:11:36","slug":"pattyslumber-upokojujuca-plysova-hracka-pre-babatka","status":"publish","type":"product","link":"https:\/\/smania.store\/sk\/produkt\/pattyslumber-upokojujuca-plysova-hracka-pre-babatka\/","title":{"rendered":"PattySlumber\u2122 upokojuj\u00faca ply\u0161ov\u00e1 hra\u010dka pre b\u00e1b\u00e4tk\u00e1"},"content":{"rendered":"<div class=\"smania_landing_description_title\">NOVINKA: Pokojn\u00fd sp\u00e1nok pre va\u0161e die\u0165a<\/div>\n<div class=\"smania_landing_description_txt\">Upokojuj\u00faci dotyk, ktor\u00fd sa nikdy neunav\u00ed<\/div>\n<div class=\"smania_landing_description_subtitle\"> Tento ply\u0161ov\u00fd medve\u010f s jemn\u00fdm rytmick\u00fdm pohybom upokojuje va\u0161e die\u0165atko ako va\u0161a vlastn\u00e1 ruka &#8211; tak\u017ee si m\u00f4\u017eete obaja pokojne odd\u00fdchnu\u0165<\/div>\n<div class=\"smania_landing_description_list\">\n<ul>\n<li>Napodob\u0148uje jemn\u00fd dotyk rodi\u010da, ktor\u00fd upokojuje a upokojuje<\/li>\n<li>Nastavite\u013en\u00e9 hladkanie s tromi upokojuj\u00facimi \u00farov\u0148ami r\u00fdchlosti<\/li>\n<li>Dia\u013ekov\u00e9 ovl\u00e1danie pre bezprobl\u00e9mov\u00e9 pou\u017e\u00edvanie na dia\u013eku<\/li>\n<li>Pom\u00e1ha zmierni\u0165 separa\u010dn\u00fa \u00fazkos\u0165 po\u010das odpo\u010dinku alebo sp\u00e1nku<\/li>\n<li>M\u00e4kk\u00e9 materi\u00e1ly bezpe\u010dn\u00e9 pre deti na bezstarostn\u00e9 maznanie<\/li>\n<\/ul><\/div>\n","protected":false},"excerpt":{"rendered":"<p>Jemne pohlad\u00ed va\u0161e die\u0165a, aby zaspalo|Zni\u017euje nervozitu a no\u010dn\u00fd pla\u010d|Nastavite\u013en\u00e9 hladkanie s 3 \u00farov\u0148ami r\u00fdchlosti|Nahr\u00e1dza pr\u00edtomnos\u0165 mami\u010dky|Ide\u00e1lne do postie\u013eky, postele alebo ko\u010d\u00edka|Prenosn\u00e9 na rodinn\u00e9 cesty|Balenie obsahuje: bezdr\u00f4tov\u00e9 dia\u013ekov\u00e9 ovl\u00e1danie|Materi\u00e1ly: polyesterov\u00e9 vl\u00e1kna a perle\u0165ov\u00e1 bavlnen\u00e1 v\u00fdpl\u0148|Vari\u00e1cie: B\u00e9\u017eov\u00e1 farba v rozko\u0161nom dizajne medve\u010fa|Rozmery: 68 \u00d7 25 cm<\/p>\n","protected":false},"featured_media":119594,"template":"","meta":[],"product_cat":[17],"product_tag":[1635],"acf":[],"_links":{"self":[{"href":"https:\/\/smania.store\/sk\/wp-json\/wp\/v2\/product\/119604"}],"collection":[{"href":"https:\/\/smania.store\/sk\/wp-json\/wp\/v2\/product"}],"about":[{"href":"https:\/\/smania.store\/sk\/wp-json\/wp\/v2\/types\/product"}],"wp:featuredmedia":[{"embeddable":true,"href":"https:\/\/smania.store\/sk\/wp-json\/wp\/v2\/media\/119594"}],"wp:attachment":[{"href":"https:\/\/smania.store\/sk\/wp-json\/wp\/v2\/media?parent=119604"}],"wp:term":[{"taxonomy":"product_cat","embeddable":true,"href":"https:\/\/smania.store\/sk\/wp-json\/wp\/v2\/product_cat?post=119604"},{"taxonomy":"product_tag","embeddable":true,"href":"https:\/\/smania.store\/sk\/wp-json\/wp\/v2\/product_tag?post=119604"}],"curies":[{"name":"wp","href":"https:\/\/api.w.org\/{rel}","templated":true}]}}