{"id":119399,"date":"2025-09-19T13:52:20","date_gmt":"2025-09-19T11:52:20","guid":{"rendered":"https:\/\/smania.store\/sk\/produkt\/storelux-luxusny-ulozny-regal-do-medzier-medzi-nabytkom-4-urovne\/"},"modified":"2026-04-15T06:24:02","modified_gmt":"2026-04-15T04:24:02","slug":"storelux-luxusny-ulozny-regal-do-medzier-medzi-nabytkom-4-urovne","status":"publish","type":"product","link":"https:\/\/smania.store\/sk\/produkt\/storelux-luxusny-ulozny-regal-do-medzier-medzi-nabytkom-4-urovne\/","title":{"rendered":"StoreLux\u2122 Luxusn\u00fd \u00falo\u017en\u00fd reg\u00e1l do medzier medzi n\u00e1bytkom &#8211; 4 \u00farovne"},"content":{"rendered":"<div class=\"smania_landing_description_title\">NOVINKA: obnovte priestor pre pohovku vo va\u0161ej dom\u00e1cnosti!<\/div>\n<div class=\"smania_landing_description_txt\">Vyrie\u0161te probl\u00e9m s nedostatkom miesta vo va\u0161ej dom\u00e1cnosti!<\/div>\n<div class=\"smania_landing_description_subtitle\">Tento neuverite\u013en\u00fd kus n\u00e1bytku je navrhnut\u00fd tak, aby sa zmestil kamko\u013evek, od k\u00fape\u013ene a\u017e po ob\u00fdvaciu izbu, a zdvojn\u00e1sobil v\u00e1\u0161 dostupn\u00fd priestor!<\/div>\n<div class=\"smania_landing_description_list\">\n<ul>\n<li>Ide\u00e1lne pre \u00fazke priestory<\/li>\n<li>Ve\u013ek\u00e1 kapacita pre v\u00e4\u010d\u0161ie predmety (4 \u00farovne)<\/li>\n<li>Elegantn\u00fd dizajn, ktor\u00fd sa hod\u00ed k ak\u00e9muko\u013evek \u0161t\u00fdlu<\/li>\n<li>Pevn\u00fd, odoln\u00fd a vodotesn\u00fd materi\u00e1l<\/li>\n<li>Ide\u00e1lny na hygienick\u00e9 v\u00fdrobky<\/li>\n<\/ul><\/div>\n","protected":false},"excerpt":{"rendered":"<p>U\u0161etrite \u010das v\u010faka lep\u0161ej organiz\u00e1cii|Praktick\u00fd dr\u017eiak na vreckovky|Optimalizuje vyu\u017eite\u013en\u00e9 plochy|Vhodn\u00fd do k\u00fape\u013ene a ob\u00fdva\u010dky|\u013dahko vyberate\u013en\u00e9 z\u00e1suvky|Robustn\u00e9, odoln\u00e9 a vodotesn\u00e9|Rozmery: 78 x 41 x 18 cm|Nosnos\u0165 do 60 kg|Po\u010det pol\u00edc: 4|Vybaven\u00e9 kolieskami<\/p>\n","protected":false},"featured_media":119389,"template":"","meta":[],"product_cat":[16],"product_tag":[1484],"acf":[],"_links":{"self":[{"href":"https:\/\/smania.store\/sk\/wp-json\/wp\/v2\/product\/119399"}],"collection":[{"href":"https:\/\/smania.store\/sk\/wp-json\/wp\/v2\/product"}],"about":[{"href":"https:\/\/smania.store\/sk\/wp-json\/wp\/v2\/types\/product"}],"wp:featuredmedia":[{"embeddable":true,"href":"https:\/\/smania.store\/sk\/wp-json\/wp\/v2\/media\/119389"}],"wp:attachment":[{"href":"https:\/\/smania.store\/sk\/wp-json\/wp\/v2\/media?parent=119399"}],"wp:term":[{"taxonomy":"product_cat","embeddable":true,"href":"https:\/\/smania.store\/sk\/wp-json\/wp\/v2\/product_cat?post=119399"},{"taxonomy":"product_tag","embeddable":true,"href":"https:\/\/smania.store\/sk\/wp-json\/wp\/v2\/product_tag?post=119399"}],"curies":[{"name":"wp","href":"https:\/\/api.w.org\/{rel}","templated":true}]}}