{"id":119204,"date":"2025-09-03T09:28:42","date_gmt":"2025-09-03T07:28:42","guid":{"rendered":"https:\/\/smania.store\/sk\/produkt\/obnovovac-asfaltu-drivewaypro-1-l-2-m%c2%b2\/"},"modified":"2026-02-06T17:33:34","modified_gmt":"2026-02-06T16:33:34","slug":"obnovovac-asfaltu-drivewaypro-1-l-2-m%c2%b2","status":"publish","type":"product","link":"https:\/\/smania.store\/sk\/produkt\/obnovovac-asfaltu-drivewaypro-1-l-2-m%c2%b2\/","title":{"rendered":"Obnovova\u010d asfaltu DrivewayPRO\u2122 &#8211; 1 l \/ 4-6 m\u00b2"},"content":{"rendered":"<div class=\"smania_landing_description_title\">NOVINKA: Obnovova\u010d asfaltu DrivewayPRO\u2122<\/div>\n<div class=\"smania_landing_description_txt\">Obnovte svoju pr\u00edjazdov\u00fa cestu v okamihu<\/div>\n<div class=\"smania_landing_description_subtitle\">Vyzer\u00e1 va\u0161a pr\u00edjazdov\u00e1 cesta opotrebovane? DrivewayPRO\u2122 je dokonal\u00e9 rie\u0161enie na obnovu a ochranu asfaltov\u00fdch a bet\u00f3nov\u00fdch povrchov. V\u010faka svojej odolnosti vo\u010di nepriazniv\u00e9mu po\u010dasiu, teplotn\u00fdm zmen\u00e1m, praskaniu a po\u0161kodeniu UV \u017eiaren\u00edm DrivewayPRO\u2122 nielen zlep\u0161uje vzh\u013ead va\u0161ej pr\u00edjazdovej cesty, ale poskytuje aj dlhotrvaj\u00facu hydroizol\u00e1ciu a ochranu.<\/div>\n<div class=\"smania_landing_description_list\">\n<ul>\n<li>Utes\u0148uje a spev\u0148uje povrch<\/li>\n<li>Odol\u00e1va da\u017e\u010fu, teplu a mrazu<\/li>\n<li>Obnovuje pr\u00edjazdov\u00e9 cesty &#8211; p\u00f4vodn\u00fd vzh\u013ead asfaltu a bet\u00f3nu<\/li>\n<li>UV ochrana &#8211; zabra\u0148uje vyblednutiu a po\u0161kodeniu<\/li>\n<li>Odpudzuje vodu &#8211; zabra\u0148uje prenikaniu vlhkosti<\/li>\n<li>Pred\u013a\u017een\u00e1 \u017eivotnos\u0165 &#8211; zachov\u00e1va a spev\u0148uje povrch<\/li>\n<\/ul><\/div>\n","protected":false},"excerpt":{"rendered":"<p>VYSOK\u00dd V\u00ddKON &#8211; \u0160peci\u00e1lne vyvinut\u00fd pre asfaltov\u00e9 cesty|ODOLNOS\u0164 &#8211; Odoln\u00e1 \u010dierna vrstva s n\u00edzkym leskom|OCHRANN\u00dd &#8211; Chr\u00e1ni pred poveternostn\u00fdmi vplyvmi, rozliat\u00edm a rastom buriny|\u013dAHK\u00c9 POU\u017d\u00cdVANIE &#8211; Jednoduch\u00e1 aplik\u00e1cia pre bezprobl\u00e9mov\u00e9 v\u00fdsledky|R\u00ddCHLE ZASCHNUTIE &#8211; Pripraven\u00fd na pou\u017eitie u\u017e za 4 hodiny|Farba &#8211; \u010dierna|Objem kvapaliny &#8211; 1 l|Pokrytie &#8211; do 6 m\u00b2|\u010cas schnutia &#8211; 4 hodiny na pou\u017eitie|Pou\u017eitie &#8211; \u0161tetcom, val\u010dekom alebo striekan\u00edm<\/p>\n","protected":false},"featured_media":119350,"template":"","meta":[],"product_cat":[2791],"product_tag":[2806,2805],"acf":[],"_links":{"self":[{"href":"https:\/\/smania.store\/sk\/wp-json\/wp\/v2\/product\/119204"}],"collection":[{"href":"https:\/\/smania.store\/sk\/wp-json\/wp\/v2\/product"}],"about":[{"href":"https:\/\/smania.store\/sk\/wp-json\/wp\/v2\/types\/product"}],"wp:featuredmedia":[{"embeddable":true,"href":"https:\/\/smania.store\/sk\/wp-json\/wp\/v2\/media\/119350"}],"wp:attachment":[{"href":"https:\/\/smania.store\/sk\/wp-json\/wp\/v2\/media?parent=119204"}],"wp:term":[{"taxonomy":"product_cat","embeddable":true,"href":"https:\/\/smania.store\/sk\/wp-json\/wp\/v2\/product_cat?post=119204"},{"taxonomy":"product_tag","embeddable":true,"href":"https:\/\/smania.store\/sk\/wp-json\/wp\/v2\/product_tag?post=119204"}],"curies":[{"name":"wp","href":"https:\/\/api.w.org\/{rel}","templated":true}]}}