{"id":119145,"date":"2025-09-03T08:56:59","date_gmt":"2025-09-03T06:56:59","guid":{"rendered":"https:\/\/smania.store\/sk\/produkt\/detska-ohradka-playfort-180-x-150-cm\/"},"modified":"2026-04-06T18:11:04","modified_gmt":"2026-04-06T16:11:04","slug":"detska-ohradka-playfort-180-x-150-cm","status":"publish","type":"product","link":"https:\/\/smania.store\/sk\/produkt\/detska-ohradka-playfort-180-x-150-cm\/","title":{"rendered":"Detsk\u00e1 ohr\u00e1dka PlayFort\u2122 &#8211; 180 x 150 cm"},"content":{"rendered":"<div class=\"smania_landing_description_title\"> NOVINKA: Bezpe\u010dn\u00e9 hranie a sk\u00famanie <\/div>\n<div class=\"smania_landing_description_txt\"> Vytvorte n\u00e1dhern\u00e9 ihrisko pre rados\u0165 a rozvoj va\u0161ich det\u00ed! <\/div>\n<div class=\"smania_landing_description_subtitle\"> Odoln\u00e9 a stabiln\u00e9 ihrisko pre deti do 3 rokov!<\/div>\n<div class=\"smania_landing_description_list\">\n<ul>\n<li>Dokonal\u00e9 ihrisko pre rozvoj die\u0165a\u0165a<\/li>\n<li>R\u00fdchla 30-min\u00fatov\u00e1 mont\u00e1\u017e bez pou\u017eitia n\u00e1radia<\/li>\n<li>Kompaktn\u00e9 rozmery pre ka\u017ed\u00fa miestnos\u0165, plocha 2,7 m\u00b2<\/li>\n<li>\u017div\u00fd dizajn podnecuje kreativitu<\/li>\n<li>Bezpe\u010dn\u00e9, netoxick\u00e9 materi\u00e1ly<\/li>\n<li>Zabudovan\u00e1 ochrana proti n\u00e1razu<\/li>\n<\/ul><\/div>\n","protected":false},"excerpt":{"rendered":"<p>Jednoduch\u00e1 prenosnos\u0165 s prenosnou ta\u0161kou|Pevn\u00fd r\u00e1m z nehrdzavej\u00facej ocele|Neobsahuje BPA a je \u0161etrn\u00fd k \u017eivotn\u00e9mu prostrediu|Bezpe\u010dne obohacuje detsk\u00e9 sk\u00famanie|Farebn\u00e9 varianty: siv\u00e1 alebo b\u00e9\u017eov\u00e1|Rozmery: 180 x 150 x 65 cm|Pokrytie: 2,7 m\u00b2|Hmotnos\u0165: 5 kg|Rozmery balenia: 90 x 28,5 x 20 cm|Materi\u00e1ly: PP, bavlna, oce\u013e<\/p>\n","protected":false},"featured_media":119132,"template":"","meta":[],"product_cat":[16,17],"product_tag":[1635,1488],"acf":[],"_links":{"self":[{"href":"https:\/\/smania.store\/sk\/wp-json\/wp\/v2\/product\/119145"}],"collection":[{"href":"https:\/\/smania.store\/sk\/wp-json\/wp\/v2\/product"}],"about":[{"href":"https:\/\/smania.store\/sk\/wp-json\/wp\/v2\/types\/product"}],"wp:featuredmedia":[{"embeddable":true,"href":"https:\/\/smania.store\/sk\/wp-json\/wp\/v2\/media\/119132"}],"wp:attachment":[{"href":"https:\/\/smania.store\/sk\/wp-json\/wp\/v2\/media?parent=119145"}],"wp:term":[{"taxonomy":"product_cat","embeddable":true,"href":"https:\/\/smania.store\/sk\/wp-json\/wp\/v2\/product_cat?post=119145"},{"taxonomy":"product_tag","embeddable":true,"href":"https:\/\/smania.store\/sk\/wp-json\/wp\/v2\/product_tag?post=119145"}],"curies":[{"name":"wp","href":"https:\/\/api.w.org\/{rel}","templated":true}]}}