{"id":118921,"date":"2025-08-19T10:58:56","date_gmt":"2025-08-19T08:58:56","guid":{"rendered":"https:\/\/smania.store\/sk\/produkt\/nafukovaci-tehotensky-vankus-cozymama\/"},"modified":"2026-04-11T11:18:58","modified_gmt":"2026-04-11T09:18:58","slug":"nafukovaci-tehotensky-vankus-cozymama","status":"publish","type":"product","link":"https:\/\/smania.store\/sk\/produkt\/nafukovaci-tehotensky-vankus-cozymama\/","title":{"rendered":"Nafukovac\u00ed tehotensk\u00fd vank\u00fa\u0161 CozyMama\u2122"},"content":{"rendered":"<div class=\"smania_landing_description_title\">NOVINKA: Komfort pre nast\u00e1vaj\u00face mami\u010dky<\/div>\n<div class=\"smania_landing_description_txt\">Za\u017eite bezkonkuren\u010dn\u00e9 pohodlie a \u00fa\u013eavu od bolesti brucha!<\/div>\n<div class=\"smania_landing_description_subtitle\">Rozl\u00fa\u010dte sa s nepokojn\u00fdmi nocami a boles\u0165ami chrbta, bud\u00face matky!<\/div>\n<div class=\"smania_landing_description_list\">\n<ul>\n<li>Podporuje optim\u00e1lnu polohu plodu<\/li>\n<li>Okam\u017eite zmier\u0148uje boles\u0165 spodnej \u010dasti chrbta<\/li>\n<li>Podporuje lep\u0161iu kapacitu p\u013e\u00fac<\/li>\n<li>Zni\u017euje po\u010det cis\u00e1rskych rezov a p\u00f4rodn\u00fdch bolest\u00ed<\/li>\n<li>Perfektn\u00e1 ve\u013ekos\u0165 pre maxim\u00e1lnu podporu<\/li>\n<\/ul><\/div>\n","protected":false},"excerpt":{"rendered":"<p>Zlep\u0161uje kvalitu sp\u00e1nku|Zlep\u0161uje zdravie matky a plodu|Podporuje uvo\u013enen\u00e9 polohy pri odpo\u010dinku|Jednoduch\u00e9 \u010distenie a \u00fadr\u017eba|Farba: ru\u017eov\u00e1|Materi\u00e1l: PVC, bavlna|Rozmery: 170 x 65 x 22 cm|Nosnos\u0165: 125 kg<\/p>\n","protected":false},"featured_media":118908,"template":"","meta":[],"product_cat":[16,17],"product_tag":[1489],"acf":[],"_links":{"self":[{"href":"https:\/\/smania.store\/sk\/wp-json\/wp\/v2\/product\/118921"}],"collection":[{"href":"https:\/\/smania.store\/sk\/wp-json\/wp\/v2\/product"}],"about":[{"href":"https:\/\/smania.store\/sk\/wp-json\/wp\/v2\/types\/product"}],"wp:featuredmedia":[{"embeddable":true,"href":"https:\/\/smania.store\/sk\/wp-json\/wp\/v2\/media\/118908"}],"wp:attachment":[{"href":"https:\/\/smania.store\/sk\/wp-json\/wp\/v2\/media?parent=118921"}],"wp:term":[{"taxonomy":"product_cat","embeddable":true,"href":"https:\/\/smania.store\/sk\/wp-json\/wp\/v2\/product_cat?post=118921"},{"taxonomy":"product_tag","embeddable":true,"href":"https:\/\/smania.store\/sk\/wp-json\/wp\/v2\/product_tag?post=118921"}],"curies":[{"name":"wp","href":"https:\/\/api.w.org\/{rel}","templated":true}]}}