{"id":118827,"date":"2025-08-13T13:55:47","date_gmt":"2025-08-13T11:55:47","guid":{"rendered":"https:\/\/smania.store\/sk\/produkt\/excavatemini-detsky-mini-elektricky-bager\/"},"modified":"2026-05-14T18:37:44","modified_gmt":"2026-05-14T16:37:44","slug":"excavatemini-detsky-mini-elektricky-bager","status":"publish","type":"product","link":"https:\/\/smania.store\/sk\/produkt\/excavatemini-detsky-mini-elektricky-bager\/","title":{"rendered":"ExcavateMini\u2122 detsk\u00fd mini elektrick\u00fd bager"},"content":{"rendered":"<div class=\"smania_landing_description_title\">NOVINKA: N\u00e1padit\u00e1 z\u00e1bava pre deti<\/div>\n<div class=\"smania_landing_description_txt\">Objavte ich nov\u00fa ob\u013e\u00faben\u00fa hra\u010dku e\u0161te dnes!<\/div>\n<div class=\"smania_landing_description_subtitle\">Vst\u00fapte do sveta z\u00e1zrakov a \u00fa\u017easu s modelom ExcavateMini\u2122! T\u00e1to podmaniv\u00e1 hra\u010dka s\u013eubuje, \u017ee premen\u00ed oby\u010dajn\u00e9 hranie na vzru\u0161uj\u00facu v\u00fdpravu za vykop\u00e1vkami. Nechajte svoje die\u0165a rozv\u00edja\u0165 predstavivos\u0165 pri nekone\u010dn\u00fdch dobrodru\u017estv\u00e1ch a rozv\u00edjajte jeho z\u00e1kladn\u00e9 zru\u010dnosti.<\/div>\n<div class=\"smania_landing_description_list\">\n<ul>\n<li>Zap\u00e1ja predstavivos\u0165 pri ka\u017edom kopan\u00ed<\/li>\n<li>Vzdel\u00e1vanie a z\u00e1bava, v\u0161etko v jednom<\/li>\n<li>Rozv\u00edja koordin\u00e1ciu a motorick\u00e9 zru\u010dnosti<\/li>\n<li>Stimuluje priestorov\u00e9 povedomie a rast<\/li>\n<li>Zabra\u0148uje nude cel\u00e9 hodiny<\/li>\n<li>\u013dahk\u00fd, prenosn\u00fd a \u013eahko pou\u017eite\u013en\u00fd<\/li>\n<\/ul><\/div>\n","protected":false},"excerpt":{"rendered":"<p>Ide\u00e1lne pre deti v\u0161etk\u00fdch vekov\u00fdch kateg\u00f3ri\u00ed|Jednoduch\u00e1 prev\u00e1dzka na bat\u00e9rie|Vytv\u00e1rajte dobrodru\u017estv\u00e1 v interi\u00e9ri alebo exteri\u00e9ri|Robustn\u00e1 kon\u0161trukcia odoln\u00e1 vo\u010di de\u0165om|Kompaktn\u00fd, s v\u00fdrazn\u00fdm dizajnom|Podporuje uvedomel\u00fa a akt\u00edvnu hru|\u017div\u00e9 farby, ktor\u00e9 deti miluj\u00fa|Rozmery: 76 x 48 x 34 cm|Hmotnos\u0165: 5 kg|Nosnos\u0165: 50 kg|\u0160peci\u00e1lne efekty: Zvukov\u00e9 efekty, LED svetl\u00e1|Bat\u00e9ria: 6 V \/ 4,5 Ah|\u010cas nab\u00edjania: 8 &#8211; 10 h, cez USB|Pre deti vo veku: 2 &#8211; 8 rokov<\/p>\n","protected":false},"featured_media":118815,"template":"","meta":[],"product_cat":[16,17],"product_tag":[1635,1513],"acf":[],"_links":{"self":[{"href":"https:\/\/smania.store\/sk\/wp-json\/wp\/v2\/product\/118827"}],"collection":[{"href":"https:\/\/smania.store\/sk\/wp-json\/wp\/v2\/product"}],"about":[{"href":"https:\/\/smania.store\/sk\/wp-json\/wp\/v2\/types\/product"}],"wp:featuredmedia":[{"embeddable":true,"href":"https:\/\/smania.store\/sk\/wp-json\/wp\/v2\/media\/118815"}],"wp:attachment":[{"href":"https:\/\/smania.store\/sk\/wp-json\/wp\/v2\/media?parent=118827"}],"wp:term":[{"taxonomy":"product_cat","embeddable":true,"href":"https:\/\/smania.store\/sk\/wp-json\/wp\/v2\/product_cat?post=118827"},{"taxonomy":"product_tag","embeddable":true,"href":"https:\/\/smania.store\/sk\/wp-json\/wp\/v2\/product_tag?post=118827"}],"curies":[{"name":"wp","href":"https:\/\/api.w.org\/{rel}","templated":true}]}}