{"id":118675,"date":"2025-08-01T15:04:36","date_gmt":"2025-08-01T13:04:36","guid":{"rendered":"https:\/\/smania.store\/sk\/produkt\/solidmax-cistic-na-vodni-kamen\/"},"modified":"2026-04-08T13:05:56","modified_gmt":"2026-04-08T11:05:56","slug":"solidmax-cistic-na-vodni-kamen","status":"publish","type":"product","link":"https:\/\/smania.store\/sk\/produkt\/solidmax-cistic-na-vodni-kamen\/","title":{"rendered":"SolidMax &#8211; \u010cisti\u010d na vodn\u00ed k\u00e1men"},"content":{"rendered":"<div class=\"smania_landing_description_title\">NOVINKA! Nepriate\u013e tvrdohlavej v\u00e1hy!<\/div>\n<div class=\"smania_landing_description_txt\">Neuverite\u013en\u00e1 \u010distota v 3 krokoch<\/div>\n<div class=\"smania_landing_description_subtitle\">Ste unaven\u00ed z hod\u00edn drhnutia? S \u010distiacim prostriedkom SolidMax sa \u010distenie stane pote\u0161en\u00edm! Toto inovat\u00edvne zlo\u017eenie \u013eahko rozp\u00fa\u0161\u0165a vodn\u00fd kame\u0148, v\u00e1pnik a in\u00e9 \u0161kvrny od tvrdej vody a dokonca vytv\u00e1ra ochrann\u00fa vrstvu, ktor\u00e1 zabra\u0148uje bud\u00facim usadenin\u00e1m! Sta\u010d\u00ed nanies\u0165, necha\u0165 p\u00f4sobi\u0165 a bez probl\u00e9mov zotrie\u0165 \u0161kvrny. Urobte si \u010distenie jednoduch\u00e9 a pr\u00edjemn\u00e9 so SolidMaxom!<\/div>\n<div class=\"smania_landing_description_list\">\n<ul>\n<li>\u013dahko rozp\u00fa\u0161\u0165a vodn\u00fd kame\u0148<\/li>\n<li>Odstra\u0148uje v\u00e1pnik a \u0161kvrny od tvrdej vody<\/li>\n<li>Ochrann\u00e1 vrstva proti n\u00e1sledn\u00fdm usadenin\u00e1m<\/li>\n<li>Jednoduch\u00e9 pou\u017eitie, nie je potrebn\u00e9 drhnutie<\/li>\n<li>R\u00fdchle a \u00fa\u010dinn\u00e9 v\u00fdsledky<\/li>\n<li>\u010cist\u00ed vane, koh\u00fatiky, um\u00fdvadl\u00e1 a bidety<\/li>\n<\/ul><\/div>\n","protected":false},"excerpt":{"rendered":"<p>Okam\u017eit\u00fd \u00fa\u010dinok v priebehu nieko\u013ek\u00fdch min\u00fat|\u0160etrn\u00fd k povrchom|Dlhotrvaj\u00faca \u010distota|Jednoduch\u00e1 aplik\u00e1cia|Profesion\u00e1lne upratovanie v dom\u00e1cnosti|U\u017e \u017eiadne odoln\u00e9 \u0161kvrny|Viac ochrany, menej pr\u00e1ce|Porad\u00ed si aj s t\u00fdmi najodolnej\u0161\u00edmi vodn\u00fdmi kame\u0148mi<\/p>\n","protected":false},"featured_media":118664,"template":"","meta":[],"product_cat":[2791],"product_tag":[2799],"acf":[],"_links":{"self":[{"href":"https:\/\/smania.store\/sk\/wp-json\/wp\/v2\/product\/118675"}],"collection":[{"href":"https:\/\/smania.store\/sk\/wp-json\/wp\/v2\/product"}],"about":[{"href":"https:\/\/smania.store\/sk\/wp-json\/wp\/v2\/types\/product"}],"wp:featuredmedia":[{"embeddable":true,"href":"https:\/\/smania.store\/sk\/wp-json\/wp\/v2\/media\/118664"}],"wp:attachment":[{"href":"https:\/\/smania.store\/sk\/wp-json\/wp\/v2\/media?parent=118675"}],"wp:term":[{"taxonomy":"product_cat","embeddable":true,"href":"https:\/\/smania.store\/sk\/wp-json\/wp\/v2\/product_cat?post=118675"},{"taxonomy":"product_tag","embeddable":true,"href":"https:\/\/smania.store\/sk\/wp-json\/wp\/v2\/product_tag?post=118675"}],"curies":[{"name":"wp","href":"https:\/\/api.w.org\/{rel}","templated":true}]}}