{"id":118520,"date":"2025-07-24T14:01:58","date_gmt":"2025-07-24T12:01:58","guid":{"rendered":"https:\/\/smania.store\/sk\/produkt\/woodypanel-nastenna-samolepka-s-imitaciou-drevenych-panelov-10-m-x-60-cm-6-m%c2%b2\/"},"modified":"2026-02-17T10:08:40","modified_gmt":"2026-02-17T09:08:40","slug":"woodypanel-nastenna-samolepka-s-imitaciou-drevenych-panelov-10-m-x-60-cm-6-m%c2%b2","status":"publish","type":"product","link":"https:\/\/smania.store\/sk\/produkt\/woodypanel-nastenna-samolepka-s-imitaciou-drevenych-panelov-10-m-x-60-cm-6-m%c2%b2\/","title":{"rendered":"WoodyPanel\u2122 vystu\u017een\u00fd samolepiaci stenov\u00fd panel &#8211; 10m rolka (6m\u00b2)"},"content":{"rendered":"<div class=\"smania_landing_description_title\">NOVINKA, Luxusn\u00fd \u0161kandin\u00e1vsky interi\u00e9r<\/div>\n<div class=\"smania_landing_description_txt\">Pou\u017eite luxusn\u00fd dotyk pr\u00edrody vo svojom dome alebo kancel\u00e1rii s na\u0161imi vystu\u017een\u00fdmi samolepiacimi obkladmi na stenu!<\/div>\n<div class=\"smania_landing_description_subtitle\"> Povedzte nie lacn\u00fdm n\u00e1lepk\u00e1m na stenu! Vylep\u0161ite svoj domov realistick\u00fdm samolepiacim obkladom s dizajnom dubov\u00e9ho dreva &#8211; \u00faspornou alternat\u00edvou k virulentn\u00fdm akustick\u00fdm dreven\u00fdm stenov\u00fdm panelom!<\/div>\n<div class=\"smania_landing_description_list\">\n<ul>\n<li>Siln\u00fd a vystu\u017een\u00fd viacvrstvov\u00fd materi\u00e1l<\/li>\n<li>Luxusn\u00e1 dekor\u00e1cia do dom\u00e1cnosti alebo kancel\u00e1rie<\/li>\n<li>Vodotesn\u00fd, odoln\u00fd proti po\u0161kriabaniu, odoln\u00fd proti roztrhnutiu<\/li>\n<li>Jednoduch\u00e1 in\u0161tal\u00e1cia, \u0165a\u017eko sa deformuje<\/li>\n<li>Realistick\u00e9 dubov\u00e9 vzory<\/li>\n<li>Na steny a stropy<\/li>\n<li>Jednoduch\u00e9 \u010distenie a \u00fadr\u017eba<\/li>\n<\/ul><\/div>\n","protected":false},"excerpt":{"rendered":"<p>Jednoduch\u00fd proces in\u0161tal\u00e1cie|Jednoduch\u00e9 rezanie a tvarovanie|Realistick\u00fd vzh\u013ead duba|\u00dasporn\u00e1 premena interi\u00e9ru|Rozmery: 1000 x 60 cm|Materi\u00e1l: pr\u00e9miov\u00fd SXP|Pokrytie: 6 m\u00b2|Hr\u00fabka: 1,5 mm|Vlastnosti: vodotesn\u00fd, antibakteri\u00e1lny, odoln\u00fd proti po\u0161kriabaniu, odoln\u00fd proti teplu|4 vzory: olejovan\u00fd dub, svetl\u00fd dub, \u00faden\u00fd dub, siv\u00fd dub<\/p>\n","protected":false},"featured_media":121480,"template":"","meta":[],"product_cat":[16],"product_tag":[1481],"acf":[],"_links":{"self":[{"href":"https:\/\/smania.store\/sk\/wp-json\/wp\/v2\/product\/118520"}],"collection":[{"href":"https:\/\/smania.store\/sk\/wp-json\/wp\/v2\/product"}],"about":[{"href":"https:\/\/smania.store\/sk\/wp-json\/wp\/v2\/types\/product"}],"wp:featuredmedia":[{"embeddable":true,"href":"https:\/\/smania.store\/sk\/wp-json\/wp\/v2\/media\/121480"}],"wp:attachment":[{"href":"https:\/\/smania.store\/sk\/wp-json\/wp\/v2\/media?parent=118520"}],"wp:term":[{"taxonomy":"product_cat","embeddable":true,"href":"https:\/\/smania.store\/sk\/wp-json\/wp\/v2\/product_cat?post=118520"},{"taxonomy":"product_tag","embeddable":true,"href":"https:\/\/smania.store\/sk\/wp-json\/wp\/v2\/product_tag?post=118520"}],"curies":[{"name":"wp","href":"https:\/\/api.w.org\/{rel}","templated":true}]}}