{"id":118218,"date":"2025-07-01T11:19:15","date_gmt":"2025-07-01T09:19:15","guid":{"rendered":"https:\/\/smania.store\/sk\/produkt\/bechair-skladaci-polstrovany-plazovy-operadlo\/"},"modified":"2026-04-25T13:30:32","modified_gmt":"2026-04-25T11:30:32","slug":"bechair-skladaci-polstrovany-plazovy-operadlo","status":"publish","type":"product","link":"https:\/\/smania.store\/sk\/produkt\/bechair-skladaci-polstrovany-plazovy-operadlo\/","title":{"rendered":"BECHAIR\u2122 skladac\u00ed polstrovan\u00fd pl\u00e1\u017eov\u00fd operadlo"},"content":{"rendered":"<div class=\"smania_landing_description_title\">NOVINKA, \u0161pi\u010dkov\u00e9 pohodlie a relax\u00e1cia na v\u0161etk\u00fdch typoch pl\u00e1\u017e\u00ed<\/div>\n<div class=\"smania_landing_description_txt\">\u013dahnite si alebo pohodlne posa\u010fte, k\u00fdm relaxujete na pl\u00e1\u017ei!<\/div>\n<div class=\"smania_landing_description_subtitle\">  Viac nastavite\u013en\u00fdch pol\u00f4h s extra pohodln\u00fdm polstrovan\u00edm, ide\u00e1lne pre v\u0161etky typy pl\u00e1\u017eov\u00fdch povrchov!  <\/div>\n<div class=\"smania_landing_description_list\">\n<ul>\n<li>Skladac\u00ed dizajn, nastavite\u013en\u00fd do 5 pohodln\u00fdch poz\u00edci\u00ed<\/li>\n<li>Hrub\u00e9 a pohodln\u00e9 polstrovanie, ide\u00e1lne pre nerovn\u00fd ter\u00e9n<\/li>\n<li>Odoln\u00e1, spevnen\u00e1 z\u00e1klad\u0148a pre vy\u0161\u0161ie za\u0165a\u017eenie<\/li>\n<li>Odn\u00edmate\u013en\u00fd, prate\u013en\u00fd, vodeodoln\u00fd po\u0165ah<\/li>\n<li>S 2 bo\u010dn\u00fdmi vreckami na pl\u00e1\u017eov\u00e9 potreby<\/li>\n<li>\u013dahk\u00fd a jednoduch\u00fd na pren\u00e1\u0161anie<\/li>\n<\/ul><\/div>\n","protected":false},"excerpt":{"rendered":"<p>Batohov\u00fd syst\u00e9m pren\u00e1\u0161ania pre jednoduch\u00fd transport|Materi\u00e1l r\u00fdchlo schne \u2013 bez starost\u00ed|Dve praktick\u00e9 bo\u010dn\u00e9 vreck\u00e1 na drobnosti|Unesie hmotnos\u0165 do 125 kg|Farba: modr\u00e1 \/ ru\u017eov\u00e1|Materi\u00e1l: nerezov\u00e1 oce\u013e, polyester 600D, pena|Hmotnos\u0165: 4 kg|Nosnos\u0165: 125 kg|Zlo\u017een\u00e9 rozmery: 55 \u00d7 45 \u00d7 15 cm|Rozlo\u017een\u00e9 rozmery: 102 \u00d7 45 \u00d7 7 cm|Nastavite\u013en\u00e9 uhly: 15\u00b0, 30\u00b0, 45\u00b0, 60\u00b0, 75\u00b0<\/p>\n","protected":false},"featured_media":118206,"template":"","meta":[],"product_cat":[16,21],"product_tag":[1482],"acf":[],"_links":{"self":[{"href":"https:\/\/smania.store\/sk\/wp-json\/wp\/v2\/product\/118218"}],"collection":[{"href":"https:\/\/smania.store\/sk\/wp-json\/wp\/v2\/product"}],"about":[{"href":"https:\/\/smania.store\/sk\/wp-json\/wp\/v2\/types\/product"}],"wp:featuredmedia":[{"embeddable":true,"href":"https:\/\/smania.store\/sk\/wp-json\/wp\/v2\/media\/118206"}],"wp:attachment":[{"href":"https:\/\/smania.store\/sk\/wp-json\/wp\/v2\/media?parent=118218"}],"wp:term":[{"taxonomy":"product_cat","embeddable":true,"href":"https:\/\/smania.store\/sk\/wp-json\/wp\/v2\/product_cat?post=118218"},{"taxonomy":"product_tag","embeddable":true,"href":"https:\/\/smania.store\/sk\/wp-json\/wp\/v2\/product_tag?post=118218"}],"curies":[{"name":"wp","href":"https:\/\/api.w.org\/{rel}","templated":true}]}}