{"id":117955,"date":"2025-05-29T11:51:55","date_gmt":"2025-05-29T09:51:55","guid":{"rendered":"https:\/\/smania.store\/sk\/produkt\/granitepox-epoxidova-farba-imitujuca-zulu-1-kg\/"},"modified":"2026-04-05T08:41:50","modified_gmt":"2026-04-05T06:41:50","slug":"granitepox-epoxidova-farba-imitujuca-zulu-1-kg","status":"publish","type":"product","link":"https:\/\/smania.store\/sk\/produkt\/granitepox-epoxidova-farba-imitujuca-zulu-1-kg\/","title":{"rendered":"GRANITEPOX\u2122 epoxidov\u00e1 farba imituj\u00faca \u017eulu (1 kg)"},"content":{"rendered":"<div class=\"smania_landing_description_title\">NOVINKA: Oboha\u0165te svoj domov o vysn\u00edvan\u00fa \u017eulov\u00fa podlahu<\/div>\n<div class=\"smania_landing_description_txt\">Zrevoltujte svoje priestory pomocou odoln\u00fdch a inovat\u00edvnych epoxidov\u00fdch podl\u00e1h!<\/div>\n<div class=\"smania_landing_description_subtitle\">Objavte GRANITEPOX\u2122, epoxidov\u00fa farbu, ktor\u00e1 premen\u00ed ak\u00fdko\u013evek povrch na umeleck\u00e9 dielo. Od bet\u00f3nu a\u017e po drevo, vneste do svojho domova luxus \u017euly s \u013eahkos\u0165ou a \u0161t\u00fdlom. Kr\u00e1sny, vodotesn\u00fd, odoln\u00fd a proti\u0161mykov\u00fd &#8211; pokr\u00fdva v\u0161etky va\u0161e potreby okolo podlahy. Pre\u010do sa uspokoji\u0165 s men\u0161\u00edm mno\u017estvom?<\/div>\n<div class=\"smania_landing_description_list\">\n<ul>\n<li>Imituje eleganciu skuto\u010dnej \u017euly<\/li>\n<li>Odoln\u00fd vo\u010di prasklin\u00e1m, po\u0161kriabaniu, vysok\u00fdm a n\u00edzkym teplot\u00e1m<\/li>\n<li>Leskl\u00fd, proti\u0161mykov\u00fd povrch<\/li>\n<li>Ide\u00e1lny na pou\u017eitie v interi\u00e9ri aj exteri\u00e9ri<\/li>\n<li>Univerz\u00e1lny: mo\u017eno ho pou\u017ei\u0165 na r\u00f4zne materi\u00e1ly<\/li>\n<li>Jednoduch\u00e1 aplik\u00e1cia a r\u00fdchle schnutie<\/li>\n<\/ul><\/div>\n","protected":false},"excerpt":{"rendered":"<p>Luxusn\u00fd vzh\u013ead|Zvy\u0161uje estetick\u00fa hodnotu miestnost\u00ed|\u013dahko sa \u010dist\u00ed a udr\u017eiava|R\u00fdchla a jednoduch\u00e1 aplik\u00e1cia|Odoln\u00fd a prakticky nezni\u010dite\u013en\u00fd|Mo\u017eno aplikova\u0165 na bet\u00f3n, dla\u017edice, plastov\u00e9 alebo dokonca dreven\u00e9 povrchy|Odoln\u00e9 vo\u010di extr\u00e9mnym teplot\u00e1m|Obsah: 1 kg (vr\u00e1tane tvrdidla)|Pokrytie: cca. 1,3\u20131,5 kg \/ m2|1 kg produktu pokryje cca 0,65\u20130,75 m2|Farby: tmavosiv\u00e1 a svetlosiv\u00e1, svetl\u00e1 b\u00e9\u017eov\u00e1, \u010dierna|Dvojzlo\u017ekov\u00fd v\u00fdrobok<\/p>\n","protected":false},"featured_media":119855,"template":"","meta":[],"product_cat":[16,2791],"product_tag":[2806,2805,1482],"acf":[],"_links":{"self":[{"href":"https:\/\/smania.store\/sk\/wp-json\/wp\/v2\/product\/117955"}],"collection":[{"href":"https:\/\/smania.store\/sk\/wp-json\/wp\/v2\/product"}],"about":[{"href":"https:\/\/smania.store\/sk\/wp-json\/wp\/v2\/types\/product"}],"wp:featuredmedia":[{"embeddable":true,"href":"https:\/\/smania.store\/sk\/wp-json\/wp\/v2\/media\/119855"}],"wp:attachment":[{"href":"https:\/\/smania.store\/sk\/wp-json\/wp\/v2\/media?parent=117955"}],"wp:term":[{"taxonomy":"product_cat","embeddable":true,"href":"https:\/\/smania.store\/sk\/wp-json\/wp\/v2\/product_cat?post=117955"},{"taxonomy":"product_tag","embeddable":true,"href":"https:\/\/smania.store\/sk\/wp-json\/wp\/v2\/product_tag?post=117955"}],"curies":[{"name":"wp","href":"https:\/\/api.w.org\/{rel}","templated":true}]}}