{"id":117594,"date":"2025-04-29T07:36:37","date_gmt":"2025-04-29T05:36:37","guid":{"rendered":"https:\/\/smania.store\/sk\/produkt\/priestorovo-usporna-kupelnova-polica-storemaster\/"},"modified":"2026-04-03T07:12:49","modified_gmt":"2026-04-03T05:12:49","slug":"priestorovo-usporna-kupelnova-polica-storemaster","status":"publish","type":"product","link":"https:\/\/smania.store\/sk\/produkt\/priestorovo-usporna-kupelnova-polica-storemaster\/","title":{"rendered":"Priestorovo \u00fasporn\u00e1 k\u00fape\u013e\u0148ov\u00e1 polica StoreMaster\u2122"},"content":{"rendered":"<div class=\"smania_landing_description_title\">NOVINKA: StoreMaster\u2122 priestorovo \u00fasporn\u00e1 k\u00fape\u013e\u0148ov\u00e1 polica<\/div>\n<div class=\"smania_landing_description_txt\">Vyrie\u0161te probl\u00e9m s priestorom v k\u00fape\u013eni!<\/div>\n<div class=\"smania_landing_description_subtitle\">Zistite, ako m\u00f4\u017eete premeni\u0165 ka\u017ed\u00fd k\u00fat svojho domova s priestorovo \u00faspornou k\u00fape\u013e\u0148ovou policou StoreMaster\u2122! Tento \u00fa\u017easn\u00fd kus n\u00e1bytku je navrhnut\u00fd tak, aby st\u00e1l kdeko\u013evek od pohovky a\u017e po ob\u00fdvaciu izbu a vytvoril \u017eiv\u00fd priestor. V\u010faka svojim elegantn\u00fdm a \u010dist\u00fdm l\u00edni\u00e1m je skvel\u00fdm doplnkom va\u0161ej dom\u00e1cej organiz\u00e1cie. Nenechajte si ujs\u0165 pr\u00edle\u017eitos\u0165 \u017ei\u0165 bez neporiadku!<\/div>\n<div class=\"smania_landing_description_list\">\n<ul>\n<li>Navrhnut\u00e9 pre tesn\u00e9 medzery<\/li>\n<li>Ve\u013ek\u00e1 kapacita pre ve\u013ek\u00e9 predmety (3 reg\u00e1ly)<\/li>\n<li>Elegantn\u00fd dizajn, ktor\u00fd sa hod\u00ed k ak\u00e9muko\u013evek \u0161t\u00fdlu<\/li>\n<li>Pevn\u00fd, odoln\u00fd a vodeodoln\u00fd materi\u00e1l<\/li>\n<li>Vhodn\u00fd na hygienick\u00e9 v\u00fdrobky<\/li>\n<\/ul><\/div>\n","protected":false},"excerpt":{"rendered":"<p>\u00daspora \u010dasu v\u010faka organiz\u00e1cii|Praktick\u00fd z\u00e1sobn\u00edk na tkaniv\u00e1|Optimalizujte vyu\u017eite\u013en\u00e9 plochy|Vhodn\u00fd do k\u00fape\u013ene a ob\u00fdva\u010dky|\u013dahko vyberate\u013en\u00e9 z\u00e1suvky|Robustn\u00e9, odoln\u00e9 a vodotesn\u00e9|Rozmery: rozmery: 78 x 41 x 18 cm|Nosnos\u0165 do 60 kg|Po\u010det pol\u00edc: 3|Vybaven\u00e9 val\u010dekmi<\/p>\n","protected":false},"featured_media":117583,"template":"","meta":[],"product_cat":[16],"product_tag":[1484],"acf":[],"_links":{"self":[{"href":"https:\/\/smania.store\/sk\/wp-json\/wp\/v2\/product\/117594"}],"collection":[{"href":"https:\/\/smania.store\/sk\/wp-json\/wp\/v2\/product"}],"about":[{"href":"https:\/\/smania.store\/sk\/wp-json\/wp\/v2\/types\/product"}],"wp:featuredmedia":[{"embeddable":true,"href":"https:\/\/smania.store\/sk\/wp-json\/wp\/v2\/media\/117583"}],"wp:attachment":[{"href":"https:\/\/smania.store\/sk\/wp-json\/wp\/v2\/media?parent=117594"}],"wp:term":[{"taxonomy":"product_cat","embeddable":true,"href":"https:\/\/smania.store\/sk\/wp-json\/wp\/v2\/product_cat?post=117594"},{"taxonomy":"product_tag","embeddable":true,"href":"https:\/\/smania.store\/sk\/wp-json\/wp\/v2\/product_tag?post=117594"}],"curies":[{"name":"wp","href":"https:\/\/api.w.org\/{rel}","templated":true}]}}