{"id":117113,"date":"2025-04-04T12:25:30","date_gmt":"2025-04-04T10:25:30","guid":{"rendered":"https:\/\/smania.store\/sk\/produkt\/pripravok-na-fixaciu-piesku-sandbind-1-l\/"},"modified":"2026-04-12T13:36:03","modified_gmt":"2026-04-12T11:36:03","slug":"pripravok-na-fixaciu-piesku-sandbind-1-l","status":"publish","type":"product","link":"https:\/\/smania.store\/sk\/produkt\/pripravok-na-fixaciu-piesku-sandbind-1-l\/","title":{"rendered":"Pr\u00edpravok na fix\u00e1ciu piesku SANDBIND\u2122 (1 L)"},"content":{"rendered":"<div class=\"smania_landing_description_title\">NOVINKA! Oprava nebezpe\u010dn\u00fdch v\u00fdmo\u013eov na cest\u00e1ch v kr\u00e1tkom \u010dase<\/div>\n<div class=\"smania_landing_description_txt\">V\u00fdkonn\u00fd lepiaci prostriedok na podlahy a steny a dlhotrvaj\u00face opravy!<\/div>\n<div class=\"smania_landing_description_subtitle\">Objavte tajomstvo dlhotrvaj\u00faceho rie\u0161enia tesnenia! Rozl\u00fa\u010dte sa s nebezpe\u010dn\u00fdmi v\u00fdmo\u013emi a rozpad\u00e1vaj\u00facimi sa stenami pomocou bezfarebn\u00e9ho lepidla na b\u00e1ze piesku SANDBIND\u2122 na opravy ciest a stien. R\u00fdchle a jednoduch\u00e9 rie\u0161enie, ktor\u00e9 eliminuje riziko n\u00e1kladn\u00fdch opr\u00e1v. Ste pripraven\u00ed jednoducho, r\u00fdchlo a \u00fa\u010dinne chr\u00e1ni\u0165 svoj dom a dvor? U\u017e pri prv\u00fdch aplik\u00e1ci\u00e1ch si v\u0161imnete silu lepidla SANDBIND\u2122!<\/div>\n<div class=\"smania_landing_description_list\">\n<ul>\n<li>Extr\u00e9mna lepiaca sila pre dlhotrvaj\u00face opravy<\/li>\n<li>Jednoduch\u00e9 a n\u00e1kladovo efekt\u00edvne rie\u0161enie na opravu v\u00fdmo\u013eov<\/li>\n<li>Predl\u017euje \u017eivotnos\u0165 stien a ciest<\/li>\n<li>Odoln\u00fd vo\u010di vode a vlhkosti<\/li>\n<li>Odoln\u00fd vo\u010di UV \u017eiareniu a extr\u00e9mnym teplot\u00e1m<\/li>\n<li>Bezpe\u010dn\u00e9 pou\u017eitie, zlo\u017eenie \u0161etrn\u00e9 k \u017eivotn\u00e9mu prostrediu<\/li>\n<\/ul><\/div>\n","protected":false},"excerpt":{"rendered":"<p>R\u00fdchle, jednoduch\u00e9 a lacn\u00e9 opravy ciest a stien|Jednoduch\u00e9 pou\u017eitie aj pre za\u010diato\u010dn\u00edkov|Mimoriadne siln\u00e1 pri\u013enavos\u0165 zabezpe\u010duje trvanliv\u00e9 opravy trhl\u00edn|Odoln\u00fd vo\u010di vode a vlhkosti|Odoln\u00fd vo\u010di UV \u017eiareniu a extr\u00e9mnym teplot\u00e1m|R\u00fdchla a \u00fa\u010dinn\u00e1 penetr\u00e1cia piesku|Vytv\u00e1ra polym\u00e9rov\u00fa vrstvu, ktor\u00e1 utes\u0148uje trhliny|Net: 1 L|Pokrytie: a\u017e 4 m2|Oblasti pou\u017eitia: podlahy, steny|Vhodn\u00e9 materi\u00e1ly: piesok, kamene|Ekologick\u00e1 recept\u00fara na b\u00e1ze vody|Mo\u017eno skladova\u0165 pri izbovej teplote (5-35 \u00b0C)|Trvanlivos\u0165: 12 mesiacov<\/p>\n","protected":false},"featured_media":117236,"template":"","meta":[],"product_cat":[16,2791],"product_tag":[2805,1482],"acf":[],"_links":{"self":[{"href":"https:\/\/smania.store\/sk\/wp-json\/wp\/v2\/product\/117113"}],"collection":[{"href":"https:\/\/smania.store\/sk\/wp-json\/wp\/v2\/product"}],"about":[{"href":"https:\/\/smania.store\/sk\/wp-json\/wp\/v2\/types\/product"}],"wp:featuredmedia":[{"embeddable":true,"href":"https:\/\/smania.store\/sk\/wp-json\/wp\/v2\/media\/117236"}],"wp:attachment":[{"href":"https:\/\/smania.store\/sk\/wp-json\/wp\/v2\/media?parent=117113"}],"wp:term":[{"taxonomy":"product_cat","embeddable":true,"href":"https:\/\/smania.store\/sk\/wp-json\/wp\/v2\/product_cat?post=117113"},{"taxonomy":"product_tag","embeddable":true,"href":"https:\/\/smania.store\/sk\/wp-json\/wp\/v2\/product_tag?post=117113"}],"curies":[{"name":"wp","href":"https:\/\/api.w.org\/{rel}","templated":true}]}}