{"id":117001,"date":"2025-04-02T07:25:26","date_gmt":"2025-04-02T05:25:26","guid":{"rendered":"https:\/\/smania.store\/sk\/produkt\/univerzalny-odmastovac-greaseoff-500-ml\/"},"modified":"2026-04-08T09:07:40","modified_gmt":"2026-04-08T07:07:40","slug":"univerzalny-odmastovac-greaseoff-500-ml","status":"publish","type":"product","link":"https:\/\/smania.store\/sk\/produkt\/univerzalny-odmastovac-greaseoff-500-ml\/","title":{"rendered":"Univerz\u00e1lny odmas\u0165ova\u010d GreaseOFF\u2122 (500 ml)"},"content":{"rendered":"<div class=\"smania_landing_description_title\">NOV\u00dd FORMUL\u00c1R: GreaseOFF\u2122 &#8211; rozklad\u00e1 mastnotu na molekul\u00e1rnej \u00farovni<\/div>\n<div class=\"smania_landing_description_txt\">Zbohom odolnej mastnote a \u0161pine!<\/div>\n<div class=\"smania_landing_description_subtitle\">Zbohom odolnej mastnote a \u0161pine! Pokro\u010dil\u00e9 zlo\u017eenie GreaseOFF\u2122 prenik\u00e1 hlboko do mastnoty a rozklad\u00e1 ju na molekul\u00e1rnej \u00farovni, aby zabezpe\u010dilo bezchybn\u00fd povrch bez zvy\u0161kov na akomko\u013evek povrchu.<\/div>\n<div class=\"smania_landing_description_list\">\n<ul>\n<li>Prech\u00e1dza vrstvami nahromadenej mastnoty<\/li>\n<li>Zabezpe\u010duje bezchybn\u00fd povrch bez zvy\u0161kov na akomko\u013evek povrchu<\/li>\n<li>Bezpe\u010dn\u00e9, r\u00fdchle a nen\u00e1ro\u010dn\u00e9 pou\u017eitie<\/li>\n<li>Vhodn\u00fd na varn\u00e9 dosky, r\u00fary, grily, motory \u00e1ut, re\u0165aze bicyklov a \u010fal\u0161ie<\/li>\n<li>Ide\u00e1lny na dom\u00e1ce aj profesion\u00e1lne pou\u017eitie<\/li>\n<\/ul><\/div>\n","protected":false},"excerpt":{"rendered":"<p>Navrhnut\u00e9 na odstra\u0148ovanie odolnej kuchynskej mastnoty, \u0161piny a prip\u00e1len\u00fdch potrav\u00edn|Vysok\u00e1 penetra\u010dn\u00e1 sila, ktor\u00e1 dosiahne do nepr\u00edstupn\u00fdch plutvov\u00fdch oblast\u00ed|\u013dahko sa nan\u00e1\u0161a a rozotiera, \u010d\u00edm sa zabezpe\u010d\u00ed d\u00f4kladn\u00e9 vy\u010distenie ka\u017ed\u00e9ho z\u00e1kutia|Jednoduch\u00e9 pou\u017eitie: nastriekajte priamo na postihnut\u00e9 miesto, po\u010dkajte nieko\u013eko okamihov a potom zotrite|Pou\u017e\u00edvajte na varn\u00e9 dosky, r\u00fary, mikrovlnn\u00e9 r\u00fary, dla\u017edice, dosky, grily, motory automobilov, re\u0165aze bicyklov a dokonca aj priemyseln\u00e9 stroje|Obsah: 500 ml<\/p>\n","protected":false},"featured_media":117256,"template":"","meta":[],"product_cat":[16,2791],"product_tag":[2799,2515,1484],"acf":[],"_links":{"self":[{"href":"https:\/\/smania.store\/sk\/wp-json\/wp\/v2\/product\/117001"}],"collection":[{"href":"https:\/\/smania.store\/sk\/wp-json\/wp\/v2\/product"}],"about":[{"href":"https:\/\/smania.store\/sk\/wp-json\/wp\/v2\/types\/product"}],"wp:featuredmedia":[{"embeddable":true,"href":"https:\/\/smania.store\/sk\/wp-json\/wp\/v2\/media\/117256"}],"wp:attachment":[{"href":"https:\/\/smania.store\/sk\/wp-json\/wp\/v2\/media?parent=117001"}],"wp:term":[{"taxonomy":"product_cat","embeddable":true,"href":"https:\/\/smania.store\/sk\/wp-json\/wp\/v2\/product_cat?post=117001"},{"taxonomy":"product_tag","embeddable":true,"href":"https:\/\/smania.store\/sk\/wp-json\/wp\/v2\/product_tag?post=117001"}],"curies":[{"name":"wp","href":"https:\/\/api.w.org\/{rel}","templated":true}]}}