{"id":116679,"date":"2025-03-25T11:02:37","date_gmt":"2025-03-25T10:02:37","guid":{"rendered":"https:\/\/smania.store\/sk\/produkt\/vysuvny-kuchynsky-regal-magicrack\/"},"modified":"2026-03-25T08:14:29","modified_gmt":"2026-03-25T07:14:29","slug":"vysuvny-kuchynsky-regal-magicrack","status":"publish","type":"product","link":"https:\/\/smania.store\/sk\/produkt\/vysuvny-kuchynsky-regal-magicrack\/","title":{"rendered":"V\u00fdsuvn\u00fd kuchynsk\u00fd reg\u00e1l MagicRack\u2122"},"content":{"rendered":"<div class=\"smania_landing_description_title\">NOVINKA! Maximalizujte svoj \u00falo\u017en\u00fd priestor v kuchyni<\/div>\n<div class=\"smania_landing_description_txt\">Pre organizovan\u00fa a upratan\u00fa kuchy\u0148u!<\/div>\n<div class=\"smania_landing_description_subtitle\">Objavte MagicRack\u2122 &#8211; v\u00fdsuvn\u00fd reg\u00e1l na mikrovlnn\u00fa r\u00faru a kuchynsk\u00e9 n\u00e1radie, v\u010faka ktor\u00e9mu bude va\u0161a kuchy\u0148a organizovan\u00e1, upratan\u00e1 a priestrannej\u0161ia. \u00dalo\u017en\u00fd reg\u00e1l MagicRack\u2122 je ide\u00e1lny pre mal\u00e9 priestory, pom\u00e1ha organizova\u0165 a maximalizova\u0165 \u00falo\u017en\u00fd priestor. Objednajte si teraz a z kuchynsk\u00e9ho chaosu urobte poriadok!<\/div>\n<div class=\"smania_landing_description_list\">\n<ul>\n<li>Dodato\u010dn\u00fd \u00falo\u017en\u00fd priestor v kuchyni<\/li>\n<li>Nastavite\u013en\u00e1 \u0161\u00edrka od 40 do 60 cm<\/li>\n<li>Stabiln\u00fd a pevn\u00fd, unesie a\u017e 30 kg<\/li>\n<li>Jednoduch\u00e1 mont\u00e1\u017e bez pou\u017eitia n\u00e1radia<\/li>\n<li>Obsahuje 6 praktick\u00fdch h\u00e1\u010dikov na zavesenie<\/li>\n<li>Ide\u00e1lny na organiz\u00e1ciu mal\u00fdch kuch\u00fd\u0148<\/li>\n<\/ul><\/div>\n","protected":false},"excerpt":{"rendered":"<p>Pom\u00e1ha organizova\u0165 a maximalizova\u0165 \u00falo\u017en\u00fd priestor|M\u00f4\u017ee poja\u0165 viacero predmetov naraz|Pon\u00faka viac \u00falo\u017en\u00e9ho priestoru v mal\u00fdch kuchyniach alebo v akejko\u013evek inej miestnosti|\u013dahko sa \u010dist\u00ed|Nastavite\u013en\u00e1 v\u00fd\u0161ka pol\u00edc a roz\u0161\u00edrite\u013en\u00e1 \u0161\u00edrka|Robustn\u00e1 \u017eelezn\u00e1 kon\u0161trukcia|Balenie obsahuje 6 z\u00e1vesn\u00fdch h\u00e1\u010dikov|Rozmery: 46 cm (v\u00fd\u0161ka) x 40-60 cm (\u0161\u00edrka) x 36 cm (h\u013abka)|Nosnos\u0165: max. 30 kg|Materi\u00e1l: \u017eelezo, polypropyl\u00e9n<\/p>\n","protected":false},"featured_media":116669,"template":"","meta":[],"product_cat":[16,223],"product_tag":[],"acf":[],"_links":{"self":[{"href":"https:\/\/smania.store\/sk\/wp-json\/wp\/v2\/product\/116679"}],"collection":[{"href":"https:\/\/smania.store\/sk\/wp-json\/wp\/v2\/product"}],"about":[{"href":"https:\/\/smania.store\/sk\/wp-json\/wp\/v2\/types\/product"}],"wp:featuredmedia":[{"embeddable":true,"href":"https:\/\/smania.store\/sk\/wp-json\/wp\/v2\/media\/116669"}],"wp:attachment":[{"href":"https:\/\/smania.store\/sk\/wp-json\/wp\/v2\/media?parent=116679"}],"wp:term":[{"taxonomy":"product_cat","embeddable":true,"href":"https:\/\/smania.store\/sk\/wp-json\/wp\/v2\/product_cat?post=116679"},{"taxonomy":"product_tag","embeddable":true,"href":"https:\/\/smania.store\/sk\/wp-json\/wp\/v2\/product_tag?post=116679"}],"curies":[{"name":"wp","href":"https:\/\/api.w.org\/{rel}","templated":true}]}}