{"id":115665,"date":"2025-03-18T08:35:10","date_gmt":"2025-03-18T07:35:10","guid":{"rendered":"https:\/\/smania.store\/sk\/produkt\/pripravok-na-obnovu-a-cistenie-dreva-vividwood-300-ml\/"},"modified":"2026-04-15T19:28:09","modified_gmt":"2026-04-15T17:28:09","slug":"pripravok-na-obnovu-a-cistenie-dreva-vividwood-300-ml","status":"publish","type":"product","link":"https:\/\/smania.store\/sk\/produkt\/pripravok-na-obnovu-a-cistenie-dreva-vividwood-300-ml\/","title":{"rendered":"Pr\u00edpravok na obnovu a \u010distenie dreva VividWood\u2122 (300 ml)"},"content":{"rendered":"<div class=\"smania_landing_description_title\">NOVINKA: VividWood\u2122 &#8211; o\u017eivte matn\u00e9 drevo!<\/div>\n<div class=\"smania_landing_description_txt\">Obnovte prirodzen\u00fa kr\u00e1su star\u00e9ho dreva!<\/div>\n<div class=\"smania_landing_description_subtitle\">Na rozdiel od in\u00fdch produktov na obnovu dreva, VividWood\u2122 nezakr\u00fdva len po\u0161kodenia! Prenik\u00e1 do povrchu, neutralizuje za\u0161ednutie a revitalizuje drevo, \u010d\u00edm predl\u017euje jeho \u017eivotnos\u0165 a \u0161etr\u00ed n\u00e1klady na v\u00fdmenu dreva.<\/div>\n<div class=\"smania_landing_description_list\">\n<ul>\n<li>Okam\u017eite o\u017eiv\u00ed star\u00e9, za\u0161ednut\u00e9 drevo<\/li>\n<li>Odstra\u0148uje ne\u010distoty, plesne a oxid\u00e1ciu, ktor\u00e9 sp\u00f4sobuj\u00fa zmenu farby<\/li>\n<li>Dod\u00e1 v\u00e1\u0161mu drevu svie\u017ei, obnoven\u00fd vzh\u013ead<\/li>\n<li>Zachov\u00e1va prirodzen\u00fd vzh\u013ead dreva<\/li>\n<li>Univerz\u00e1lny na v\u0161etky vonkaj\u0161ie dreven\u00e9 povrchy<\/li>\n<li>Bezpe\u010dn\u00e9, h\u013abkovo \u010distiace zlo\u017eenie<\/li>\n<\/ul><\/div>\n","protected":false},"excerpt":{"rendered":"<p>Prenik\u00e1 do povrchu, neutralizuje \u0161ednutie a o\u017eivuje drevo|Predl\u017euje \u017eivotnos\u0165 a \u0161etr\u00ed n\u00e1klady na v\u00fdmenu dreva|Odstra\u0148uje odoln\u00e9 zafarbenie a obnovuje p\u00f4vodn\u00e9 teplo a charakter dreva|Obnovuje a zlep\u0161uje vzh\u013ead v\u0161etk\u00fdch vonkaj\u0161\u00edch dreven\u00fdch povrchov|M\u00f4\u017ee sa pou\u017e\u00edva\u0165 na podlahy, ploty, vonkaj\u0161\u00ed n\u00e1bytok, dreven\u00e9 pr\u00edstre\u0161ky a in\u00e9|Vyroben\u00e9 z bezpe\u010dn\u00fdch a \u0161etrn\u00fdch zlo\u017eiek, bez agres\u00edvnych chemik\u00e1li\u00ed|Netoxick\u00e9, bezpe\u010dn\u00e9 pre \u013eud\u00ed, dom\u00e1ce zvierat\u00e1 a rastliny|Obsah: 300 ml<\/p>\n","protected":false},"featured_media":115656,"template":"","meta":[],"product_cat":[16,2791],"product_tag":[2799,2515,1482],"acf":[],"_links":{"self":[{"href":"https:\/\/smania.store\/sk\/wp-json\/wp\/v2\/product\/115665"}],"collection":[{"href":"https:\/\/smania.store\/sk\/wp-json\/wp\/v2\/product"}],"about":[{"href":"https:\/\/smania.store\/sk\/wp-json\/wp\/v2\/types\/product"}],"wp:featuredmedia":[{"embeddable":true,"href":"https:\/\/smania.store\/sk\/wp-json\/wp\/v2\/media\/115656"}],"wp:attachment":[{"href":"https:\/\/smania.store\/sk\/wp-json\/wp\/v2\/media?parent=115665"}],"wp:term":[{"taxonomy":"product_cat","embeddable":true,"href":"https:\/\/smania.store\/sk\/wp-json\/wp\/v2\/product_cat?post=115665"},{"taxonomy":"product_tag","embeddable":true,"href":"https:\/\/smania.store\/sk\/wp-json\/wp\/v2\/product_tag?post=115665"}],"curies":[{"name":"wp","href":"https:\/\/api.w.org\/{rel}","templated":true}]}}