{"id":114975,"date":"2025-03-14T10:13:12","date_gmt":"2025-03-14T09:13:12","guid":{"rendered":"https:\/\/smania.store\/sk\/produkt\/nastavitelne-a-priedusne-operadlo-bedlift\/"},"modified":"2026-03-08T20:46:24","modified_gmt":"2026-03-08T19:46:24","slug":"nastavitelne-a-priedusne-operadlo-bedlift","status":"publish","type":"product","link":"https:\/\/smania.store\/sk\/produkt\/nastavitelne-a-priedusne-operadlo-bedlift\/","title":{"rendered":"Nastavite\u013en\u00e9 a priedu\u0161n\u00e9 operadlo BedLift\u2122"},"content":{"rendered":"<div class=\"smania_landing_description_title\">NOVINKA: BedLift\u2122 &#8211; pre maxim\u00e1lne pohodlie v posteli<\/div>\n<div class=\"smania_landing_description_txt\">Ide\u00e1lne pre star\u0161\u00edch \u013eud\u00ed, tehotn\u00e9 \u017eeny a osoby so zn\u00ed\u017eenou pohyblivos\u0165ou!<\/div>\n<div class=\"smania_landing_description_subtitle\">Chcete dokonal\u00fa oporu pri odpo\u010dinku, \u010d\u00edtan\u00ed alebo pr\u00e1ci v posteli? Objavte nastavite\u013en\u00e9, priedu\u0161n\u00e9 operadlo postele BedLift\u2122, ktor\u00e9 je navrhnut\u00e9 tak, aby poskytovalo maxim\u00e1lnu oporu a pohodlie. Nechajte sa rozmazn\u00e1va\u0165 touto \u00fa\u017easnou nastavite\u013enou opierkou chrbta a preme\u0148te ka\u017ed\u00fa chv\u00ed\u013eu str\u00e1ven\u00fa v posteli na \u010dist\u00fd p\u00f4\u017eitok!<\/div>\n<div class=\"smania_landing_description_list\">\n<ul>\n<li>Nastavite\u013en\u00fd uhol do 6 pol\u00f4h od 0\u00b0 do 80\u00b0<\/li>\n<li>Ergonomick\u00e1 podpora chrbta, krku, p\u00e1sa a ramien<\/li>\n<li>Odoln\u00fd a vysokopevnostn\u00fd oce\u013eov\u00fd r\u00e1m<\/li>\n<li>Priedu\u0161n\u00e1 a pohodln\u00e1 tkanina<\/li>\n<li>Ide\u00e1lne pre star\u0161\u00edch \u013eud\u00ed, tehotn\u00e9 \u017eeny a osoby so zn\u00ed\u017eenou pohyblivos\u0165ou<\/li>\n<li>Ide\u00e1lne na \u010d\u00edtanie, sledovanie filmov alebo pr\u00e1cu v posteli<\/li>\n<\/ul><\/div>\n","protected":false},"excerpt":{"rendered":"<p>Nastavite\u013en\u00fd uhol zaru\u010duje maxim\u00e1lne pohodlie|Pevn\u00e1 a odoln\u00e1 kon\u0161trukcia|Optim\u00e1lna priedu\u0161nos\u0165 pri dlh\u00fdch sedeniach|Pohodln\u00e9 polstrovan\u00e9 opierky r\u00fak|Odn\u00edmate\u013en\u00fd vank\u00fa\u0161|Pou\u017e\u00edvajte ho doma, na pl\u00e1\u017ei, pri kempovan\u00ed|6 nastavite\u013en\u00fdch uhlov: 0\u00b0-80\u00b0|Proti\u0161mykov\u00e1 kon\u0161trukcia|V\u00fd\u0161ka: 31-55 cm|Materi\u00e1l: oce\u013e s vysok\u00fdm obsahom uhl\u00edka, PVC sie\u0165ovina|Maxim\u00e1lna nosnos\u0165: 136 kg|Hmotnos\u0165: 3 kg<\/p>\n","protected":false},"featured_media":114963,"template":"","meta":[],"product_cat":[16],"product_tag":[2515],"acf":[],"_links":{"self":[{"href":"https:\/\/smania.store\/sk\/wp-json\/wp\/v2\/product\/114975"}],"collection":[{"href":"https:\/\/smania.store\/sk\/wp-json\/wp\/v2\/product"}],"about":[{"href":"https:\/\/smania.store\/sk\/wp-json\/wp\/v2\/types\/product"}],"wp:featuredmedia":[{"embeddable":true,"href":"https:\/\/smania.store\/sk\/wp-json\/wp\/v2\/media\/114963"}],"wp:attachment":[{"href":"https:\/\/smania.store\/sk\/wp-json\/wp\/v2\/media?parent=114975"}],"wp:term":[{"taxonomy":"product_cat","embeddable":true,"href":"https:\/\/smania.store\/sk\/wp-json\/wp\/v2\/product_cat?post=114975"},{"taxonomy":"product_tag","embeddable":true,"href":"https:\/\/smania.store\/sk\/wp-json\/wp\/v2\/product_tag?post=114975"}],"curies":[{"name":"wp","href":"https:\/\/api.w.org\/{rel}","templated":true}]}}