{"id":112475,"date":"2025-02-26T10:33:24","date_gmt":"2025-02-26T09:33:24","guid":{"rendered":"https:\/\/smania.store\/sk\/produkt\/skladacia-kupelnova-policka-bathlux\/"},"modified":"2026-04-10T08:30:10","modified_gmt":"2026-04-10T06:30:10","slug":"skladacia-kupelnova-policka-bathlux","status":"publish","type":"product","link":"https:\/\/smania.store\/sk\/produkt\/skladacia-kupelnova-policka-bathlux\/","title":{"rendered":"Skladacia k\u00fape\u013e\u0148ov\u00e1 poli\u010dka BathLux\u2122"},"content":{"rendered":"<div class=\"smania_landing_description_title\">NOVINKA: \u0160etrite miesto, maximalizujte pohodlie<\/div>\n<div class=\"smania_landing_description_txt\">Vneste do svojej k\u00fape\u013ene poriadok bez toho, aby ste zaberali miesto!<\/div>\n<div class=\"smania_landing_description_subtitle\">Vneste eleganciu a poriadok s na\u0161\u00edm n\u00e1stenn\u00fdm skladac\u00edm k\u00fape\u013e\u0148ov\u00fdm reg\u00e1lom BathLux\u2122. Tento n\u00e1stenn\u00fd dr\u017eiak vyroben\u00fd z odoln\u00e9ho hlin\u00edka je nevyhnutn\u00fdm doplnkom do va\u0161ej k\u00fape\u013ene, sp\u00e1lne alebo kuchyne! Je robustn\u00fd, ale \u013eahk\u00fd a m\u00e1 neuverite\u013ene ve\u013ek\u00fa nosnos\u0165. Navy\u0161e sa nen\u00e1padne zlo\u017e\u00ed k stene, \u010d\u00edm v pr\u00edpade potreby uvo\u013en\u00ed cenn\u00fd priestor na podlahe. Ide\u00e1lny pre mal\u00e9 aj ve\u013ek\u00e9 dom\u00e1cnosti.<\/div>\n<div class=\"smania_landing_description_list\">\n<ul>\n<li>Bezchybne zorganizujte svoj priestor<\/li>\n<li>Vyroben\u00fd z \u013eahk\u00e9ho, ale pevn\u00e9ho hlin\u00edka<\/li>\n<li>R\u00fdchla a jednoduch\u00e1 in\u0161tal\u00e1cia v\u010faka pr\u00edsavk\u00e1m<\/li>\n<li>Minimalistick\u00fd dizajn, ktor\u00fd sa hod\u00ed do ka\u017edej dom\u00e1cnosti<\/li>\n<li>Ide\u00e1lny do k\u00fape\u013ene, kuchyne a \u010fal\u0161\u00edch priestorov<\/li>\n<\/ul><\/div>\n","protected":false},"excerpt":{"rendered":"<p>Ide\u00e1lne pre men\u0161ie byty a priestory|Okam\u017eite dod\u00e1 va\u0161ej dom\u00e1cnosti eleganciu|Odoln\u00fd a navrhnut\u00fd tak, aby vydr\u017eal|Elegantn\u00fd, minimalistick\u00fd dizajn|Ve\u013ek\u00e1 nosnos\u0165|Jednoduch\u00e9 skladanie, \u0161etr\u00ed cenn\u00e9 miesto|R\u00fdchla in\u0161tal\u00e1cia pomocou prilo\u017een\u00fdch pr\u00edsaviek|Rozmery v zlo\u017eenom stave: 47 x 15 x 21,8 cm|Rozmery v rozlo\u017eenom stave: 47 x 21,8 x 21,2 cm|Sp\u00f4sob in\u0161tal\u00e1cie: mont\u00e1\u017e na stenu|Materi\u00e1l: hlin\u00edk<\/p>\n","protected":false},"featured_media":117859,"template":"","meta":[],"product_cat":[16],"product_tag":[1484],"acf":[],"_links":{"self":[{"href":"https:\/\/smania.store\/sk\/wp-json\/wp\/v2\/product\/112475"}],"collection":[{"href":"https:\/\/smania.store\/sk\/wp-json\/wp\/v2\/product"}],"about":[{"href":"https:\/\/smania.store\/sk\/wp-json\/wp\/v2\/types\/product"}],"wp:featuredmedia":[{"embeddable":true,"href":"https:\/\/smania.store\/sk\/wp-json\/wp\/v2\/media\/117859"}],"wp:attachment":[{"href":"https:\/\/smania.store\/sk\/wp-json\/wp\/v2\/media?parent=112475"}],"wp:term":[{"taxonomy":"product_cat","embeddable":true,"href":"https:\/\/smania.store\/sk\/wp-json\/wp\/v2\/product_cat?post=112475"},{"taxonomy":"product_tag","embeddable":true,"href":"https:\/\/smania.store\/sk\/wp-json\/wp\/v2\/product_tag?post=112475"}],"curies":[{"name":"wp","href":"https:\/\/api.w.org\/{rel}","templated":true}]}}