{"id":34905,"date":"2022-11-02T08:29:44","date_gmt":"2022-11-02T07:29:44","guid":{"rendered":"https:\/\/smania.store\/sk\/?page_id=34905"},"modified":"2024-05-21T10:21:58","modified_gmt":"2024-05-21T08:21:58","slug":"outlet","status":"publish","type":"page","link":"https:\/\/smania.store\/sk\/outlet\/","title":{"rendered":"V\u00fdpredaj"},"content":{"rendered":"<div style=\"margin-top:-40px;\" class=\"term-description term-description_smania\">Outlet Smania pon\u00faka \u0161irok\u00fd v\u00fdber vzru\u0161uj\u00facich a praktick\u00fdch produktov a\u017e so z\u013eavou <b style=\"color:#fff;background:#09c3b2;padding:2px 4px;border-radius:4px;\">15%<\/b>! Vyu\u017eite t\u00fato pr\u00edle\u017eitos\u0165, z\u00e1soby s\u00fa obmedzen\u00e9! Pr\u00edjemn\u00e9 nakupovanie!<\/div>\n\n\n<div class=\"wp-block-image smania_category_image_topper smania_category_image_topper-desktop\">\n<figure class=\"aligncenter size-large\" id=\"smania_category_page_img_main\"><img decoding=\"async\" src=\"https:\/\/s-mania.si\/wp-content\/uploads\/OUTLET-desktop-banner-1024x287.png\" alt=\"\" class=\"wp-image-35282\"\/><\/figure><\/div>\n\n<div class=\"wp-block-image smania_category_image_topper smania_category_image_topper-mobile\">\n<figure class=\"aligncenter size-full\" id=\"smania_category_page_img_main\"><img decoding=\"async\" src=\"https:\/\/s-mania.si\/wp-content\/uploads\/OUTLET-mobile-banner.png\" alt=\"\" class=\"wp-image-35291\"\/><\/figure><\/div>\n\n\n<br>\n<div class=\"smania_home_title\" style=\"text-align: left\">\n<span style=\"color:#C20114;font-weight:bold;font-size:42px\">V\u0161etky polo\u017eky<\/span>\n<\/div>\n","protected":false},"excerpt":{"rendered":"","protected":false},"author":1,"featured_media":0,"parent":0,"menu_order":0,"comment_status":"closed","ping_status":"closed","template":"","meta":[],"acf":[],"_links":{"self":[{"href":"https:\/\/smania.store\/sk\/wp-json\/wp\/v2\/pages\/34905"}],"collection":[{"href":"https:\/\/smania.store\/sk\/wp-json\/wp\/v2\/pages"}],"about":[{"href":"https:\/\/smania.store\/sk\/wp-json\/wp\/v2\/types\/page"}],"author":[{"embeddable":true,"href":"https:\/\/smania.store\/sk\/wp-json\/wp\/v2\/users\/1"}],"replies":[{"embeddable":true,"href":"https:\/\/smania.store\/sk\/wp-json\/wp\/v2\/comments?post=34905"}],"version-history":[{"count":2,"href":"https:\/\/smania.store\/sk\/wp-json\/wp\/v2\/pages\/34905\/revisions"}],"predecessor-version":[{"id":53676,"href":"https:\/\/smania.store\/sk\/wp-json\/wp\/v2\/pages\/34905\/revisions\/53676"}],"wp:attachment":[{"href":"https:\/\/smania.store\/sk\/wp-json\/wp\/v2\/media?parent=34905"}],"curies":[{"name":"wp","href":"https:\/\/api.w.org\/{rel}","templated":true}]}}