{"id":1725,"date":"2021-05-19T05:40:43","date_gmt":"2021-05-19T03:40:43","guid":{"rendered":"https:\/\/s-mania.si\/?page_id=1725"},"modified":"2024-02-13T09:32:08","modified_gmt":"2024-02-13T08:32:08","slug":"o-nas","status":"publish","type":"page","link":"https:\/\/smania.store\/sk\/o-nas\/","title":{"rendered":"O n\u00e1s"},"content":{"rendered":"\n<div class=\"smania_static_side\">\n\n    <div class=\"smania_static_side_left\">\n        <h4>Adresa<\/h4>\n        DFVU d.o.o.\n        <br>\n        Liparjeva cesta 6a\n        <br>\n        1234 Menge\u0161\n        <br>\n        Slovinsko\n        \n        <br><br>\n        <h4>Email<\/h4>\n        <a href=\"mailto:sk@smania.store\">sk@smania.store<\/a>\n        \n        <br><br>\n        <h4>Telef\u00f3n<\/h4>\n        <a href=\"tel:02 3332 3415 \">02 3332 3415<\/a>\n        \n        <br><br>\n        <h4>Pracovn\u00e1 doba<\/h4>\n        Od pondelka do piatku: 8:00\u201316:00\n        \n        <br><br>\n        <h4>Inform\u00e1cie o podniku<\/h4>\n        Registr\u00e1tor: AJPES, \u00farad v Ljubljane\n        <br>\n        D\u00e1tum registr\u00e1cie: 13.12.2016\n        \n        <br><br>\n        <h4>Identifika\u010dn\u00e9 \u00fadaje<\/h4>\n        I\u010c DPH: SI35983175\n        <br>\n        Platite\u013e DPH: \u00c1NO\n        <br>\n        Registra\u010dn\u00e9 \u010d\u00edslo: 7193548000\n        <br>\n        Bankov\u00fd \u00fa\u010det: SI56 6100 0001 5525 391 (DELAVSKA HRANILNICA d.d)\n        <br>\n        BIC: HDELSI22\n    \n    <\/div>\n    \n    <div class=\"smania_static_side_right\">\n    \n        <h3>N\u00c1STENKA<\/h3>\n        <span style=\"color: #808080;\">29.03.2021<\/span>\n        <br>\n        <strong>Ozn\u00e1menie o nepou\u017e\u00edvan\u00ed pe\u010diatky na overovanie dokumentov<\/strong>\n        <br>\n        <a target=\"_blank\" href=\"https:\/\/s-mania.si\/wp-content\/uploads\/doc\/Sklep-o-neuporabi-%C5%BEiga-2021.pdf\" rel=\"noopener\">Zobrazi\u0165 dokument<\/a>\n    \n    <\/div>\n    \n<\/div>\n    \n    <style>\n    \n    #main a {\n        color: #0087DE;\n        text-decoration: none!important;\n        }\n    \n    .smania_static_side {\n    \n        display: flex;\n        flex-direction: row;\n    \n    }\n    \n    .smania_static_side_left {\n    \n        padding-right: 40px;\n        margin-right: 40px;\n        border-right: 1px solid #dcdcdc;\n    \n    }\n    \n    @media only screen and (max-width: 800px) {\n    \n        .smania_static_side {\n    \n            flex-direction: column;\n    \n        }\n    \n        .smania_static_side > div {\n    \n            width: 100%;\n    \n        }\n    \n        .smania_static_side_left {\n    \n            padding-right: 0;\n            margin-right: 0;\n            border-right: none;\n    \n            padding-bottom: 40px;\n            margin-bottom: 40px;\n            border-bottom: 1px solid #dcdcdc;\n    \n        }\n    \n    }\n    \n    <\/style>\n\n\n\n<p><\/p>\n","protected":false},"excerpt":{"rendered":"<p>Adresa DFVU d.o.o. Liparjeva cesta 6a 1234 Menge\u0161 Slovinsko Email sk@smania.store Telef\u00f3n 02 3332 3415 Pracovn\u00e1 doba Od pondelka do piatku: 8:00\u201316:00 Inform\u00e1cie o podniku Registr\u00e1tor: AJPES, \u00farad v Ljubljane D\u00e1tum registr\u00e1cie: 13.12.2016 Identifika\u010dn\u00e9 \u00fadaje I\u010c DPH: SI35983175 Platite\u013e DPH: \u00c1NO Registra\u010dn\u00e9 \u010d\u00edslo: 7193548000 Bankov\u00fd \u00fa\u010det: SI56 6100 0001 5525 391 (DELAVSKA HRANILNICA d.d) BIC: [&hellip;]<\/p>\n","protected":false},"author":1,"featured_media":0,"parent":0,"menu_order":0,"comment_status":"closed","ping_status":"closed","template":"","meta":[],"acf":[],"_links":{"self":[{"href":"https:\/\/smania.store\/sk\/wp-json\/wp\/v2\/pages\/1725"}],"collection":[{"href":"https:\/\/smania.store\/sk\/wp-json\/wp\/v2\/pages"}],"about":[{"href":"https:\/\/smania.store\/sk\/wp-json\/wp\/v2\/types\/page"}],"author":[{"embeddable":true,"href":"https:\/\/smania.store\/sk\/wp-json\/wp\/v2\/users\/1"}],"replies":[{"embeddable":true,"href":"https:\/\/smania.store\/sk\/wp-json\/wp\/v2\/comments?post=1725"}],"version-history":[{"count":35,"href":"https:\/\/smania.store\/sk\/wp-json\/wp\/v2\/pages\/1725\/revisions"}],"predecessor-version":[{"id":52427,"href":"https:\/\/smania.store\/sk\/wp-json\/wp\/v2\/pages\/1725\/revisions\/52427"}],"wp:attachment":[{"href":"https:\/\/smania.store\/sk\/wp-json\/wp\/v2\/media?parent=1725"}],"curies":[{"name":"wp","href":"https:\/\/api.w.org\/{rel}","templated":true}]}}