{"id":39688,"date":"2026-05-15T06:32:23","date_gmt":"2026-05-15T04:32:23","guid":{"rendered":"https:\/\/smania.store\/rs\/proizvod\/lotionshelf-drzac-za-losion-sa-usisnom-casicom-za-tusiranje\/"},"modified":"2026-05-15T06:32:23","modified_gmt":"2026-05-15T04:32:23","slug":"lotionshelf-drzac-za-losion-sa-usisnom-casicom-za-tusiranje","status":"publish","type":"product","link":"https:\/\/smania.store\/rs\/proizvod\/lotionshelf-drzac-za-losion-sa-usisnom-casicom-za-tusiranje\/","title":{"rendered":"LotionShelf\u2122 dr\u017ea\u010d za losion sa usisnom \u010da\u0161icom za tu\u0161iranje"},"content":{"rendered":"<div class=\"smania_landing_description_title\">NOVO: Laka trenutna organizacija zidova<\/div>\n<div class=\"smania_landing_description_txt\">Instantna zidna skladi\u0161ta, bez truda!<\/div>\n<div class=\"smania_landing_description_subtitle\">Recite zbogom alatima i slo\u017eenim instalacijama uz LotionShelf\u2122! Lako pretvorite svoju kupatilo u organizovanu oazu bez bu\u0161enja, bez o\u0161te\u0107enja i bez muke. Samo okrenite da zaklju\u010date i odmah u\u017eivajte u sna\u017enoj podr\u0161ci i modernom izgledu.<\/div>\n<div class=\"smania_landing_description_list\">\n<ul>\n<li>Stvara trenutni dodatni prostor <\/li>\n<li>Nema potrebe za alatom ili bu\u0161enjem <\/li>\n<li>Dodatnih 7 kuka za pe\u0161kire i dodatke <\/li>\n<li>Jednostavna prilagodljivost i prenosivost <\/li>\n<li>Laka za \u010di\u0161\u0107enje, povr\u0161ina otporna na mrlje <\/li>\n<li>Neverovatna nosivost<\/li>\n<\/ul><\/div>\n","protected":false},"excerpt":{"rendered":"<p>Revolucionarna Instalacija Bez Rupa |Idealno za Vla\u017ene Prostore |Savr\u0161eno za Male Kupatila |Bez Tragova na Zidu Nakon Kori\u0161\u0107enja|Boja: Srebrna |Dodatnih 7 kuka |Nosivost: do 30 kg |Dimenzije: 50 x 13,8 x 10 cm<\/p>\n","protected":false},"featured_media":39676,"template":"","meta":[],"product_cat":[16],"product_tag":[],"acf":[],"_links":{"self":[{"href":"https:\/\/smania.store\/rs\/wp-json\/wp\/v2\/product\/39688"}],"collection":[{"href":"https:\/\/smania.store\/rs\/wp-json\/wp\/v2\/product"}],"about":[{"href":"https:\/\/smania.store\/rs\/wp-json\/wp\/v2\/types\/product"}],"wp:featuredmedia":[{"embeddable":true,"href":"https:\/\/smania.store\/rs\/wp-json\/wp\/v2\/media\/39676"}],"wp:attachment":[{"href":"https:\/\/smania.store\/rs\/wp-json\/wp\/v2\/media?parent=39688"}],"wp:term":[{"taxonomy":"product_cat","embeddable":true,"href":"https:\/\/smania.store\/rs\/wp-json\/wp\/v2\/product_cat?post=39688"},{"taxonomy":"product_tag","embeddable":true,"href":"https:\/\/smania.store\/rs\/wp-json\/wp\/v2\/product_tag?post=39688"}],"curies":[{"name":"wp","href":"https:\/\/api.w.org\/{rel}","templated":true}]}}