{"id":39526,"date":"2026-04-22T11:31:11","date_gmt":"2026-04-22T09:31:11","guid":{"rendered":"https:\/\/smania.store\/rs\/proizvod\/simstation-set-za-edukativnu-simulaciju-voznje\/"},"modified":"2026-04-22T11:31:11","modified_gmt":"2026-04-22T09:31:11","slug":"simstation-set-za-edukativnu-simulaciju-voznje","status":"publish","type":"product","link":"https:\/\/smania.store\/rs\/proizvod\/simstation-set-za-edukativnu-simulaciju-voznje\/","title":{"rendered":"SimStation\u2122 set za edukativnu simulaciju vo\u017enje"},"content":{"rendered":"<div class=\"smania_landing_description_title\">NOVO: Ultimativno Voza\u010dko Iskustvo<\/div>\n<div class=\"smania_landing_description_txt\">Male ruke, velike avanture \u2014 idemo na vo\u017enju! Vrum, vrum!<\/div>\n<div class=\"smania_landing_description_subtitle\">Pokrenite ma\u0161tu svog deteta! Ova interaktivna vo\u017enja donosi svetla, zvukove i pravu zabavu sa upravlja\u010dem \u2014 pretvaraju\u0107i vreme za igru u avanturu. Savr\u0161en poklon koji inspiri\u0161e u\u010denje, kreativnost i beskrajne osmehe!<\/div>\n<div class=\"smania_landing_description_list\">\n<ul>\n<li>Realisti\u010dna svetla, zvuci i pokreti za uzbudljivo iskustvo igre <\/li>\n<li>Podsti\u010de ma\u0161tu, koordinaciju i kreativnu igru uloga <\/li>\n<li>Sadr\u017ei volan za simulaciju vo\u017enje, papu\u010dicu gasa i ko\u010dnicu <\/li>\n<li>Sigurno, stabilno i savr\u0161eno prilago\u0111eno za male voza\u010de <\/li>\n<li>Savr\u0161en poklon za radoznalu i avanturisti\u010dku decu koja vole da istra\u017euju<\/li>\n<\/ul><\/div>\n","protected":false},"excerpt":{"rendered":"<p>Pogodno za uzrast od 36 meseci i vi\u0161e |Ugra\u0111ena muzika sa pode\u0161avanjem ja\u010dine zvuka |Meke LED svetlosti koje su blage za de\u010dije o\u010di |Odvojivi \u017ei\u010dni zvu\u010dnik za interaktivnu igru |Cikli\u010dna rotiraju\u0107a scena puta za realisti\u010dan efekat vo\u017enje |Volan se okre\u0107e 90\u00b0 levo i desno za realnu kontrolu|Materijal: ABS, PP, PE (ASTM sertifikovan) |Dimenzije (Igra\u010dka): 47 \u00d7 47 \u00d7 55 cm |Dimenzije (Stolica): 23 \u00d7 23 \u00d7 20 cm |Te\u017eina: 3 kg |Kapacitet stolice: 50 kg |Tip baterije: 6 \u00d7 1.5V AA baterije (nisu uklju\u010dene)<\/p>\n","protected":false},"featured_media":39513,"template":"","meta":[],"product_cat":[17],"product_tag":[1550,1488,1510],"acf":[],"_links":{"self":[{"href":"https:\/\/smania.store\/rs\/wp-json\/wp\/v2\/product\/39526"}],"collection":[{"href":"https:\/\/smania.store\/rs\/wp-json\/wp\/v2\/product"}],"about":[{"href":"https:\/\/smania.store\/rs\/wp-json\/wp\/v2\/types\/product"}],"wp:featuredmedia":[{"embeddable":true,"href":"https:\/\/smania.store\/rs\/wp-json\/wp\/v2\/media\/39513"}],"wp:attachment":[{"href":"https:\/\/smania.store\/rs\/wp-json\/wp\/v2\/media?parent=39526"}],"wp:term":[{"taxonomy":"product_cat","embeddable":true,"href":"https:\/\/smania.store\/rs\/wp-json\/wp\/v2\/product_cat?post=39526"},{"taxonomy":"product_tag","embeddable":true,"href":"https:\/\/smania.store\/rs\/wp-json\/wp\/v2\/product_tag?post=39526"}],"curies":[{"name":"wp","href":"https:\/\/api.w.org\/{rel}","templated":true}]}}