{"id":39512,"date":"2026-04-22T11:28:18","date_gmt":"2026-04-22T09:28:18","guid":{"rendered":"https:\/\/smania.store\/rs\/proizvod\/racermaze-lavirint-staza-za-trkacke-automobile\/"},"modified":"2026-04-22T11:28:18","modified_gmt":"2026-04-22T09:28:18","slug":"racermaze-lavirint-staza-za-trkacke-automobile","status":"publish","type":"product","link":"https:\/\/smania.store\/rs\/proizvod\/racermaze-lavirint-staza-za-trkacke-automobile\/","title":{"rendered":"RacerMaze\u2122 lavirint staza za trka\u010dke automobile"},"content":{"rendered":"<div class=\"smania_landing_description_title\">NOVO, otklju\u010dajte beskrajnu zabavu sada!<\/div>\n<div class=\"smania_landing_description_txt\">Pretvorite vreme igre u uzbudljivu avanturu!<\/div>\n<div class=\"smania_landing_description_subtitle\"> Oslobodite ma\u0161tu svog deteta uz RacerMaze\u2122! Ova zadivljuju\u0107a 2-u-1 igra\u010dka je jedinstvena, kombinuju\u0107i uzbudljive trke automobila sa zabavnim izazovima re\u0161avanja problema. Napravljena od visokokvalitetnih, netoksi\u010dnih materijala, dizajnirana je za beskrajnu zabavu i bezbednu igru. Pove\u0107ajte vreme igre va\u0161eg deteta i gledajte kako njihove ve\u0161tine rastu!<\/div>\n<div class=\"smania_landing_description_list\">\n<ul>\n<li>Pobolj\u0161ava motori\u010dke sposobnosti zabavnim izazovima<\/li>\n<li>Poja\u010dava sposobnost re\u0161avanja problema<\/li>\n<li>Ja\u010da koordinaciju oko-ruka<\/li>\n<li>Dolazi sa 5 uzbudljivih mini automobila + avionom<\/li>\n<li>Uklju\u010duje dugmad za dinami\u010dku kontrolu<\/li>\n<li>Bezbedna igra sa zaobljenim ivicama<\/li>\n<\/ul><\/div>\n","protected":false},"excerpt":{"rendered":"<p>Interaktivna igra\u010dka za zbli\u017eavanje roditelja i deteta|Podsti\u010de radoznalost i kreativnost|Vi\u0161e \u017eivih boja za prepoznavanje boja|Dimenzije: 24 x 25 x 17 cm|Preporu\u010dena starost: 3+ godine|Paket sadr\u017ei: stazu za automobile, 5 automobila, 1 avion<\/p>\n","protected":false},"featured_media":39498,"template":"","meta":[],"product_cat":[17],"product_tag":[1550,1488],"acf":[],"_links":{"self":[{"href":"https:\/\/smania.store\/rs\/wp-json\/wp\/v2\/product\/39512"}],"collection":[{"href":"https:\/\/smania.store\/rs\/wp-json\/wp\/v2\/product"}],"about":[{"href":"https:\/\/smania.store\/rs\/wp-json\/wp\/v2\/types\/product"}],"wp:featuredmedia":[{"embeddable":true,"href":"https:\/\/smania.store\/rs\/wp-json\/wp\/v2\/media\/39498"}],"wp:attachment":[{"href":"https:\/\/smania.store\/rs\/wp-json\/wp\/v2\/media?parent=39512"}],"wp:term":[{"taxonomy":"product_cat","embeddable":true,"href":"https:\/\/smania.store\/rs\/wp-json\/wp\/v2\/product_cat?post=39512"},{"taxonomy":"product_tag","embeddable":true,"href":"https:\/\/smania.store\/rs\/wp-json\/wp\/v2\/product_tag?post=39512"}],"curies":[{"name":"wp","href":"https:\/\/api.w.org\/{rel}","templated":true}]}}