{"id":39428,"date":"2026-04-08T07:51:33","date_gmt":"2026-04-08T05:51:33","guid":{"rendered":"https:\/\/smania.store\/rs\/proizvod\/stackmax-sklopivi-metalni-stalak-za-police-4-nivoa\/"},"modified":"2026-04-14T20:20:51","modified_gmt":"2026-04-14T18:20:51","slug":"stackmax-sklopivi-metalni-stalak-za-police-4-nivoa","status":"publish","type":"product","link":"https:\/\/smania.store\/rs\/proizvod\/stackmax-sklopivi-metalni-stalak-za-police-4-nivoa\/","title":{"rendered":"StackMax\u2122 sklopivi metalni stalak za police \u2013 4 nivoa"},"content":{"rendered":"<div class=\"smania_landing_description_title\">NOVO: Instantano re\u0161enje za skladi\u0161tenje sa stilom<\/div>\n<div class=\"smania_landing_description_txt\">Rasklopi, slo\u017ei i skladi\u0161ti \u2013 tako je jednostavno!<\/div>\n<div class=\"smania_landing_description_subtitle\">Upoznajte StackMax\u2122 \u2013 sklopivi metalni stalak sa 4 nivoa koji olak\u0161ava organizaciju! Izra\u0111en od \u010dvrstog \u010deli\u010dnog okvira i glatkih to\u010dkova, rasklapa se za nekoliko sekundi i skladi\u0161ti ravno kada nije u upotrebi. Savr\u0161en za knjige, kuhinjske potrep\u0161tine ili kancelarijske potrep\u0161tine \u2013 elegantan, jak i spreman da se pomera gde god vam zatreba!<\/div>\n<div class=\"smania_landing_description_list\">\n<ul>\n<li>Odmah se sklapa u kompaktnih 7.6 cm<\/li>\n<li>Bez napora podr\u017eava do 41 kg po nivou<\/li>\n<li>Potpuna mobilnost sa tihim, zaklju\u010divim to\u010dkovima<\/li>\n<li>Otporna na ogrebotine zavr\u0161na obrada za dugotrajnost<\/li>\n<li>Ve\u0107 sastavljeno za trenutnu upotrebu<\/li>\n<li>\u0160tedi prostor, uklapa se u svaku dekoraciju<\/li>\n<\/ul><\/div>\n","protected":false},"excerpt":{"rendered":"<p>Sklapa se za 5 sekundi|Vodootporan, otporan na r\u0111u dizajn|Izdr\u017eljiv za dugotrajnu upotrebu|Nema potrebe za sklapanjem|Potpuno prenosiv sa 360\u00b0 pokretom to\u010dkova|Dimenzije: 125 x 72 x 34 cm|Broj polica: 4 nivoa|Maksimalna nosivost: do 41kg\/nivo|Boje: Crna, Bela|Posebne karakteristike: Sklopivo, Otporno na ogrebotine, U\u0161teda prostora, 360\u00b0 to\u010dkovi<\/p>\n","protected":false},"featured_media":39415,"template":"","meta":[],"product_cat":[16],"product_tag":[1489],"acf":[],"_links":{"self":[{"href":"https:\/\/smania.store\/rs\/wp-json\/wp\/v2\/product\/39428"}],"collection":[{"href":"https:\/\/smania.store\/rs\/wp-json\/wp\/v2\/product"}],"about":[{"href":"https:\/\/smania.store\/rs\/wp-json\/wp\/v2\/types\/product"}],"wp:featuredmedia":[{"embeddable":true,"href":"https:\/\/smania.store\/rs\/wp-json\/wp\/v2\/media\/39415"}],"wp:attachment":[{"href":"https:\/\/smania.store\/rs\/wp-json\/wp\/v2\/media?parent=39428"}],"wp:term":[{"taxonomy":"product_cat","embeddable":true,"href":"https:\/\/smania.store\/rs\/wp-json\/wp\/v2\/product_cat?post=39428"},{"taxonomy":"product_tag","embeddable":true,"href":"https:\/\/smania.store\/rs\/wp-json\/wp\/v2\/product_tag?post=39428"}],"curies":[{"name":"wp","href":"https:\/\/api.w.org\/{rel}","templated":true}]}}