{"id":39414,"date":"2026-04-08T07:50:25","date_gmt":"2026-04-08T05:50:25","guid":{"rendered":"https:\/\/smania.store\/rs\/proizvod\/woodydraw-organizator-za-radnu-povrsinu-sa-fiokom\/"},"modified":"2026-04-08T07:50:25","modified_gmt":"2026-04-08T05:50:25","slug":"woodydraw-organizator-za-radnu-povrsinu-sa-fiokom","status":"publish","type":"product","link":"https:\/\/smania.store\/rs\/proizvod\/woodydraw-organizator-za-radnu-povrsinu-sa-fiokom\/","title":{"rendered":"WoodyDraw\u2122 organizator za radnu povr\u0161inu sa fiokom"},"content":{"rendered":"<div class=\"smania_landing_description_title\">NOVO, Va\u0161 \u010darobnjak za organizaciju uglova<\/div>\n<div class=\"smania_landing_description_txt\">Pametno skladi\u0161tenje koje donosi mir na va\u0161u radnu povr\u0161inu.<\/div>\n<div class=\"smania_landing_description_subtitle\">Donosite beznaporno organizovanje i prirodnu eleganciju u svoj dom sa ovim stilskim organizatorom za radnu povr\u0161inu. Napravljen od \u010dvrstih materijala, nudi i lepotu i izdr\u017eljivost dok va\u0161i osnovni predmeti ostaju uredno na svom mestu. Prostrana fioka omogu\u0107ava lak pristup i dodatni prostor za va\u0161e svakodnevne stvari, \u010dine\u0107i va\u0161 prostor \u010distijim, smirenijim i savr\u0161eno ure\u0111enim.<\/div>\n<div class=\"smania_landing_description_list\">\n<ul>\n<li>Dr\u017ei male neophodne stvari uredno organizovane i uvek na dohvat ruke<\/li>\n<li>Napravljen od \u010dvrstih materijala za dugotrajnu stabilnost i snagu<\/li>\n<li>Kombinuje prirodnu toplinu i moderni minimalizam kako bi unapredio dekoraciju svake prostorije<\/li>\n<li>Maksimizuje prostor na radnoj povr\u0161ini dok odr\u017eava va\u0161 dom urednim i elegantnim<\/li>\n<li>Savr\u0161eno za skladi\u0161tenje svakodnevnih predmeta u kuhinji, kupatilu, kancelariji ili hodniku<\/li>\n<\/ul><\/div>\n","protected":false},"excerpt":{"rendered":"<p>Fleksibilna fioka: Izvla\u010dna|Monta\u017ea: Samostoje\u0107a i lako prenosiva|Struktura: Stabilna konstrukcija|Veli\u010dina: 37 \u00d7 26 \u00d7 21.3 cm (visina fioke: 9 cm)|Materijal: Drvo, Metal|Boja: Svetlo braon, Crna<\/p>\n","protected":false},"featured_media":39404,"template":"","meta":[],"product_cat":[16],"product_tag":[1489],"acf":[],"_links":{"self":[{"href":"https:\/\/smania.store\/rs\/wp-json\/wp\/v2\/product\/39414"}],"collection":[{"href":"https:\/\/smania.store\/rs\/wp-json\/wp\/v2\/product"}],"about":[{"href":"https:\/\/smania.store\/rs\/wp-json\/wp\/v2\/types\/product"}],"wp:featuredmedia":[{"embeddable":true,"href":"https:\/\/smania.store\/rs\/wp-json\/wp\/v2\/media\/39404"}],"wp:attachment":[{"href":"https:\/\/smania.store\/rs\/wp-json\/wp\/v2\/media?parent=39414"}],"wp:term":[{"taxonomy":"product_cat","embeddable":true,"href":"https:\/\/smania.store\/rs\/wp-json\/wp\/v2\/product_cat?post=39414"},{"taxonomy":"product_tag","embeddable":true,"href":"https:\/\/smania.store\/rs\/wp-json\/wp\/v2\/product_tag?post=39414"}],"curies":[{"name":"wp","href":"https:\/\/api.w.org\/{rel}","templated":true}]}}