{"id":38839,"date":"2026-01-20T11:50:38","date_gmt":"2026-01-20T10:50:38","guid":{"rendered":"https:\/\/smania.store\/rs\/proizvod\/veloraluxe-drzac-toalet-papira-sa-vakuumskom-casicom-i-policom\/"},"modified":"2026-04-17T10:12:01","modified_gmt":"2026-04-17T08:12:01","slug":"veloraluxe-drzac-toalet-papira-sa-vakuumskom-casicom-i-policom","status":"publish","type":"product","link":"https:\/\/smania.store\/rs\/proizvod\/veloraluxe-drzac-toalet-papira-sa-vakuumskom-casicom-i-policom\/","title":{"rendered":"VeloraLuxe\u2122 dr\u017ea\u010d toalet papira sa vakuumskom \u010da\u0161icom i policom"},"content":{"rendered":"<div class=\"smania_landing_description_title\">NOVA Revolucionarna instalacija bez bu\u0161enja<\/div>\n<div class=\"smania_landing_description_txt\">Dr\u017ea\u010d za toalet papir bez bu\u0161enja sa glamuroznim dodirom!<\/div>\n<div class=\"smania_landing_description_subtitle\">Va\u0161e vrhunsko re\u0161enje za elegantno i efikasno iskustvo u kupatilu!<\/div>\n<div class=\"smania_landing_description_list\">\n<ul>\n<li>Instalacija bez bu\u0161enja za nekoliko sekundi<\/li>\n<li>Primena ekstra jake vakuumske \u010da\u0161ice<\/li>\n<li>Dodatna polica za dodatnu opremu<\/li>\n<li>Lako podr\u017eava velike rolne toaletnog pribora<\/li>\n<li>Jednostavno uklanjanje i ponovna upotreba bez nereda<\/li>\n<\/ul><\/div>\n","protected":false},"excerpt":{"rendered":"<p>Jednostavno pode\u0161avanje bez alata|Bez tragova ili o\u0161te\u0107enja na zidovima|Izdr\u017eljiva i dugotrajna izrada|Premijumsko drvo i ner\u0111aju\u0107i \u010delik otporan na r\u0111u|Pobolj\u0161ava estetiku svakog modernog kupatila|Boje: Braon ili bela|Dimenzije: 18,6 cm x 15,5 cm x 14,6 cm|Materijali: ner\u0111aju\u0107i \u010delik, drvo, silikon|Nosivost: 2 kg|Te\u017eina: 400 g<\/p>\n","protected":false},"featured_media":38857,"template":"","meta":[],"product_cat":[16],"product_tag":[1490],"acf":[],"_links":{"self":[{"href":"https:\/\/smania.store\/rs\/wp-json\/wp\/v2\/product\/38839"}],"collection":[{"href":"https:\/\/smania.store\/rs\/wp-json\/wp\/v2\/product"}],"about":[{"href":"https:\/\/smania.store\/rs\/wp-json\/wp\/v2\/types\/product"}],"wp:featuredmedia":[{"embeddable":true,"href":"https:\/\/smania.store\/rs\/wp-json\/wp\/v2\/media\/38857"}],"wp:attachment":[{"href":"https:\/\/smania.store\/rs\/wp-json\/wp\/v2\/media?parent=38839"}],"wp:term":[{"taxonomy":"product_cat","embeddable":true,"href":"https:\/\/smania.store\/rs\/wp-json\/wp\/v2\/product_cat?post=38839"},{"taxonomy":"product_tag","embeddable":true,"href":"https:\/\/smania.store\/rs\/wp-json\/wp\/v2\/product_tag?post=38839"}],"curies":[{"name":"wp","href":"https:\/\/api.w.org\/{rel}","templated":true}]}}