{"id":38666,"date":"2026-01-09T12:30:25","date_gmt":"2026-01-09T11:30:25","guid":{"rendered":"https:\/\/smania.store\/rs\/proizvod\/torsomax-uredjaj-za-jacanje-ruku-i-grudi\/"},"modified":"2026-04-09T14:35:04","modified_gmt":"2026-04-09T12:35:04","slug":"torsomax-uredjaj-za-jacanje-ruku-i-grudi","status":"publish","type":"product","link":"https:\/\/smania.store\/rs\/proizvod\/torsomax-uredjaj-za-jacanje-ruku-i-grudi\/","title":{"rendered":"TorsoMax\u2122 ure\u0111aj za ja\u010danje ruku i grudi"},"content":{"rendered":"<div class=\"smania_landing_description_title\">NOVO: Brzo transformi\u0161ite svoje telo<\/div>\n<div class=\"smania_landing_description_txt\">Trener za grudi, le\u0111a i noge uvek pri ruci<\/div>\n<div class=\"smania_landing_description_subtitle\"> Unapredite svoj trening sa TorsoMax\u2122 power twister-om! Ovaj kompaktni i prenosivi ure\u0111aj nudi podesivu otpornost od 27 do 45 kg, tako da mo\u017eete izazvati mi\u0161i\u0107e ruku, grudi i nogu bilo gde, u bilo koje vreme. Postignite sna\u017ean trening koji odgovara va\u0161em \u017eivotu i va\u0161em nivou kondicije.<\/div>\n<div class=\"smania_landing_description_list\">\n<ul>\n<li>Podesiva otpornost od 27 do 45 kg <\/li>\n<li>Siguran, protivklizni ergonomski dr\u017ea\u010d za maksimalnu udobnost <\/li>\n<li>Cilja vi\u0161e mi\u0161i\u0107nih grupa i nudi razli\u010dite ve\u017ebe <\/li>\n<li>Kompaktna te\u017eina od 3,5 kg, veli\u010dina za skladi\u0161tenje 25 cm (kada je sklopljeno) <\/li>\n<li>Brza, 30-sekundna postavka <\/li>\n<li>Testirano na izdr\u017eljivost, opruge od \u010delika visoke karbonske \u010disto\u0107e<\/li>\n<\/ul><\/div>\n","protected":false},"excerpt":{"rendered":"<p>Idealno za sve nivoe fizi\u010dke spremnosti: nudi podesivu intenzitet |Kvalitetan dizajn sa lakim, neprekidnim pokretima opruge |Ve\u017ebe kvalitetne kao u teretani, u pokretu: sklopivo za laku skladi\u0161tenje |Savr\u0161eno za kori\u0161\u0107enje kod ku\u0107e, na otvorenom i u pokretu|Dimenzije proizvoda: 67cm x 17cm (kada je sastavljen) |Materijal: Legirani \u010delik |Visokokvalitetni \u010delik i stabilizacione opruge |Povu\u010den za lak\u0161e skladi\u0161tenje<\/p>\n","protected":false},"featured_media":38653,"template":"","meta":[],"product_cat":[21],"product_tag":[1545],"acf":[],"_links":{"self":[{"href":"https:\/\/smania.store\/rs\/wp-json\/wp\/v2\/product\/38666"}],"collection":[{"href":"https:\/\/smania.store\/rs\/wp-json\/wp\/v2\/product"}],"about":[{"href":"https:\/\/smania.store\/rs\/wp-json\/wp\/v2\/types\/product"}],"wp:featuredmedia":[{"embeddable":true,"href":"https:\/\/smania.store\/rs\/wp-json\/wp\/v2\/media\/38653"}],"wp:attachment":[{"href":"https:\/\/smania.store\/rs\/wp-json\/wp\/v2\/media?parent=38666"}],"wp:term":[{"taxonomy":"product_cat","embeddable":true,"href":"https:\/\/smania.store\/rs\/wp-json\/wp\/v2\/product_cat?post=38666"},{"taxonomy":"product_tag","embeddable":true,"href":"https:\/\/smania.store\/rs\/wp-json\/wp\/v2\/product_tag?post=38666"}],"curies":[{"name":"wp","href":"https:\/\/api.w.org\/{rel}","templated":true}]}}