{"id":38652,"date":"2026-01-09T12:26:20","date_gmt":"2026-01-09T11:26:20","guid":{"rendered":"https:\/\/smania.store\/rs\/proizvod\/skihip-visenamenska-skijaska-trening-tabla\/"},"modified":"2026-03-18T10:54:38","modified_gmt":"2026-03-18T09:54:38","slug":"skihip-visenamenska-skijaska-trening-tabla","status":"publish","type":"product","link":"https:\/\/smania.store\/rs\/proizvod\/skihip-visenamenska-skijaska-trening-tabla\/","title":{"rendered":"SkiHip\u2122 vi\u0161enamenska skija\u0161ka trening tabla"},"content":{"rendered":"<div class=\"smania_landing_description_title\">NOVO: Iskusite skijanje unutra<\/div>\n<div class=\"smania_landing_description_txt\">Simulirajte i unapredite ve\u0161tinu skijanja kod ku\u0107e!<\/div>\n<div class=\"smania_landing_description_subtitle\">Donosite zabavu i kondiciju skijanja u svoj dom sa SkiHip\u2122 vi\u0161enamenskom trening daskom. Laka i jednostavna za skladi\u0161tenje, ova ma\u0161ina je va\u0161 klju\u010d za uzbudljiv trening i ja\u010de telo.<\/div>\n<div class=\"smania_landing_description_list\">\n<ul>\n<li>Simulira pravo skijanje za pobolj\u0161anje kardiovaskularne izdr\u017eljivosti<\/li>\n<li>Pove\u0107ava snagu nogu i kukova<\/li>\n<li>Podsti\u010de oporavak nakon poro\u0111aja<\/li>\n<li>Ja\u010da mi\u0161i\u0107e karli\u010dnog dna<\/li>\n<li>Pedale koje ne klize i glatko pomeranje kompartmana<\/li>\n<li>Kompaktan i lak za skladi\u0161tenje<\/li>\n<\/ul><\/div>\n","protected":false},"excerpt":{"rendered":"<p>Ve\u017ebajte bilo kada, bilo gde: jednostavna postavka i skladi\u0161tenje|Sigurno za kori\u0161\u0107enje kod ku\u0107e ili u studentskom domu, \u010dvrsto se dr\u017ei povr\u0161ine|Tiho tokom kori\u0161\u0107enja kako ne bi ometalo druge|Pobolj\u0161ava ravnote\u017eu i koordinaciju|Raspre\u0111ene dimenzije: 124 x 28.5 x 5.5 cm|Spre\u0111ene dimenzije: 63 x 28.5 x 11 cm|Visina naslona za ruke: 90 cm|Maksimalna te\u017eina: 150 kg<\/p>\n","protected":false},"featured_media":38628,"template":"","meta":[],"product_cat":[21],"product_tag":[1545],"acf":[],"_links":{"self":[{"href":"https:\/\/smania.store\/rs\/wp-json\/wp\/v2\/product\/38652"}],"collection":[{"href":"https:\/\/smania.store\/rs\/wp-json\/wp\/v2\/product"}],"about":[{"href":"https:\/\/smania.store\/rs\/wp-json\/wp\/v2\/types\/product"}],"wp:featuredmedia":[{"embeddable":true,"href":"https:\/\/smania.store\/rs\/wp-json\/wp\/v2\/media\/38628"}],"wp:attachment":[{"href":"https:\/\/smania.store\/rs\/wp-json\/wp\/v2\/media?parent=38652"}],"wp:term":[{"taxonomy":"product_cat","embeddable":true,"href":"https:\/\/smania.store\/rs\/wp-json\/wp\/v2\/product_cat?post=38652"},{"taxonomy":"product_tag","embeddable":true,"href":"https:\/\/smania.store\/rs\/wp-json\/wp\/v2\/product_tag?post=38652"}],"curies":[{"name":"wp","href":"https:\/\/api.w.org\/{rel}","templated":true}]}}