{"id":38627,"date":"2026-01-09T12:25:50","date_gmt":"2026-01-09T11:25:50","guid":{"rendered":"https:\/\/smania.store\/rs\/proizvod\/dinoglow-led-projektor-u-obliku-jaja-dinosaurusa-sa-21-temom\/"},"modified":"2026-04-11T21:02:45","modified_gmt":"2026-04-11T19:02:45","slug":"dinoglow-led-projektor-u-obliku-jaja-dinosaurusa-sa-21-temom","status":"publish","type":"product","link":"https:\/\/smania.store\/rs\/proizvod\/dinoglow-led-projektor-u-obliku-jaja-dinosaurusa-sa-21-temom\/","title":{"rendered":"DinoGlow\u2122 LED projektor u obliku jaja dinosaurusa sa 21 temom"},"content":{"rendered":"<div class=\"smania_landing_description_title\">NOVO \u2013 Trenutno pove\u0107anje sjaja<\/div>\n<div class=\"smania_landing_description_txt\">Donesite magiju pred spavanje!<\/div>\n<div class=\"smania_landing_description_subtitle\">DinoGlow\u2122 LED projektor transformi\u0161e de\u010dije sobe u \u010darobne svetove sa dinosaurusima, zvezdama i jo\u0161 mnogo toga. Sa 21 svetlosnim efektom, umiruju\u0107om muzikom i rotacijom od 360\u00b0, to je savr\u0161ena me\u0161avina zabave i opu\u0161tanja.<\/div>\n<div class=\"smania_landing_description_list\">\n<ul>\n<li>21 sanjiva tema \u2013 dinosaurusi, zvezde, sirene i jo\u0161 mnogo toga<\/li>\n<li>3 re\u017eima osvetljenja \u2013 belo, toplo ili plavo za svako raspolo\u017eenje<\/li>\n<li>2-u-1 dizajn \u2013 Udobno no\u0107no svetlo + HD projektor<\/li>\n<li>Rotacija od 360\u00b0 \u2013 O\u017eivljava \u0161are<\/li>\n<li>Kutija spremna za poklon \u2013 Idealna za ro\u0111endane i praznike<\/li>\n<\/ul><\/div>\n","protected":false},"excerpt":{"rendered":"<p>Pretvara vreme za spavanje u magi\u010dno iskustvo|Poma\u017ee deci da se opuste i spavaju bez straha od mraka|Zabavna, interaktivna svetlosna predstava za vreme igre|Prenosivo, punjivo i bezbedno za decu|Jedinstven poklon koji \u0107e iznenaditi svako dete|Materijal: ABS, PC|Svetle boje: bela, topla, plava|Veli\u010dina: 12,3 \u00d7 12,3 \u00d7 14,6 cm|Kapacitet baterije: 1200 mAh|Paket sadr\u017ei: 1 \u00d7 No\u0107no svetlo, 21 \u00d7 Projekcioni film, 1 \u00d7 USB kabl, 1 \u00d7 Uputstvo<\/p>\n","protected":false},"featured_media":38615,"template":"","meta":[],"product_cat":[17,23],"product_tag":[1550,1488,1872],"acf":[],"_links":{"self":[{"href":"https:\/\/smania.store\/rs\/wp-json\/wp\/v2\/product\/38627"}],"collection":[{"href":"https:\/\/smania.store\/rs\/wp-json\/wp\/v2\/product"}],"about":[{"href":"https:\/\/smania.store\/rs\/wp-json\/wp\/v2\/types\/product"}],"wp:featuredmedia":[{"embeddable":true,"href":"https:\/\/smania.store\/rs\/wp-json\/wp\/v2\/media\/38615"}],"wp:attachment":[{"href":"https:\/\/smania.store\/rs\/wp-json\/wp\/v2\/media?parent=38627"}],"wp:term":[{"taxonomy":"product_cat","embeddable":true,"href":"https:\/\/smania.store\/rs\/wp-json\/wp\/v2\/product_cat?post=38627"},{"taxonomy":"product_tag","embeddable":true,"href":"https:\/\/smania.store\/rs\/wp-json\/wp\/v2\/product_tag?post=38627"}],"curies":[{"name":"wp","href":"https:\/\/api.w.org\/{rel}","templated":true}]}}