{"id":38602,"date":"2026-01-09T12:19:20","date_gmt":"2026-01-09T11:19:20","guid":{"rendered":"https:\/\/smania.store\/rs\/proizvod\/clipmunch-stolica-za-hranjenje-beba-sa-platom-koja-se-kaci\/"},"modified":"2026-01-19T14:53:56","modified_gmt":"2026-01-19T13:53:56","slug":"clipmunch-stolica-za-hranjenje-beba-sa-platom-koja-se-kaci","status":"publish","type":"product","link":"https:\/\/smania.store\/rs\/proizvod\/clipmunch-stolica-za-hranjenje-beba-sa-platom-koja-se-kaci\/","title":{"rendered":"ClipMunch\u2122 stolica za hranjenje beba sa platom koja se ka\u010di"},"content":{"rendered":"<div class=\"smania_landing_description_title\">NOVO: Dine Ease za Malu Decu<\/div>\n<div class=\"smania_landing_description_txt\">Vreme obroka olak\u0161ano, gde god da krenete!<\/div>\n<div class=\"smania_landing_description_subtitle\"> ClipMunch\u2122 de\u010dja hranilica koja se ka\u010di na sto idealna je za hranjenje kod ku\u0107e ili u pokretu. Bezbedno se pri\u010dvr\u0161\u0107uje na ve\u0107inu stolova i ima ugra\u0111eni sigurnosni pojas. Neklizaju\u0107e ru\u010dke \u0161tite povr\u0161ine stola, dok je ekolo\u0161ka tkanina sedi\u0161ta laka za \u010di\u0161\u0107enje. <\/div>\n<div class=\"smania_landing_description_list\">\n<ul>\n<li>Bez napora se montira za samo 20 sekundi<\/li>\n<li>Uklju\u010deni \u010dvrsti sigurnosni pojas sa 3 ta\u010dke<\/li>\n<li>Prilago\u0111ava se stolovima debljine 20\u201380 mm<\/li>\n<li>Lagana prenosivost za jednostavnu upotrebu u pokretu<\/li>\n<li>Skinjiva navlaka se lako \u010disti<\/li>\n<li>Kompaktno se sklapa i lako se \u010duva<\/li>\n<\/ul><\/div>\n","protected":false},"excerpt":{"rendered":"<p>Pogodno za decu uzrasta od 6 do 36 meseci|Neklizaju\u0107e ru\u010dke \u0161tite povr\u0161ine|Visokokvalitetni poliester za dugotrajnost|Torba za no\u0161enje nije uklju\u010dena|Veli\u010dina poslu\u017eavnika: 25.5 x 37 cm|Odgovara stolovima: debljine od 20mm do 80mm|Maksimalna nosivost: 20 kg|Materijal: Ekolo\u0161ki prihvatljiv 600D materijal, lako se \u010disti<\/p>\n","protected":false},"featured_media":38590,"template":"","meta":[],"product_cat":[17],"product_tag":[1907],"acf":[],"_links":{"self":[{"href":"https:\/\/smania.store\/rs\/wp-json\/wp\/v2\/product\/38602"}],"collection":[{"href":"https:\/\/smania.store\/rs\/wp-json\/wp\/v2\/product"}],"about":[{"href":"https:\/\/smania.store\/rs\/wp-json\/wp\/v2\/types\/product"}],"wp:featuredmedia":[{"embeddable":true,"href":"https:\/\/smania.store\/rs\/wp-json\/wp\/v2\/media\/38590"}],"wp:attachment":[{"href":"https:\/\/smania.store\/rs\/wp-json\/wp\/v2\/media?parent=38602"}],"wp:term":[{"taxonomy":"product_cat","embeddable":true,"href":"https:\/\/smania.store\/rs\/wp-json\/wp\/v2\/product_cat?post=38602"},{"taxonomy":"product_tag","embeddable":true,"href":"https:\/\/smania.store\/rs\/wp-json\/wp\/v2\/product_tag?post=38602"}],"curies":[{"name":"wp","href":"https:\/\/api.w.org\/{rel}","templated":true}]}}