{"id":38568,"date":"2026-01-09T12:11:36","date_gmt":"2026-01-09T11:11:36","guid":{"rendered":"https:\/\/smania.store\/rs\/proizvod\/minetorch-7-boja-punjiva-zidna-led-lampa\/"},"modified":"2026-02-16T12:24:17","modified_gmt":"2026-02-16T11:24:17","slug":"minetorch-7-boja-punjiva-zidna-led-lampa","status":"publish","type":"product","link":"https:\/\/smania.store\/rs\/proizvod\/minetorch-7-boja-punjiva-zidna-led-lampa\/","title":{"rendered":"MineTorch\u2122 7-boja punjiva zidna LED lampa"},"content":{"rendered":"<div class=\"smania_landing_description_title\">NOVO \u2013 7 Boja Svetla i Punjenje<\/div>\n<div class=\"smania_landing_description_txt\">Pretvorite svoj prostor u gaming san<\/div>\n<div class=\"smania_landing_description_subtitle\">Upoznajte MineTorch, svestranu, punjivu lampu sa modernim i prenosivim dizajnom. Savr\u0161ena za stvaranje atmosfere u svakoj prostoriji, mo\u017ee menjati boje kako bi odgovarala svakoj prilici i odli\u010dna je za kori\u0161\u0107enje kod ku\u0107e, putovanja ili kao poklon.<\/div>\n<div class=\"smania_landing_description_list\">\n<ul>\n<li>7 sjajnih boja koje odgovaraju va\u0161em raspolo\u017eenju <\/li>\n<li>Mo\u017ee se koristiti kao prenosiva, zidna ili stoje\u0107a lampica <\/li>\n<li>U\u017eivajte u svetlu do 8 sati sa jednim punjenjem <\/li>\n<li>Potrebno je 3,5 sati za potpuno punjenje <\/li>\n<li>Idealna poklon za ljubitelje igara<\/li>\n<\/ul><\/div>\n","protected":false},"excerpt":{"rendered":"<p>\u017divopisni re\u017eimi promene boje |Umiruju\u0107e, nenametljivo ambijentalno svetlo |Izdr\u017eljiv visokokvalitetni plastika |Dizajn prilago\u0111en deci|Dimenzije proizvoda: 28 cm x 5.5 cm |Punjenje: USB-C kabl (uklju\u010den) |Boje za prebacivanje: crvena, zelena, plava, \u017euta, ljubi\u010dasta, svetloplava, roze |Opremljen otvorom za jednostavno montiranje na zid<\/p>\n","protected":false},"featured_media":38556,"template":"","meta":[],"product_cat":[23,21],"product_tag":[],"acf":[],"_links":{"self":[{"href":"https:\/\/smania.store\/rs\/wp-json\/wp\/v2\/product\/38568"}],"collection":[{"href":"https:\/\/smania.store\/rs\/wp-json\/wp\/v2\/product"}],"about":[{"href":"https:\/\/smania.store\/rs\/wp-json\/wp\/v2\/types\/product"}],"wp:featuredmedia":[{"embeddable":true,"href":"https:\/\/smania.store\/rs\/wp-json\/wp\/v2\/media\/38556"}],"wp:attachment":[{"href":"https:\/\/smania.store\/rs\/wp-json\/wp\/v2\/media?parent=38568"}],"wp:term":[{"taxonomy":"product_cat","embeddable":true,"href":"https:\/\/smania.store\/rs\/wp-json\/wp\/v2\/product_cat?post=38568"},{"taxonomy":"product_tag","embeddable":true,"href":"https:\/\/smania.store\/rs\/wp-json\/wp\/v2\/product_tag?post=38568"}],"curies":[{"name":"wp","href":"https:\/\/api.w.org\/{rel}","templated":true}]}}