{"id":38531,"date":"2026-01-09T12:06:03","date_gmt":"2026-01-09T11:06:03","guid":{"rendered":"https:\/\/smania.store\/rs\/proizvod\/nutcracker-2-u-1-otvarac-za-kestene-i-orahe\/"},"modified":"2026-01-09T12:06:03","modified_gmt":"2026-01-09T11:06:03","slug":"nutcracker-2-u-1-otvarac-za-kestene-i-orahe","status":"publish","type":"product","link":"https:\/\/smania.store\/rs\/proizvod\/nutcracker-2-u-1-otvarac-za-kestene-i-orahe\/","title":{"rendered":"NutCracker\u2122 2 u 1 otvara\u010d za kestene i orahe"},"content":{"rendered":"<div class=\"smania_landing_description_title\">NOVO: Alat za krckanje oraha bez napora<\/div>\n<div class=\"smania_landing_description_txt\">Lako pucanje za nekoliko sekundi!<\/div>\n<div class=\"smania_landing_description_subtitle\">Predstavljamo vam NutCracker\u2122 \u2013 vrhunski krckalica za orahe koju ste \u010dekali! Recite zbogom tvrdokornim ljuskama i pozdravite ukusne orahe za nekoliko sekundi.<\/div>\n<div class=\"smania_landing_description_list\">\n<ul>\n<li>Konusni oblik odgovara svim orahovima<\/li>\n<li>Visokokvalitetna konstrukcija od ner\u0111aju\u0107eg \u010delika<\/li>\n<li>Ergonomski dizajn sa oprugom<\/li>\n<li>Neklizaju\u0107a ru\u010dka za siguran hvat<\/li>\n<li>Dizajn poluge \u0161tedi trud<\/li>\n<\/ul><\/div>\n","protected":false},"excerpt":{"rendered":"<p>Jednodelni besprekorni dizajn|Otporno na r\u0111u i koroziju|Idealno za sve ora\u0161aste plodove|Brzo i lako pucanje|Boja: Srebrna|Te\u017eina: 200 g|Du\u017eina: 21 cm|Materijal: Ner\u0111aju\u0107i \u010delik<\/p>\n","protected":false},"featured_media":38519,"template":"","meta":[],"product_cat":[223],"product_tag":[1523],"acf":[],"_links":{"self":[{"href":"https:\/\/smania.store\/rs\/wp-json\/wp\/v2\/product\/38531"}],"collection":[{"href":"https:\/\/smania.store\/rs\/wp-json\/wp\/v2\/product"}],"about":[{"href":"https:\/\/smania.store\/rs\/wp-json\/wp\/v2\/types\/product"}],"wp:featuredmedia":[{"embeddable":true,"href":"https:\/\/smania.store\/rs\/wp-json\/wp\/v2\/media\/38519"}],"wp:attachment":[{"href":"https:\/\/smania.store\/rs\/wp-json\/wp\/v2\/media?parent=38531"}],"wp:term":[{"taxonomy":"product_cat","embeddable":true,"href":"https:\/\/smania.store\/rs\/wp-json\/wp\/v2\/product_cat?post=38531"},{"taxonomy":"product_tag","embeddable":true,"href":"https:\/\/smania.store\/rs\/wp-json\/wp\/v2\/product_tag?post=38531"}],"curies":[{"name":"wp","href":"https:\/\/api.w.org\/{rel}","templated":true}]}}