{"id":38507,"date":"2026-01-09T12:04:22","date_gmt":"2026-01-09T11:04:22","guid":{"rendered":"https:\/\/smania.store\/rs\/proizvod\/swingjoy-viseca-decija-ljuljaska-sa-zateznom-sipkom\/"},"modified":"2026-03-05T16:49:11","modified_gmt":"2026-03-05T15:49:11","slug":"swingjoy-viseca-decija-ljuljaska-sa-zateznom-sipkom","status":"publish","type":"product","link":"https:\/\/smania.store\/rs\/proizvod\/swingjoy-viseca-decija-ljuljaska-sa-zateznom-sipkom\/","title":{"rendered":"SwingJoy\u2122 vise\u0107a de\u010dija ljulja\u0161ka sa zateznom \u0161ipkom"},"content":{"rendered":"<div class=\"smania_landing_description_title\">NOVO: Ultimativni zamah<\/div>\n<div class=\"smania_landing_description_txt\">Prika\u010di ga. Zamahni. Bilo gde.<\/div>\n<div class=\"smania_landing_description_subtitle\">SwingJoy\u2122 donosi vreme za igru na va\u0161a vrata \u2014 bez bu\u0161enja, bez muke. Samo ga zaka\u010dite na podesivu \u0161ipku za zatezanje i neka zabava po\u010dne. Lagan, prenosiv i bezbedan za upotrebu u zatvorenom ili na otvorenom, to je najlak\u0161i na\u010din da bilo koji prostor pretvorite u zonu pogodnu za ljuljanje.<\/div>\n<div class=\"smania_landing_description_list\">\n<ul>\n<li>Nije potreban alat \u2014 brzo pode\u0161avanje pomo\u0107u zatezne \u0161ipke<\/li>\n<li>Bezbedno i \u010dvrsto \u2014 sigurnosni pojas i glatko drvo<\/li>\n<li>Za uzrast od 6 meseci do 8 godina \u2014 raste sa va\u0161im detetom<\/li>\n<li>Poja\u010dava ravnote\u017eu i smirenost \u2014 podr\u017eava zdrav razvoj<\/li>\n<li>Koristite bilo gde \u2014 u zatvorenom prostoru, na vratima ili na otvorenom.<\/li>\n<\/ul><\/div>\n","protected":false},"excerpt":{"rendered":"<p>Pode\u0161avanje bez alata|Bezbedan i robustan dizajn|Podr\u017eava do 100 kg|Odli\u010dno za vrata i unutra\u0161nju upotrebu|Dimenzije: 35 \u00d7 35 \u00d7 29 cm|\u0160irina upravlja\u010da: podesiva od 73\u201395 cm|Materijal: Metalni okvir, sedi\u0161te od poliestera|Boja: Plava<\/p>\n","protected":false},"featured_media":38496,"template":"","meta":[],"product_cat":[16,17],"product_tag":[1550],"acf":[],"_links":{"self":[{"href":"https:\/\/smania.store\/rs\/wp-json\/wp\/v2\/product\/38507"}],"collection":[{"href":"https:\/\/smania.store\/rs\/wp-json\/wp\/v2\/product"}],"about":[{"href":"https:\/\/smania.store\/rs\/wp-json\/wp\/v2\/types\/product"}],"wp:featuredmedia":[{"embeddable":true,"href":"https:\/\/smania.store\/rs\/wp-json\/wp\/v2\/media\/38496"}],"wp:attachment":[{"href":"https:\/\/smania.store\/rs\/wp-json\/wp\/v2\/media?parent=38507"}],"wp:term":[{"taxonomy":"product_cat","embeddable":true,"href":"https:\/\/smania.store\/rs\/wp-json\/wp\/v2\/product_cat?post=38507"},{"taxonomy":"product_tag","embeddable":true,"href":"https:\/\/smania.store\/rs\/wp-json\/wp\/v2\/product_tag?post=38507"}],"curies":[{"name":"wp","href":"https:\/\/api.w.org\/{rel}","templated":true}]}}