{"id":38479,"date":"2026-01-09T12:01:07","date_gmt":"2026-01-09T11:01:07","guid":{"rendered":"https:\/\/smania.store\/rs\/proizvod\/flexguard-tecni-elektricni-trak\/"},"modified":"2026-04-07T09:07:53","modified_gmt":"2026-04-07T07:07:53","slug":"flexguard-tecni-elektricni-trak","status":"publish","type":"product","link":"https:\/\/smania.store\/rs\/proizvod\/flexguard-tecni-elektricni-trak\/","title":{"rendered":"FlexGuard\u2122 te\u010dni elektri\u010dni trak"},"content":{"rendered":"<div class=\"smania_landing_description_title\">NOVO: Osigurajte, Izolujte i Zape\u010datite Odmah<\/div>\n<div class=\"smania_landing_description_txt\">Revolucioni\u0161ite elektri\u010dnu sigurnost za samo nekoliko sekundi!<\/div>\n<div class=\"smania_landing_description_subtitle\"> Otkrijte mo\u0107 ultimativne za\u0161tite sa FlexGuard\u2122. Ova te\u010dna elektri\u010dna traka nudi neuporedivu izolaciju i vodootpornu za\u0161titu, \u0161to je \u010dini neophodnom za svakoga ko \u017eeli da za\u0161titi svoje elektri\u010dne veze. Laka za primenu i veoma svestrana, vreme je da zauvek zamenite zastarele re\u0161enja!<\/div>\n<div class=\"smania_landing_description_list\">\n<ul>\n<li>Superiorna izolacija i performanse zaptivanja <\/li>\n<li>Vodootporna i otporna na koroziju <\/li>\n<li>Izdr\u017eava ekstremne temperaturne oscilacije <\/li>\n<li>Fleksibilna be\u017ei\u010dna primena, nikada ne puca! <\/li>\n<li>Idealna za unutra\u0161nju i spolja\u0161nju upotrebu <\/li>\n<li>Brzo su\u0161enje: potpuno su\u0161enje za 24 sata<\/li>\n<\/ul><\/div>\n","protected":false},"excerpt":{"rendered":"<p>Stvara Zape\u010da\u0107ene Veze |\u0160titi od Elektri\u010dnih Kvarova |Bez Napora Spaja Elektronske Komponente |Sigurno i Lako za Kori\u0161\u0107enje|Zapremina: 50 ml |Pouzdana prevencija curenja |Idealno za automobilske instalacije |Produ\u017eite vek trajanja opreme<\/p>\n","protected":false},"featured_media":38902,"template":"","meta":[],"product_cat":[1959],"product_tag":[1960],"acf":[],"_links":{"self":[{"href":"https:\/\/smania.store\/rs\/wp-json\/wp\/v2\/product\/38479"}],"collection":[{"href":"https:\/\/smania.store\/rs\/wp-json\/wp\/v2\/product"}],"about":[{"href":"https:\/\/smania.store\/rs\/wp-json\/wp\/v2\/types\/product"}],"wp:featuredmedia":[{"embeddable":true,"href":"https:\/\/smania.store\/rs\/wp-json\/wp\/v2\/media\/38902"}],"wp:attachment":[{"href":"https:\/\/smania.store\/rs\/wp-json\/wp\/v2\/media?parent=38479"}],"wp:term":[{"taxonomy":"product_cat","embeddable":true,"href":"https:\/\/smania.store\/rs\/wp-json\/wp\/v2\/product_cat?post=38479"},{"taxonomy":"product_tag","embeddable":true,"href":"https:\/\/smania.store\/rs\/wp-json\/wp\/v2\/product_tag?post=38479"}],"curies":[{"name":"wp","href":"https:\/\/api.w.org\/{rel}","templated":true}]}}