{"id":38455,"date":"2026-01-09T11:58:00","date_gmt":"2026-01-09T10:58:00","guid":{"rendered":"https:\/\/smania.store\/rs\/proizvod\/tilepaint-premium-keramicka-prevlaka-za-plocice-300-g\/"},"modified":"2026-03-26T11:44:18","modified_gmt":"2026-03-26T10:44:18","slug":"tilepaint-premium-keramicka-prevlaka-za-plocice-300-g","status":"publish","type":"product","link":"https:\/\/smania.store\/rs\/proizvod\/tilepaint-premium-keramicka-prevlaka-za-plocice-300-g\/","title":{"rendered":"TilePaint\u2122 Premium kerami\u010dka prevlaka za plo\u010dice (300 g)"},"content":{"rendered":"<div class=\"smania_landing_description_title\">NOVO: Revolucionarna Transformacija Kade i Plo\u010dica<\/div>\n<div class=\"smania_landing_description_txt\">Transformi\u0161ite svoje plo\u010dice bez ru\u0161enja!<\/div>\n<div class=\"smania_landing_description_subtitle\">Osve\u017eite umorne plo\u010dice i podove sa TilePaint\u2122\u2014samoizravnavaju\u0107im, otpornim na vlagu premazom koji se dr\u017ei \u010dak i na klizavim, sjajnim povr\u0161inama gde obi\u010dne boje ne uspevaju. Lako unapredite kupatila, kuhinje i jo\u0161 mnogo toga bez potrebe za demonta\u017eom, za profesionalan izgled koji ostaje lep i izdr\u017eljiv godinama.<\/div>\n<div class=\"smania_landing_description_list\">\n<ul>\n<li>Sna\u017eno prianjanje na sjajnim plo\u010dicama<\/li>\n<li>Idealno za zidove, podove i za\u0161titne obloge<\/li>\n<li>Smola pogodna za keramiku za dugotrajne rezultate<\/li>\n<li>Otporna na mikropukotine i odlamanje<\/li>\n<li>Savr\u0161ena za niske i unutra\u0161nje prostore<\/li>\n<li>Izravnava se u glatku, modernu zavr\u0161nu obradu<\/li>\n<\/ul><\/div>\n","protected":false},"excerpt":{"rendered":"<p>Dugotrajni izdr\u017eljivi premaz|Brzo su\u0161enje za trenutne rezultate|Minimizuje tro\u0161kove renoviranja|Pove\u0107ava sjaj i glatko\u0107u povr\u0161ine|Varijacije boja: plava, zelena, bela, siva, be\u017e|Zavr\u0161na obrada: Visoki sjaj, otporna na ogrebotine|Primena: Kerami\u010dke plo\u010dice, staklo, keramika, mermer, itd.|Zapremina: 300 g (pokrivnost oko 3 m\u00b2)<\/p>\n","protected":false},"featured_media":38446,"template":"","meta":[],"product_cat":[16,1959],"product_tag":[1960,1485],"acf":[],"_links":{"self":[{"href":"https:\/\/smania.store\/rs\/wp-json\/wp\/v2\/product\/38455"}],"collection":[{"href":"https:\/\/smania.store\/rs\/wp-json\/wp\/v2\/product"}],"about":[{"href":"https:\/\/smania.store\/rs\/wp-json\/wp\/v2\/types\/product"}],"wp:featuredmedia":[{"embeddable":true,"href":"https:\/\/smania.store\/rs\/wp-json\/wp\/v2\/media\/38446"}],"wp:attachment":[{"href":"https:\/\/smania.store\/rs\/wp-json\/wp\/v2\/media?parent=38455"}],"wp:term":[{"taxonomy":"product_cat","embeddable":true,"href":"https:\/\/smania.store\/rs\/wp-json\/wp\/v2\/product_cat?post=38455"},{"taxonomy":"product_tag","embeddable":true,"href":"https:\/\/smania.store\/rs\/wp-json\/wp\/v2\/product_tag?post=38455"}],"curies":[{"name":"wp","href":"https:\/\/api.w.org\/{rel}","templated":true}]}}