{"id":37693,"date":"2025-10-13T05:10:07","date_gmt":"2025-10-13T03:10:07","guid":{"rendered":"https:\/\/smania.store\/rs\/proizvod\/fleksibilna-poliurea-zaptivaca-groutpro-1-kg\/"},"modified":"2026-05-01T08:51:26","modified_gmt":"2026-05-01T06:51:26","slug":"fleksibilna-poliurea-zaptivaca-groutpro-1-kg","status":"publish","type":"product","link":"https:\/\/smania.store\/rs\/proizvod\/fleksibilna-poliurea-zaptivaca-groutpro-1-kg\/","title":{"rendered":"Fleksibilna poliurea zaptiva\u010da GroutPro\u2122 (1 kg)"},"content":{"rendered":"<div class=\"smania_landing_description_title\">Neverovatna inovacija! Savr\u0161en zaptiva\u010d za zidove i fuge!<\/div>\n<div class=\"smania_landing_description_txt\">Lako zaptite pukotine sa izdr\u017eljivim i fleksibilnim zaptiva\u010dem za nekoliko minuta!<\/div>\n<div class=\"smania_landing_description_subtitle\">Zaboravite na curenje i pukotine! Sa na\u0161im GroutPro\u2122 zaptiva\u010dem, brzo c\u0301ete re\u0161iti sve probleme sa napuklim zidovima, spojevima i curenjem. Ovaj revolucionarni polimerni zaptiva\u010d od poliuree nudi vodootpornu za\u0161titu i pouzdanost godinama. Ne \u010dekajte, u\u010dinite svoj dom nepropusnim!<\/div>\n<div class=\"smania_landing_description_list\">\n<ul>\n<li>Koristi se za zaptivanje pukotina i dilatacionih spojeva<\/li>\n<li>Trenutno i dugotrajno zaptivanje<\/li>\n<li>Vodootporan i otporan na vremenske uslove<\/li>\n<li>Lako se primenjuje, nema potrebe za stru\u010dnjakom<\/li>\n<li>Pogodno za unutra\u0161nju i spolja\u0161nju upotrebu<\/li>\n<li>Veoma elasti\u010dan i izdr\u017eljiv<\/li>\n<\/ul><\/div>\n","protected":false},"excerpt":{"rendered":"<p>Otporan na ekstremne temperature|Otporan na pritisak, ne deformi\u0161e se i ne puca|Vodootporan i otporan na vremenske uslove|Bezbedan za upotrebu na svim povr\u0161inama|Za\u0161tita od vlage i bu\u0111i|Visoko elasti\u010dna formula protiv starenja|Netoksi\u010dan, bez mirisa i bezbedan za ljude i kuc\u0301ne ljubimce|Visoka efikasnost i pouzdanost za dugotrajne popravke|Savr\u0161eno za profesionalnu i kuc\u0301nu upotrebu|Idealno za popravke i renoviranje|Brzo vezivanje, bez skupljanja|Pogodno za suvu primenu|Bezbednije i bezopasnije|Sadr\u017eaj: 1 kg (dovoljno za 1 do 2 m2 u zavisnosti od debljine sloja, \u0161irine i dubine pukotina)<\/p>\n","protected":false},"featured_media":37681,"template":"","meta":[],"product_cat":[1959],"product_tag":[1961],"acf":[],"_links":{"self":[{"href":"https:\/\/smania.store\/rs\/wp-json\/wp\/v2\/product\/37693"}],"collection":[{"href":"https:\/\/smania.store\/rs\/wp-json\/wp\/v2\/product"}],"about":[{"href":"https:\/\/smania.store\/rs\/wp-json\/wp\/v2\/types\/product"}],"wp:featuredmedia":[{"embeddable":true,"href":"https:\/\/smania.store\/rs\/wp-json\/wp\/v2\/media\/37681"}],"wp:attachment":[{"href":"https:\/\/smania.store\/rs\/wp-json\/wp\/v2\/media?parent=37693"}],"wp:term":[{"taxonomy":"product_cat","embeddable":true,"href":"https:\/\/smania.store\/rs\/wp-json\/wp\/v2\/product_cat?post=37693"},{"taxonomy":"product_tag","embeddable":true,"href":"https:\/\/smania.store\/rs\/wp-json\/wp\/v2\/product_tag?post=37693"}],"curies":[{"name":"wp","href":"https:\/\/api.w.org\/{rel}","templated":true}]}}