{"id":37680,"date":"2025-10-13T05:04:13","date_gmt":"2025-10-13T03:04:13","guid":{"rendered":"https:\/\/smania.store\/rs\/proizvod\/cromius-hromirana-boja-u-spreju\/"},"modified":"2026-04-09T08:04:57","modified_gmt":"2026-04-09T06:04:57","slug":"cromius-hromirana-boja-u-spreju","status":"publish","type":"product","link":"https:\/\/smania.store\/rs\/proizvod\/cromius-hromirana-boja-u-spreju\/","title":{"rendered":"CROMIUS\u2122 hromirana boja u spreju"},"content":{"rendered":"<div class=\"smania_landing_description_title\">NOVO: Metalni sjaj za sve povr\u0161ine<\/div>\n<div class=\"smania_landing_description_txt\">O\u017eivite bilo koju povr\u0161inu samo jednim prolazom!<\/div>\n<div class=\"smania_landing_description_subtitle\">Otkrijte CHROMIUS\u2122, revolucionarnu boju stvorenu da transformi\u0161e i za\u0161titi bilo koju povr\u0161inu. Sa neodoljivim metalik efektom, ova visokokvalitetna boja proizvedena u Britaniji otporna je na koroziju i visoke temperature, obezbe\u0111ujuc\u0301i besprekoran i dugotrajan izgled. Savr\u0161eno za one koji \u017eele profesionalne rezultate bez napora. Ne propustite priliku da unesete da\u0161ak elegancije na svoje povr\u0161ine!<\/div>\n<div class=\"smania_landing_description_list\">\n<ul>\n<li>Vrhunska otpornost na koroziju<\/li>\n<li>Sjajna i sofisticirana zavr\u0161na obrada<\/li>\n<li>Brza i laka primena<\/li>\n<li>Savr\u0161eno za metal, drvo, staklo i jo\u0161 mnogo toga<\/li>\n<li>Izdr\u017eava do 90\u00b0C bez bledenja<\/li>\n<li>Izuzetna svestranost za unutra\u0161nju i spolja\u0161nju upotrebu<\/li>\n<\/ul><\/div>\n","protected":false},"excerpt":{"rendered":"<p>Transformi\u0161e stari name\u0161taj|Dodajte stil svom domu|Zagarantovan kvalitet|Savr\u0161eno za kreativne \u201euradi sam\u201c.|Dugotrajna za\u0161tita|Zagarantovan metalik efekat|Idealno za umetni\u010dke projekte|Nikada vi\u0161e ne zatamnite povr\u0161ine|Zapremina: 450 ml<\/p>\n","protected":false},"featured_media":37670,"template":"","meta":[],"product_cat":[1959],"product_tag":[1960],"acf":[],"_links":{"self":[{"href":"https:\/\/smania.store\/rs\/wp-json\/wp\/v2\/product\/37680"}],"collection":[{"href":"https:\/\/smania.store\/rs\/wp-json\/wp\/v2\/product"}],"about":[{"href":"https:\/\/smania.store\/rs\/wp-json\/wp\/v2\/types\/product"}],"wp:featuredmedia":[{"embeddable":true,"href":"https:\/\/smania.store\/rs\/wp-json\/wp\/v2\/media\/37670"}],"wp:attachment":[{"href":"https:\/\/smania.store\/rs\/wp-json\/wp\/v2\/media?parent=37680"}],"wp:term":[{"taxonomy":"product_cat","embeddable":true,"href":"https:\/\/smania.store\/rs\/wp-json\/wp\/v2\/product_cat?post=37680"},{"taxonomy":"product_tag","embeddable":true,"href":"https:\/\/smania.store\/rs\/wp-json\/wp\/v2\/product_tag?post=37680"}],"curies":[{"name":"wp","href":"https:\/\/api.w.org\/{rel}","templated":true}]}}