{"id":37669,"date":"2025-10-13T05:03:30","date_gmt":"2025-10-13T03:03:30","guid":{"rendered":"https:\/\/smania.store\/rs\/proizvod\/paintstripper-sprej-za-uklanjanje-metalne-boje\/"},"modified":"2026-04-13T11:06:16","modified_gmt":"2026-04-13T09:06:16","slug":"paintstripper-sprej-za-uklanjanje-metalne-boje","status":"publish","type":"product","link":"https:\/\/smania.store\/rs\/proizvod\/paintstripper-sprej-za-uklanjanje-metalne-boje\/","title":{"rendered":"PAINTSTRIPPER\u2122 sprej za uklanjanje metalne boje"},"content":{"rendered":"<div class=\"smania_landing_description_title\">NOVO: Sredstvo za uklanjanje boje i lakova<\/div>\n<div class=\"smania_landing_description_txt\">Transformi\u0161ite povr\u0161ine za sekunde!<\/div>\n<div class=\"smania_landing_description_subtitle\">Umorni ste od starih obojenih povr\u0161ina koje uni\u0161tavaju va\u0161 prostor? Sa PAINTSTRIPPER\u2122 sprejom za skidanje boje metala mo\u017eete transformisati metal, drvo i ciglu u samo nekoliko poteza. Recite zbogom haosu tradicionalnog skidanja sa na\u0161om formulom gela otpornog na kapanje. Dobijte besprekorne rezultate bez napora sa na\u0161im moc\u0301nim industrijskim aerosolom. Ne \u010dekajte, revolucioni\u0161ite svoje prostore vec\u0301 danas!<\/div>\n<div class=\"smania_landing_description_list\">\n<ul>\n<li>Visoka industrijska snaga za brze rezultate<\/li>\n<li>Pogodno za metale, tako\u0111e radi na drvetu i cigli<\/li>\n<li>Formula gela koja se ne izliva<\/li>\n<li>Lako nano\u0161enje sa aerosol sprejom<\/li>\n<li>Uklanja boju, lak i lepkove<\/li>\n<li>Tako\u0111e kompatibilan sa vertikalnim povr\u0161inama<\/li>\n<\/ul><\/div>\n","protected":false},"excerpt":{"rendered":"<p>Uklanja boju za samo nekoliko sati|Savr\u0161eno za tvrdoglavu boju|Idealan na metalu, tako\u0111e radi na betonu, plo\u010dicama i drvetu|Rezultati bez problema|Brz i efikasan efekat|Promenite izgled svojih soba|Daje \u010distu zavr\u0161nicu|Svestran na mnogim povr\u0161inama|Zapremina: 450 ml<\/p>\n","protected":false},"featured_media":37656,"template":"","meta":[],"product_cat":[16,1959],"product_tag":[1962],"acf":[],"_links":{"self":[{"href":"https:\/\/smania.store\/rs\/wp-json\/wp\/v2\/product\/37669"}],"collection":[{"href":"https:\/\/smania.store\/rs\/wp-json\/wp\/v2\/product"}],"about":[{"href":"https:\/\/smania.store\/rs\/wp-json\/wp\/v2\/types\/product"}],"wp:featuredmedia":[{"embeddable":true,"href":"https:\/\/smania.store\/rs\/wp-json\/wp\/v2\/media\/37656"}],"wp:attachment":[{"href":"https:\/\/smania.store\/rs\/wp-json\/wp\/v2\/media?parent=37669"}],"wp:term":[{"taxonomy":"product_cat","embeddable":true,"href":"https:\/\/smania.store\/rs\/wp-json\/wp\/v2\/product_cat?post=37669"},{"taxonomy":"product_tag","embeddable":true,"href":"https:\/\/smania.store\/rs\/wp-json\/wp\/v2\/product_tag?post=37669"}],"curies":[{"name":"wp","href":"https:\/\/api.w.org\/{rel}","templated":true}]}}