{"id":37642,"date":"2025-10-13T05:01:50","date_gmt":"2025-10-13T03:01:50","guid":{"rendered":"https:\/\/smania.store\/rs\/proizvod\/resenje-za-popravku-i-zavrsnu-obradu-visokog-sjaja-autogloss\/"},"modified":"2026-04-10T17:19:03","modified_gmt":"2026-04-10T15:19:03","slug":"resenje-za-popravku-i-zavrsnu-obradu-visokog-sjaja-autogloss","status":"publish","type":"product","link":"https:\/\/smania.store\/rs\/proizvod\/resenje-za-popravku-i-zavrsnu-obradu-visokog-sjaja-autogloss\/","title":{"rendered":"Re\u0161enje za popravku i zavr\u0161nu obradu visokog sjaja AutoGloss"},"content":{"rendered":"<div class=\"smania_landing_description_title\">NOVO! AutoGloss \u2013 Re\u0161enje za popravku i zavr\u0161nu obradu visokog sjaja<\/div>\n<div class=\"smania_landing_description_txt\">Inovativna 3-u-1 formula ispunjava ogrebotine i nesavr\u0161enosti!<\/div>\n<div class=\"smania_landing_description_subtitle\">AutoGloss je savr\u0161eno 3-u-1 re\u0161enje za va\u0161e vozilo! Ovaj samorazlivajuc\u0301i za\u0161titni premaz visokih performansi ne samo da popravlja povr\u0161inske nesavr\u0161enosti, vec\u0301 tako\u0111e pru\u017ea visok sjaj i dugotrajnu za\u0161titu!\ud83d\ude97\u2728\u2728<\/div>\n<div class=\"smania_landing_description_list\">\n<ul>\n<li>Bez napora zagla\u0111uje i popunjava nesavr\u0161enosti povr\u0161ine<\/li>\n<li>Podvla\u010di dubinu i bogatstvo boja<\/li>\n<li>Pru\u017ea UV za\u0161titu i spre\u010dava r\u0111u<\/li>\n<li>Brzo i efikasno re\u0161enje za vrac\u0301anje besprekornog izgleda va\u0161eg automobila<\/li>\n<li>Nisu potrebne profesionalne usluge<\/li>\n<\/ul><\/div>\n","protected":false},"excerpt":{"rendered":"<p>Izdr\u017eljiv premaz koji \u0161titi va\u0161 automobil od UV zra\u010denja i r\u0111e|Vrac\u0301a sjaj i bogatstvo boje va\u0161eg vozila|Zagla\u0111uje i popunjava povr\u0161inske ogrebotine i nepravilnosti|Dugotrajni efekti|Jednostavan za upotrebu: nanesite na povr\u0161inu vozila sun\u0111erom|Zapremina: 150 ml|Rok upotrebe: 3 godine<\/p>\n","protected":false},"featured_media":37631,"template":"","meta":[],"product_cat":[18,1959],"product_tag":[1963,1483],"acf":[],"_links":{"self":[{"href":"https:\/\/smania.store\/rs\/wp-json\/wp\/v2\/product\/37642"}],"collection":[{"href":"https:\/\/smania.store\/rs\/wp-json\/wp\/v2\/product"}],"about":[{"href":"https:\/\/smania.store\/rs\/wp-json\/wp\/v2\/types\/product"}],"wp:featuredmedia":[{"embeddable":true,"href":"https:\/\/smania.store\/rs\/wp-json\/wp\/v2\/media\/37631"}],"wp:attachment":[{"href":"https:\/\/smania.store\/rs\/wp-json\/wp\/v2\/media?parent=37642"}],"wp:term":[{"taxonomy":"product_cat","embeddable":true,"href":"https:\/\/smania.store\/rs\/wp-json\/wp\/v2\/product_cat?post=37642"},{"taxonomy":"product_tag","embeddable":true,"href":"https:\/\/smania.store\/rs\/wp-json\/wp\/v2\/product_tag?post=37642"}],"curies":[{"name":"wp","href":"https:\/\/api.w.org\/{rel}","templated":true}]}}