{"id":37622,"date":"2025-10-13T05:00:18","date_gmt":"2025-10-13T03:00:18","guid":{"rendered":"https:\/\/smania.store\/rs\/proizvod\/coraltime-sat\/"},"modified":"2025-10-13T05:00:40","modified_gmt":"2025-10-13T03:00:40","slug":"coraltime-sat","status":"publish","type":"product","link":"https:\/\/smania.store\/rs\/proizvod\/coraltime-sat\/","title":{"rendered":"Coraltime sat"},"content":{"rendered":"<div class=\"smania_landing_description_title\">NOVO! Coraltime SAT<\/div>\n<div class=\"smania_landing_description_txt\">Predivan klasi\u010dan sat!<\/div>\n<div class=\"smania_landing_description_subtitle\">Nosite Coraltime sat i odu\u0161evite svakoga va\u0161im prefinjenim stilom. Ovaj klasi\u010dni sat ima podesiv metalni kai\u0161 i jedinstvenu boju sata.<\/div>\n<div class=\"smania_landing_description_list\">\n<ul>\n<li>Lagan i udoban za no\u0161enje<\/li>\n<li>3 ATM vodootporan<\/li>\n<li>Luksuzan dizajn<\/li>\n<li>Fleksibilan i podesiv metalni kai\u0161<\/li>\n<li>Tanki mehanizam sata za elegantan izgled<\/li>\n<\/ul><\/div>\n","protected":false},"excerpt":{"rendered":"<p>Savr\u0161en za svakodnevno no\u0161enje|Udoban i podesiv kai\u0161|3 ATM vodootporan|Materijal: Ner\u0111aju\u0107i \u010delik|Pre\u010dnik sata: 42 mm|Du\u017eina kai\u0161a: 240 mm<\/p>\n","protected":false},"featured_media":37615,"template":"","meta":[],"product_cat":[22],"product_tag":[1847],"acf":[],"_links":{"self":[{"href":"https:\/\/smania.store\/rs\/wp-json\/wp\/v2\/product\/37622"}],"collection":[{"href":"https:\/\/smania.store\/rs\/wp-json\/wp\/v2\/product"}],"about":[{"href":"https:\/\/smania.store\/rs\/wp-json\/wp\/v2\/types\/product"}],"wp:featuredmedia":[{"embeddable":true,"href":"https:\/\/smania.store\/rs\/wp-json\/wp\/v2\/media\/37615"}],"wp:attachment":[{"href":"https:\/\/smania.store\/rs\/wp-json\/wp\/v2\/media?parent=37622"}],"wp:term":[{"taxonomy":"product_cat","embeddable":true,"href":"https:\/\/smania.store\/rs\/wp-json\/wp\/v2\/product_cat?post=37622"},{"taxonomy":"product_tag","embeddable":true,"href":"https:\/\/smania.store\/rs\/wp-json\/wp\/v2\/product_tag?post=37622"}],"curies":[{"name":"wp","href":"https:\/\/api.w.org\/{rel}","templated":true}]}}