{"id":37584,"date":"2025-10-13T04:58:31","date_gmt":"2025-10-13T02:58:31","guid":{"rendered":"https:\/\/smania.store\/rs\/proizvod\/madambonnet-satenski-poklopac\/"},"modified":"2025-10-13T04:58:31","modified_gmt":"2025-10-13T02:58:31","slug":"madambonnet-satenski-poklopac","status":"publish","type":"product","link":"https:\/\/smania.store\/rs\/proizvod\/madambonnet-satenski-poklopac\/","title":{"rendered":"MadamBonnet\u2122 satenski poklopac"},"content":{"rendered":"<div class=\"smania_landing_description_title\">NOVO! Satenski \u0161e\u0161ir za spavanje za za\u0161titu kose<\/div>\n<div class=\"smania_landing_description_txt\">Za\u0161titite kosu od lomljenja i odr\u017eavajte je zdravom i svilenkastom<\/div>\n<div class=\"smania_landing_description_subtitle\">Sa \u0161irokom, dugom elasti\u010dnom trakom, MadamBonnet\u2122 \u0107e ostati na mestu dok se kre\u0107ete u snu i \u0161titi\u0107e va\u0161u kosu tokom cele no\u0107i. Svilenkasto mekani materijal MadamBonnet\u2122 \u0107e vam omogu\u0107iti da budete udobni za produ\u017eenu upotrebu. Probudite se sa stilom uz MadamBonnet\u2122 satenski \u0161e\u0161ir.<\/div>\n<div class=\"smania_landing_description_list\">\n<ul>\n<li>Odr\u017eava va\u0161u kosu zdravom i svilenkastom<\/li>\n<li>Ostaje na mestu cele no\u0107i<\/li>\n<li>\u0160titi kosu od o\u0161te\u0107enja i zapetljavanja<\/li>\n<li>Odr\u017eava va\u0161u frizuru u redu<\/li>\n<li>Mekana i ne\u017ena za ko\u017eu i kosu<\/li>\n<li>Prozra\u010dni materijal i udoban za no\u0161enje<\/li>\n<li>Savr\u0161eno za obimnu kosu, kratku\/dugu kosu, kovrd\u017eavu kosu, pletenice itd.<\/li>\n<\/ul><\/div>\n","protected":false},"excerpt":{"rendered":"<p>Spre\u010dava zapetljavanje, lomljenje, kovr\u010danje i obezbe\u0111uje manje suvo\u0107e|Elasti\u010dna \u0161iroka traka ga dr\u017ei na mestu|Glatka, mekana i prozra\u010dna|Neupijaju\u0107a tkanina, zadr\u017eava ulja u kosi i zadr\u017eava vlagu|Dvostruki slojevi svilenog satena|Pogodno za sve vrste kose i frizure|Savr\u0161eno za spavanje ili rutine lepote|Otporan na vodu i pra\u0161inu|Podesiv obim i lako se stavlja|Jedna veli\u010dina, udobno odgovara ve\u0107ini glava|Veli\u010dina: pribl. 42 x 55 cm|Tip tkanine: saten (poliester)|Boja: crna|Uputstva za negu: perite samo ru\u010dno, ne su\u0161ite u ma\u0161ini<\/p>\n","protected":false},"featured_media":37573,"template":"","meta":[],"product_cat":[19],"product_tag":[1501,1502],"acf":[],"_links":{"self":[{"href":"https:\/\/smania.store\/rs\/wp-json\/wp\/v2\/product\/37584"}],"collection":[{"href":"https:\/\/smania.store\/rs\/wp-json\/wp\/v2\/product"}],"about":[{"href":"https:\/\/smania.store\/rs\/wp-json\/wp\/v2\/types\/product"}],"wp:featuredmedia":[{"embeddable":true,"href":"https:\/\/smania.store\/rs\/wp-json\/wp\/v2\/media\/37573"}],"wp:attachment":[{"href":"https:\/\/smania.store\/rs\/wp-json\/wp\/v2\/media?parent=37584"}],"wp:term":[{"taxonomy":"product_cat","embeddable":true,"href":"https:\/\/smania.store\/rs\/wp-json\/wp\/v2\/product_cat?post=37584"},{"taxonomy":"product_tag","embeddable":true,"href":"https:\/\/smania.store\/rs\/wp-json\/wp\/v2\/product_tag?post=37584"}],"curies":[{"name":"wp","href":"https:\/\/api.w.org\/{rel}","templated":true}]}}